{"id":8960,"date":"2025-11-07T15:01:21","date_gmt":"2025-11-07T15:01:21","guid":{"rendered":"https:\/\/marglotexmodaf.co\/?post_type=product&#038;p=8960"},"modified":"2026-03-06T23:45:49","modified_gmt":"2026-03-06T23:45:49","slug":"blusa-arandela","status":"publish","type":"product","link":"https:\/\/marglotexmodaf.co\/index.php\/producto\/blusa-arandela\/","title":{"rendered":"Blusa Arandela Couture"},"content":{"rendered":"\t\t<div data-elementor-type=\"wp-post\" data-elementor-id=\"8960\" class=\"elementor elementor-8960\" data-elementor-post-type=\"product\">\n\t\t\t\t\t\t<section class=\"elementor-section elementor-top-section elementor-element elementor-element-d0db72b elementor-section-boxed elementor-section-height-default elementor-section-height-default\" data-id=\"d0db72b\" data-element_type=\"section\" data-e-type=\"section\">\n\t\t\t\t\t\t<div class=\"elementor-container elementor-column-gap-default\">\n\t\t\t\t\t<div class=\"elementor-column elementor-col-25 elementor-top-column elementor-element elementor-element-308146a\" data-id=\"308146a\" data-element_type=\"column\" data-e-type=\"column\">\n\t\t\t<div class=\"elementor-widget-wrap elementor-element-populated\">\n\t\t\t\t\t\t<div class=\"elementor-element elementor-element-941659b elementor-widget elementor-widget-image\" data-id=\"941659b\" data-element_type=\"widget\" data-e-type=\"widget\" data-widget_type=\"image.default\">\n\t\t\t\t<div class=\"elementor-widget-container\">\n\t\t\t\t\t\t\t\t\t\t\t\t\t\t\t<img fetchpriority=\"high\" decoding=\"async\" width=\"1024\" height=\"1024\" src=\"https:\/\/marglotexmodaf.co\/wp-content\/uploads\/2025\/11\/CATALOGO-RF0011-1024x1024.jpg\" class=\"attachment-large size-large wp-image-11208\" alt=\"\" srcset=\"https:\/\/marglotexmodaf.co\/wp-content\/uploads\/2025\/11\/CATALOGO-RF0011-1024x1024.jpg 1024w, https:\/\/marglotexmodaf.co\/wp-content\/uploads\/2025\/11\/CATALOGO-RF0011-300x300.jpg 300w, https:\/\/marglotexmodaf.co\/wp-content\/uploads\/2025\/11\/CATALOGO-RF0011-150x150.jpg 150w, https:\/\/marglotexmodaf.co\/wp-content\/uploads\/2025\/11\/CATALOGO-RF0011-768x768.jpg 768w, https:\/\/marglotexmodaf.co\/wp-content\/uploads\/2025\/11\/CATALOGO-RF0011-1536x1536.jpg 1536w, https:\/\/marglotexmodaf.co\/wp-content\/uploads\/2025\/11\/CATALOGO-RF0011-600x600.jpg 600w, https:\/\/marglotexmodaf.co\/wp-content\/uploads\/2025\/11\/CATALOGO-RF0011-100x100.jpg 100w, https:\/\/marglotexmodaf.co\/wp-content\/uploads\/2025\/11\/CATALOGO-RF0011-50x50.jpg 50w, https:\/\/marglotexmodaf.co\/wp-content\/uploads\/2025\/11\/CATALOGO-RF0011.jpg 1890w\" sizes=\"(max-width: 1024px) 100vw, 1024px\" \/>\t\t\t\t\t\t\t\t\t\t\t\t\t\t\t<\/div>\n\t\t\t\t<\/div>\n\t\t\t\t\t<\/div>\n\t\t<\/div>\n\t\t\t\t<div class=\"elementor-column elementor-col-50 elementor-top-column elementor-element elementor-element-0d6362b\" data-id=\"0d6362b\" data-element_type=\"column\" data-e-type=\"column\">\n\t\t\t<div class=\"elementor-widget-wrap elementor-element-populated\">\n\t\t\t\t\t\t<div class=\"elementor-element elementor-element-ee13cad elementor-widget elementor-widget-image\" data-id=\"ee13cad\" data-element_type=\"widget\" data-e-type=\"widget\" data-widget_type=\"image.default\">\n\t\t\t\t<div class=\"elementor-widget-container\">\n\t\t\t\t\t\t\t\t\t\t\t\t\t\t\t<img decoding=\"async\" width=\"1024\" height=\"1024\" src=\"https:\/\/marglotexmodaf.co\/wp-content\/uploads\/2025\/11\/CATALOGO-RF009-1024x1024.jpg\" class=\"attachment-large size-large wp-image-11210\" alt=\"\" srcset=\"https:\/\/marglotexmodaf.co\/wp-content\/uploads\/2025\/11\/CATALOGO-RF009-1024x1024.jpg 1024w, https:\/\/marglotexmodaf.co\/wp-content\/uploads\/2025\/11\/CATALOGO-RF009-300x300.jpg 300w, https:\/\/marglotexmodaf.co\/wp-content\/uploads\/2025\/11\/CATALOGO-RF009-150x150.jpg 150w, https:\/\/marglotexmodaf.co\/wp-content\/uploads\/2025\/11\/CATALOGO-RF009-768x768.jpg 768w, https:\/\/marglotexmodaf.co\/wp-content\/uploads\/2025\/11\/CATALOGO-RF009-600x600.jpg 600w, https:\/\/marglotexmodaf.co\/wp-content\/uploads\/2025\/11\/CATALOGO-RF009-100x100.jpg 100w, https:\/\/marglotexmodaf.co\/wp-content\/uploads\/2025\/11\/CATALOGO-RF009-50x50.jpg 50w, https:\/\/marglotexmodaf.co\/wp-content\/uploads\/2025\/11\/CATALOGO-RF009.jpg 1080w\" sizes=\"(max-width: 1024px) 100vw, 1024px\" \/>\t\t\t\t\t\t\t\t\t\t\t\t\t\t\t<\/div>\n\t\t\t\t<\/div>\n\t\t\t\t\t<\/div>\n\t\t<\/div>\n\t\t\t\t<div class=\"elementor-column elementor-col-25 elementor-top-column elementor-element elementor-element-2cc0c2b\" data-id=\"2cc0c2b\" data-element_type=\"column\" data-e-type=\"column\">\n\t\t\t<div class=\"elementor-widget-wrap elementor-element-populated\">\n\t\t\t\t\t\t<div class=\"elementor-element elementor-element-35c19c3 elementor-widget elementor-widget-image\" data-id=\"35c19c3\" data-element_type=\"widget\" data-e-type=\"widget\" data-widget_type=\"image.default\">\n\t\t\t\t<div class=\"elementor-widget-container\">\n\t\t\t\t\t\t\t\t\t\t\t\t\t\t\t<img decoding=\"async\" width=\"1024\" height=\"1024\" src=\"https:\/\/marglotexmodaf.co\/wp-content\/uploads\/2025\/11\/CATALOGO-RF0010-1024x1024.jpg\" class=\"attachment-large size-large wp-image-11209\" alt=\"\" srcset=\"https:\/\/marglotexmodaf.co\/wp-content\/uploads\/2025\/11\/CATALOGO-RF0010-1024x1024.jpg 1024w, https:\/\/marglotexmodaf.co\/wp-content\/uploads\/2025\/11\/CATALOGO-RF0010-300x300.jpg 300w, https:\/\/marglotexmodaf.co\/wp-content\/uploads\/2025\/11\/CATALOGO-RF0010-150x150.jpg 150w, https:\/\/marglotexmodaf.co\/wp-content\/uploads\/2025\/11\/CATALOGO-RF0010-768x768.jpg 768w, https:\/\/marglotexmodaf.co\/wp-content\/uploads\/2025\/11\/CATALOGO-RF0010-600x600.jpg 600w, https:\/\/marglotexmodaf.co\/wp-content\/uploads\/2025\/11\/CATALOGO-RF0010-100x100.jpg 100w, https:\/\/marglotexmodaf.co\/wp-content\/uploads\/2025\/11\/CATALOGO-RF0010-50x50.jpg 50w, https:\/\/marglotexmodaf.co\/wp-content\/uploads\/2025\/11\/CATALOGO-RF0010.jpg 1080w\" sizes=\"(max-width: 1024px) 100vw, 1024px\" \/>\t\t\t\t\t\t\t\t\t\t\t\t\t\t\t<\/div>\n\t\t\t\t<\/div>\n\t\t\t\t\t<\/div>\n\t\t<\/div>\n\t\t\t\t\t<\/div>\n\t\t<\/section>\n\t\t\t\t<section class=\"elementor-section elementor-top-section elementor-element elementor-element-22884cb5 elementor-section-boxed elementor-section-height-default elementor-section-height-default\" data-id=\"22884cb5\" data-element_type=\"section\" data-e-type=\"section\">\n\t\t\t\t\t\t<div class=\"elementor-container elementor-column-gap-default\">\n\t\t\t\t\t<div class=\"elementor-column elementor-col-100 elementor-top-column elementor-element elementor-element-1c72ac3a\" data-id=\"1c72ac3a\" data-element_type=\"column\" data-e-type=\"column\">\n\t\t\t<div class=\"elementor-widget-wrap elementor-element-populated\">\n\t\t\t\t\t\t<div class=\"elementor-element elementor-element-c81a5d3 elementor-widget elementor-widget-text-editor\" data-id=\"c81a5d3\" data-element_type=\"widget\" data-e-type=\"widget\" data-widget_type=\"text-editor.default\">\n\t\t\t\t<div class=\"elementor-widget-container\">\n\t\t\t\t\t\t\t\t\t<p>\u2714 Detalle de arandela que eleva el look<br data-start=\"1902\" data-end=\"1905\" \/>\u2714 Tela premium con estructura elegante<br data-start=\"1943\" data-end=\"1946\" \/>\u2714 Ideal para oficina, eventos o cenas especiales<br data-start=\"1994\" data-end=\"1997\" \/>\u2714 Combina perfecto con pantal\u00f3n sastre o jeans elegantes<\/p>\t\t\t\t\t\t\t\t<\/div>\n\t\t\t\t<\/div>\n\t\t\t\t\t<\/div>\n\t\t<\/div>\n\t\t\t\t\t<\/div>\n\t\t<\/section>\n\t\t\t\t<\/div>\n\t\t","protected":false},"excerpt":{"rendered":"<p>Sofisticaci\u00f3n que no pasa desapercibida.<\/p>\n","protected":false},"featured_media":11205,"comment_status":"open","ping_status":"closed","template":"","meta":{"_kad_post_transparent":"default","_kad_post_title":"","_kad_post_layout":"default","_kad_post_sidebar_id":"","_kad_post_content_style":"default","_kad_post_vertical_padding":"default","_kad_post_feature":"","_kad_post_feature_position":"","_kad_post_header":false,"_kad_post_footer":false,"_joinchat":[]},"product_brand":[],"product_cat":[21],"product_tag":[],"class_list":{"0":"post-8960","1":"product","2":"type-product","3":"status-publish","4":"has-post-thumbnail","6":"product_cat-blusas","7":"pa_color-blanco","8":"pa_color-negro","9":"pa_tallas-l","10":"pa_tallas-m","11":"pa_tallas-s","12":"pa_tallas-xl","14":"first","15":"instock","16":"sale","17":"taxable","18":"shipping-taxable","19":"purchasable","20":"product-type-variable","21":"entry","22":"content-bg","23":"loop-entry"},"yoast_head":"<!-- This site is optimized with the Yoast SEO plugin v27.4 - https:\/\/yoast.com\/product\/yoast-seo-wordpress\/ -->\n<title>Blusa Arandela Couture - Marglotexmodaf.co<\/title>\n<meta name=\"description\" content=\"Nuestras blusas elegantes para mujer combinan dise\u00f1o contempor\u00e1neo, calidad premium y detalles \u00fanicos que realzan tu estilo.\" \/>\n<meta name=\"robots\" content=\"index, follow, max-snippet:-1, max-image-preview:large, max-video-preview:-1\" \/>\n<link rel=\"canonical\" href=\"https:\/\/marglotexmodaf.co\/index.php\/producto\/blusa-arandela\/\" \/>\n<meta property=\"og:locale\" content=\"es_ES\" \/>\n<meta property=\"og:type\" content=\"article\" \/>\n<meta property=\"og:title\" content=\"Blusa Arandela Couture - Marglotexmodaf.co\" \/>\n<meta property=\"og:description\" content=\"Nuestras blusas elegantes para mujer combinan dise\u00f1o contempor\u00e1neo, calidad premium y detalles \u00fanicos que realzan tu estilo.\" \/>\n<meta property=\"og:url\" content=\"https:\/\/marglotexmodaf.co\/index.php\/producto\/blusa-arandela\/\" \/>\n<meta property=\"og:site_name\" content=\"Marglotexmodaf.co\" \/>\n<meta property=\"article:modified_time\" content=\"2026-03-06T23:45:49+00:00\" \/>\n<meta property=\"og:image\" content=\"https:\/\/marglotexmodaf.co\/wp-content\/uploads\/2025\/11\/CATALOGO-RF008.jpg\" \/>\n\t<meta property=\"og:image:width\" content=\"1080\" \/>\n\t<meta property=\"og:image:height\" content=\"1080\" \/>\n\t<meta property=\"og:image:type\" content=\"image\/jpeg\" \/>\n<meta name=\"twitter:card\" content=\"summary_large_image\" \/>\n<meta name=\"twitter:label1\" content=\"Tiempo de lectura\" \/>\n\t<meta name=\"twitter:data1\" content=\"2 minutos\" \/>\n<script type=\"application\/ld+json\" class=\"yoast-schema-graph\">{\"@context\":\"https:\\\/\\\/schema.org\",\"@graph\":[{\"@type\":\"WebPage\",\"@id\":\"https:\\\/\\\/marglotexmodaf.co\\\/index.php\\\/producto\\\/blusa-arandela\\\/\",\"url\":\"https:\\\/\\\/marglotexmodaf.co\\\/index.php\\\/producto\\\/blusa-arandela\\\/\",\"name\":\"Blusa Arandela Couture - Marglotexmodaf.co\",\"isPartOf\":{\"@id\":\"https:\\\/\\\/marglotexmodaf.co\\\/#website\"},\"primaryImageOfPage\":{\"@id\":\"https:\\\/\\\/marglotexmodaf.co\\\/index.php\\\/producto\\\/blusa-arandela\\\/#primaryimage\"},\"image\":{\"@id\":\"https:\\\/\\\/marglotexmodaf.co\\\/index.php\\\/producto\\\/blusa-arandela\\\/#primaryimage\"},\"thumbnailUrl\":\"https:\\\/\\\/marglotexmodaf.co\\\/wp-content\\\/uploads\\\/2025\\\/11\\\/CATALOGO-RF008.jpg\",\"datePublished\":\"2025-11-07T15:01:21+00:00\",\"dateModified\":\"2026-03-06T23:45:49+00:00\",\"description\":\"Nuestras blusas elegantes para mujer combinan dise\u00f1o contempor\u00e1neo, calidad premium y detalles \u00fanicos que realzan tu estilo.\",\"breadcrumb\":{\"@id\":\"https:\\\/\\\/marglotexmodaf.co\\\/index.php\\\/producto\\\/blusa-arandela\\\/#breadcrumb\"},\"inLanguage\":\"es-CO\",\"potentialAction\":[{\"@type\":\"ReadAction\",\"target\":[\"https:\\\/\\\/marglotexmodaf.co\\\/index.php\\\/producto\\\/blusa-arandela\\\/\"]}]},{\"@type\":\"ImageObject\",\"inLanguage\":\"es-CO\",\"@id\":\"https:\\\/\\\/marglotexmodaf.co\\\/index.php\\\/producto\\\/blusa-arandela\\\/#primaryimage\",\"url\":\"https:\\\/\\\/marglotexmodaf.co\\\/wp-content\\\/uploads\\\/2025\\\/11\\\/CATALOGO-RF008.jpg\",\"contentUrl\":\"https:\\\/\\\/marglotexmodaf.co\\\/wp-content\\\/uploads\\\/2025\\\/11\\\/CATALOGO-RF008.jpg\",\"width\":1080,\"height\":1080},{\"@type\":\"BreadcrumbList\",\"@id\":\"https:\\\/\\\/marglotexmodaf.co\\\/index.php\\\/producto\\\/blusa-arandela\\\/#breadcrumb\",\"itemListElement\":[{\"@type\":\"ListItem\",\"position\":1,\"name\":\"Inicio\",\"item\":\"https:\\\/\\\/marglotexmodaf.co\\\/\"},{\"@type\":\"ListItem\",\"position\":2,\"name\":\"Tienda\",\"item\":\"https:\\\/\\\/marglotexmodaf.co\\\/index.php\\\/tienda\\\/\"},{\"@type\":\"ListItem\",\"position\":3,\"name\":\"Blusa Arandela Couture\"}]},{\"@type\":\"WebSite\",\"@id\":\"https:\\\/\\\/marglotexmodaf.co\\\/#website\",\"url\":\"https:\\\/\\\/marglotexmodaf.co\\\/\",\"name\":\"Marglotexmodaf.co\",\"description\":\"\",\"publisher\":{\"@id\":\"https:\\\/\\\/marglotexmodaf.co\\\/#organization\"},\"potentialAction\":[{\"@type\":\"SearchAction\",\"target\":{\"@type\":\"EntryPoint\",\"urlTemplate\":\"https:\\\/\\\/marglotexmodaf.co\\\/?s={search_term_string}\"},\"query-input\":{\"@type\":\"PropertyValueSpecification\",\"valueRequired\":true,\"valueName\":\"search_term_string\"}}],\"inLanguage\":\"es-CO\"},{\"@type\":\"Organization\",\"@id\":\"https:\\\/\\\/marglotexmodaf.co\\\/#organization\",\"name\":\"Marglotexmodaf.co\",\"url\":\"https:\\\/\\\/marglotexmodaf.co\\\/\",\"logo\":{\"@type\":\"ImageObject\",\"inLanguage\":\"es-CO\",\"@id\":\"https:\\\/\\\/marglotexmodaf.co\\\/#\\\/schema\\\/logo\\\/image\\\/\",\"url\":\"https:\\\/\\\/marglotexmodaf.co\\\/wp-content\\\/uploads\\\/2025\\\/01\\\/cropped-LOGO-Y-TEXTO-.jpg\",\"contentUrl\":\"https:\\\/\\\/marglotexmodaf.co\\\/wp-content\\\/uploads\\\/2025\\\/01\\\/cropped-LOGO-Y-TEXTO-.jpg\",\"width\":1078,\"height\":433,\"caption\":\"Marglotexmodaf.co\"},\"image\":{\"@id\":\"https:\\\/\\\/marglotexmodaf.co\\\/#\\\/schema\\\/logo\\\/image\\\/\"}}]}<\/script>\n<!-- \/ Yoast SEO plugin. -->","yoast_head_json":{"title":"Blusa Arandela Couture - Marglotexmodaf.co","description":"Nuestras blusas elegantes para mujer combinan dise\u00f1o contempor\u00e1neo, calidad premium y detalles \u00fanicos que realzan tu estilo.","robots":{"index":"index","follow":"follow","max-snippet":"max-snippet:-1","max-image-preview":"max-image-preview:large","max-video-preview":"max-video-preview:-1"},"canonical":"https:\/\/marglotexmodaf.co\/index.php\/producto\/blusa-arandela\/","og_locale":"es_ES","og_type":"article","og_title":"Blusa Arandela Couture - Marglotexmodaf.co","og_description":"Nuestras blusas elegantes para mujer combinan dise\u00f1o contempor\u00e1neo, calidad premium y detalles \u00fanicos que realzan tu estilo.","og_url":"https:\/\/marglotexmodaf.co\/index.php\/producto\/blusa-arandela\/","og_site_name":"Marglotexmodaf.co","article_modified_time":"2026-03-06T23:45:49+00:00","og_image":[{"width":1080,"height":1080,"url":"https:\/\/marglotexmodaf.co\/wp-content\/uploads\/2025\/11\/CATALOGO-RF008.jpg","type":"image\/jpeg"}],"twitter_card":"summary_large_image","twitter_misc":{"Tiempo de lectura":"2 minutos"},"schema":{"@context":"https:\/\/schema.org","@graph":[{"@type":"WebPage","@id":"https:\/\/marglotexmodaf.co\/index.php\/producto\/blusa-arandela\/","url":"https:\/\/marglotexmodaf.co\/index.php\/producto\/blusa-arandela\/","name":"Blusa Arandela Couture - Marglotexmodaf.co","isPartOf":{"@id":"https:\/\/marglotexmodaf.co\/#website"},"primaryImageOfPage":{"@id":"https:\/\/marglotexmodaf.co\/index.php\/producto\/blusa-arandela\/#primaryimage"},"image":{"@id":"https:\/\/marglotexmodaf.co\/index.php\/producto\/blusa-arandela\/#primaryimage"},"thumbnailUrl":"https:\/\/marglotexmodaf.co\/wp-content\/uploads\/2025\/11\/CATALOGO-RF008.jpg","datePublished":"2025-11-07T15:01:21+00:00","dateModified":"2026-03-06T23:45:49+00:00","description":"Nuestras blusas elegantes para mujer combinan dise\u00f1o contempor\u00e1neo, calidad premium y detalles \u00fanicos que realzan tu estilo.","breadcrumb":{"@id":"https:\/\/marglotexmodaf.co\/index.php\/producto\/blusa-arandela\/#breadcrumb"},"inLanguage":"es-CO","potentialAction":[{"@type":"ReadAction","target":["https:\/\/marglotexmodaf.co\/index.php\/producto\/blusa-arandela\/"]}]},{"@type":"ImageObject","inLanguage":"es-CO","@id":"https:\/\/marglotexmodaf.co\/index.php\/producto\/blusa-arandela\/#primaryimage","url":"https:\/\/marglotexmodaf.co\/wp-content\/uploads\/2025\/11\/CATALOGO-RF008.jpg","contentUrl":"https:\/\/marglotexmodaf.co\/wp-content\/uploads\/2025\/11\/CATALOGO-RF008.jpg","width":1080,"height":1080},{"@type":"BreadcrumbList","@id":"https:\/\/marglotexmodaf.co\/index.php\/producto\/blusa-arandela\/#breadcrumb","itemListElement":[{"@type":"ListItem","position":1,"name":"Inicio","item":"https:\/\/marglotexmodaf.co\/"},{"@type":"ListItem","position":2,"name":"Tienda","item":"https:\/\/marglotexmodaf.co\/index.php\/tienda\/"},{"@type":"ListItem","position":3,"name":"Blusa Arandela Couture"}]},{"@type":"WebSite","@id":"https:\/\/marglotexmodaf.co\/#website","url":"https:\/\/marglotexmodaf.co\/","name":"Marglotexmodaf.co","description":"","publisher":{"@id":"https:\/\/marglotexmodaf.co\/#organization"},"potentialAction":[{"@type":"SearchAction","target":{"@type":"EntryPoint","urlTemplate":"https:\/\/marglotexmodaf.co\/?s={search_term_string}"},"query-input":{"@type":"PropertyValueSpecification","valueRequired":true,"valueName":"search_term_string"}}],"inLanguage":"es-CO"},{"@type":"Organization","@id":"https:\/\/marglotexmodaf.co\/#organization","name":"Marglotexmodaf.co","url":"https:\/\/marglotexmodaf.co\/","logo":{"@type":"ImageObject","inLanguage":"es-CO","@id":"https:\/\/marglotexmodaf.co\/#\/schema\/logo\/image\/","url":"https:\/\/marglotexmodaf.co\/wp-content\/uploads\/2025\/01\/cropped-LOGO-Y-TEXTO-.jpg","contentUrl":"https:\/\/marglotexmodaf.co\/wp-content\/uploads\/2025\/01\/cropped-LOGO-Y-TEXTO-.jpg","width":1078,"height":433,"caption":"Marglotexmodaf.co"},"image":{"@id":"https:\/\/marglotexmodaf.co\/#\/schema\/logo\/image\/"}}]}},"_links":{"self":[{"href":"https:\/\/marglotexmodaf.co\/index.php\/wp-json\/wp\/v2\/product\/8960","targetHints":{"allow":["GET"]}}],"collection":[{"href":"https:\/\/marglotexmodaf.co\/index.php\/wp-json\/wp\/v2\/product"}],"about":[{"href":"https:\/\/marglotexmodaf.co\/index.php\/wp-json\/wp\/v2\/types\/product"}],"replies":[{"embeddable":true,"href":"https:\/\/marglotexmodaf.co\/index.php\/wp-json\/wp\/v2\/comments?post=8960"}],"version-history":[{"count":6,"href":"https:\/\/marglotexmodaf.co\/index.php\/wp-json\/wp\/v2\/product\/8960\/revisions"}],"predecessor-version":[{"id":11213,"href":"https:\/\/marglotexmodaf.co\/index.php\/wp-json\/wp\/v2\/product\/8960\/revisions\/11213"}],"wp:featuredmedia":[{"embeddable":true,"href":"https:\/\/marglotexmodaf.co\/index.php\/wp-json\/wp\/v2\/media\/11205"}],"wp:attachment":[{"href":"https:\/\/marglotexmodaf.co\/index.php\/wp-json\/wp\/v2\/media?parent=8960"}],"wp:term":[{"taxonomy":"product_brand","embeddable":true,"href":"https:\/\/marglotexmodaf.co\/index.php\/wp-json\/wp\/v2\/product_brand?post=8960"},{"taxonomy":"product_cat","embeddable":true,"href":"https:\/\/marglotexmodaf.co\/index.php\/wp-json\/wp\/v2\/product_cat?post=8960"},{"taxonomy":"product_tag","embeddable":true,"href":"https:\/\/marglotexmodaf.co\/index.php\/wp-json\/wp\/v2\/product_tag?post=8960"}],"curies":[{"name":"wp","href":"https:\/\/api.w.org\/{rel}","templated":true}]}}