{"id":8943,"date":"2025-11-07T14:03:55","date_gmt":"2025-11-07T14:03:55","guid":{"rendered":"https:\/\/marglotexmodaf.co\/?post_type=product&#038;p=8943"},"modified":"2026-04-15T12:39:29","modified_gmt":"2026-04-15T12:39:29","slug":"set-sofisticado-oficina-eventos","status":"publish","type":"product","link":"https:\/\/marglotexmodaf.co\/index.php\/producto\/set-sofisticado-oficina-eventos\/","title":{"rendered":"Set EleganteSofisticado"},"content":{"rendered":"\t\t<div data-elementor-type=\"wp-post\" data-elementor-id=\"8943\" class=\"elementor elementor-8943\" data-elementor-post-type=\"product\">\n\t\t\t\t\t\t<section class=\"elementor-section elementor-top-section elementor-element elementor-element-0a6b3a1 elementor-section-boxed elementor-section-height-default elementor-section-height-default\" data-id=\"0a6b3a1\" data-element_type=\"section\" data-e-type=\"section\">\n\t\t\t\t\t\t<div class=\"elementor-container elementor-column-gap-default\">\n\t\t\t\t\t<div class=\"elementor-column elementor-col-33 elementor-top-column elementor-element elementor-element-dc787c4\" data-id=\"dc787c4\" data-element_type=\"column\" data-e-type=\"column\">\n\t\t\t<div class=\"elementor-widget-wrap elementor-element-populated\">\n\t\t\t\t\t\t<div class=\"elementor-element elementor-element-df7242b elementor-widget elementor-widget-image\" data-id=\"df7242b\" data-element_type=\"widget\" data-e-type=\"widget\" data-widget_type=\"image.default\">\n\t\t\t\t<div class=\"elementor-widget-container\">\n\t\t\t\t\t\t\t\t\t\t\t\t\t\t\t<img fetchpriority=\"high\" decoding=\"async\" width=\"1024\" height=\"1024\" src=\"https:\/\/marglotexmodaf.co\/wp-content\/uploads\/2025\/11\/CATALOGO-RF009-1024x1024.jpg\" class=\"attachment-large size-large wp-image-11210\" alt=\"\" srcset=\"https:\/\/marglotexmodaf.co\/wp-content\/uploads\/2025\/11\/CATALOGO-RF009-1024x1024.jpg 1024w, https:\/\/marglotexmodaf.co\/wp-content\/uploads\/2025\/11\/CATALOGO-RF009-300x300.jpg 300w, https:\/\/marglotexmodaf.co\/wp-content\/uploads\/2025\/11\/CATALOGO-RF009-150x150.jpg 150w, https:\/\/marglotexmodaf.co\/wp-content\/uploads\/2025\/11\/CATALOGO-RF009-768x768.jpg 768w, https:\/\/marglotexmodaf.co\/wp-content\/uploads\/2025\/11\/CATALOGO-RF009-600x600.jpg 600w, https:\/\/marglotexmodaf.co\/wp-content\/uploads\/2025\/11\/CATALOGO-RF009-100x100.jpg 100w, https:\/\/marglotexmodaf.co\/wp-content\/uploads\/2025\/11\/CATALOGO-RF009-50x50.jpg 50w, https:\/\/marglotexmodaf.co\/wp-content\/uploads\/2025\/11\/CATALOGO-RF009.jpg 1080w\" sizes=\"(max-width: 1024px) 100vw, 1024px\" \/>\t\t\t\t\t\t\t\t\t\t\t\t\t\t\t<\/div>\n\t\t\t\t<\/div>\n\t\t\t\t\t<\/div>\n\t\t<\/div>\n\t\t\t\t<div class=\"elementor-column elementor-col-33 elementor-top-column elementor-element elementor-element-1b325dd\" data-id=\"1b325dd\" data-element_type=\"column\" data-e-type=\"column\">\n\t\t\t<div class=\"elementor-widget-wrap elementor-element-populated\">\n\t\t\t\t\t\t<div class=\"elementor-element elementor-element-aee28e2 elementor-widget elementor-widget-image\" data-id=\"aee28e2\" data-element_type=\"widget\" data-e-type=\"widget\" data-widget_type=\"image.default\">\n\t\t\t\t<div class=\"elementor-widget-container\">\n\t\t\t\t\t\t\t\t\t\t\t\t\t\t\t<img decoding=\"async\" width=\"1024\" height=\"1024\" src=\"https:\/\/marglotexmodaf.co\/wp-content\/uploads\/2025\/11\/CATALOGO-RF008-1024x1024.jpg\" class=\"attachment-large size-large wp-image-11205\" alt=\"\" srcset=\"https:\/\/marglotexmodaf.co\/wp-content\/uploads\/2025\/11\/CATALOGO-RF008-1024x1024.jpg 1024w, https:\/\/marglotexmodaf.co\/wp-content\/uploads\/2025\/11\/CATALOGO-RF008-300x300.jpg 300w, https:\/\/marglotexmodaf.co\/wp-content\/uploads\/2025\/11\/CATALOGO-RF008-150x150.jpg 150w, https:\/\/marglotexmodaf.co\/wp-content\/uploads\/2025\/11\/CATALOGO-RF008-768x768.jpg 768w, https:\/\/marglotexmodaf.co\/wp-content\/uploads\/2025\/11\/CATALOGO-RF008-600x600.jpg 600w, https:\/\/marglotexmodaf.co\/wp-content\/uploads\/2025\/11\/CATALOGO-RF008-100x100.jpg 100w, https:\/\/marglotexmodaf.co\/wp-content\/uploads\/2025\/11\/CATALOGO-RF008-50x50.jpg 50w, https:\/\/marglotexmodaf.co\/wp-content\/uploads\/2025\/11\/CATALOGO-RF008.jpg 1080w\" sizes=\"(max-width: 1024px) 100vw, 1024px\" \/>\t\t\t\t\t\t\t\t\t\t\t\t\t\t\t<\/div>\n\t\t\t\t<\/div>\n\t\t\t\t\t<\/div>\n\t\t<\/div>\n\t\t\t\t<div class=\"elementor-column elementor-col-33 elementor-top-column elementor-element elementor-element-159df58\" data-id=\"159df58\" data-element_type=\"column\" data-e-type=\"column\">\n\t\t\t<div class=\"elementor-widget-wrap elementor-element-populated\">\n\t\t\t\t\t\t<div class=\"elementor-element elementor-element-1f74598 elementor-widget elementor-widget-image\" data-id=\"1f74598\" data-element_type=\"widget\" data-e-type=\"widget\" data-widget_type=\"image.default\">\n\t\t\t\t<div class=\"elementor-widget-container\">\n\t\t\t\t\t\t\t\t\t\t\t\t\t\t\t<img decoding=\"async\" width=\"1024\" height=\"1024\" src=\"https:\/\/marglotexmodaf.co\/wp-content\/uploads\/2025\/11\/CATALOGO-RF0010-1024x1024.jpg\" class=\"attachment-large size-large wp-image-11209\" alt=\"\" srcset=\"https:\/\/marglotexmodaf.co\/wp-content\/uploads\/2025\/11\/CATALOGO-RF0010-1024x1024.jpg 1024w, https:\/\/marglotexmodaf.co\/wp-content\/uploads\/2025\/11\/CATALOGO-RF0010-300x300.jpg 300w, https:\/\/marglotexmodaf.co\/wp-content\/uploads\/2025\/11\/CATALOGO-RF0010-150x150.jpg 150w, https:\/\/marglotexmodaf.co\/wp-content\/uploads\/2025\/11\/CATALOGO-RF0010-768x768.jpg 768w, https:\/\/marglotexmodaf.co\/wp-content\/uploads\/2025\/11\/CATALOGO-RF0010-600x600.jpg 600w, https:\/\/marglotexmodaf.co\/wp-content\/uploads\/2025\/11\/CATALOGO-RF0010-100x100.jpg 100w, https:\/\/marglotexmodaf.co\/wp-content\/uploads\/2025\/11\/CATALOGO-RF0010-50x50.jpg 50w, https:\/\/marglotexmodaf.co\/wp-content\/uploads\/2025\/11\/CATALOGO-RF0010.jpg 1080w\" sizes=\"(max-width: 1024px) 100vw, 1024px\" \/>\t\t\t\t\t\t\t\t\t\t\t\t\t\t\t<\/div>\n\t\t\t\t<\/div>\n\t\t\t\t\t<\/div>\n\t\t<\/div>\n\t\t\t\t\t<\/div>\n\t\t<\/section>\n\t\t\t\t<section class=\"elementor-section elementor-top-section elementor-element elementor-element-1da95b8 elementor-section-boxed elementor-section-height-default elementor-section-height-default\" data-id=\"1da95b8\" data-element_type=\"section\" data-e-type=\"section\">\n\t\t\t\t\t\t<div class=\"elementor-container elementor-column-gap-default\">\n\t\t\t\t\t<div class=\"elementor-column elementor-col-100 elementor-top-column elementor-element elementor-element-472256e0\" data-id=\"472256e0\" data-element_type=\"column\" data-e-type=\"column\">\n\t\t\t<div class=\"elementor-widget-wrap elementor-element-populated\">\n\t\t\t\t\t\t<div class=\"elementor-element elementor-element-2f0d5732 elementor-widget elementor-widget-text-editor\" data-id=\"2f0d5732\" data-element_type=\"widget\" data-e-type=\"widget\" data-widget_type=\"text-editor.default\">\n\t\t\t\t<div class=\"elementor-widget-container\">\n\t\t\t\t\t\t\t\t\t<p data-start=\"2027\" data-end=\"2077\"><strong data-start=\"2027\" data-end=\"2077\">legancia y sofisticaci\u00f3n en un solo conjunto.<\/strong><\/p><p data-start=\"2079\" data-end=\"2353\">Este set de blusa y pantal\u00f3n est\u00e1 dise\u00f1ado para mujeres que buscan proyectar seguridad, estilo y presencia en cada ocasi\u00f3n. La camisa aporta un toque femenino y refinado, mientras que el pantal\u00f3n de corte elegante estiliza la silueta y brinda comodidad durante todo el d\u00eda.<\/p><p data-start=\"2355\" data-end=\"2491\">Perfecto para <strong data-start=\"2369\" data-end=\"2424\">oficina, reuniones importantes o eventos especiales<\/strong>, creando un look moderno y distinguido que eleva cualquier outfit.<\/p><p data-start=\"2493\" data-end=\"2605\">Una combinaci\u00f3n vers\u00e1til que puedes usar junta o por separado para lograr m\u00faltiples estilos con una sola prenda.<\/p>\t\t\t\t\t\t\t\t<\/div>\n\t\t\t\t<\/div>\n\t\t\t\t\t<\/div>\n\t\t<\/div>\n\t\t\t\t\t<\/div>\n\t\t<\/section>\n\t\t\t\t<\/div>\n\t\t","protected":false},"excerpt":{"rendered":"<p>Set Sofisticado Blusa y Pantal\u00f3n<\/p>\n","protected":false},"featured_media":11242,"comment_status":"open","ping_status":"closed","template":"","meta":{"_kad_post_transparent":"default","_kad_post_title":"","_kad_post_layout":"default","_kad_post_sidebar_id":"","_kad_post_content_style":"default","_kad_post_vertical_padding":"default","_kad_post_feature":"","_kad_post_feature_position":"","_kad_post_header":false,"_kad_post_footer":false,"_joinchat":[]},"product_brand":[],"product_cat":[19],"product_tag":[],"class_list":{"0":"post-8943","1":"product","2":"type-product","3":"status-publish","4":"has-post-thumbnail","6":"product_cat-sets","7":"pa_color-negro-camel","8":"pa_color-todo-negro","9":"pa_tallas-l","10":"pa_tallas-m","11":"pa_tallas-s","12":"pa_tallas-xl","14":"first","15":"instock","16":"sale","17":"taxable","18":"shipping-taxable","19":"purchasable","20":"product-type-variable","21":"entry","22":"content-bg","23":"loop-entry"},"yoast_head":"<!-- This site is optimized with the Yoast SEO plugin v27.4 - https:\/\/yoast.com\/product\/yoast-seo-wordpress\/ -->\n<title>Set EleganteSofisticado - Marglotexmodaf.co<\/title>\n<meta name=\"description\" content=\"Explora nuestro sets, donde la elegancia se une con la comodidad. pantal\u00f3n &amp; blusa, tiro alto y l\u00ednea finadas que estilizan la silueta y aportan car\u00e1cter a tu outfit.\" \/>\n<meta name=\"robots\" content=\"index, follow, max-snippet:-1, max-image-preview:large, max-video-preview:-1\" \/>\n<link rel=\"canonical\" href=\"https:\/\/marglotexmodaf.co\/index.php\/producto\/set-sofisticado-oficina-eventos\/\" \/>\n<meta property=\"og:locale\" content=\"es_ES\" \/>\n<meta property=\"og:type\" content=\"article\" \/>\n<meta property=\"og:title\" content=\"Set EleganteSofisticado - Marglotexmodaf.co\" \/>\n<meta property=\"og:description\" content=\"Explora nuestro sets, donde la elegancia se une con la comodidad. pantal\u00f3n &amp; blusa, tiro alto y l\u00ednea finadas que estilizan la silueta y aportan car\u00e1cter a tu outfit.\" \/>\n<meta property=\"og:url\" content=\"https:\/\/marglotexmodaf.co\/index.php\/producto\/set-sofisticado-oficina-eventos\/\" \/>\n<meta property=\"og:site_name\" content=\"Marglotexmodaf.co\" \/>\n<meta property=\"article:modified_time\" content=\"2026-04-15T12:39:29+00:00\" \/>\n<meta property=\"og:image\" content=\"https:\/\/marglotexmodaf.co\/wp-content\/uploads\/2025\/11\/CATALOGO-RF0017.webp\" \/>\n\t<meta property=\"og:image:width\" content=\"1890\" \/>\n\t<meta property=\"og:image:height\" content=\"1890\" \/>\n\t<meta property=\"og:image:type\" content=\"image\/webp\" \/>\n<meta name=\"twitter:card\" content=\"summary_large_image\" \/>\n<meta name=\"twitter:label1\" content=\"Tiempo de lectura\" \/>\n\t<meta name=\"twitter:data1\" content=\"2 minutos\" \/>\n<script type=\"application\/ld+json\" class=\"yoast-schema-graph\">{\"@context\":\"https:\\\/\\\/schema.org\",\"@graph\":[{\"@type\":\"WebPage\",\"@id\":\"https:\\\/\\\/marglotexmodaf.co\\\/index.php\\\/producto\\\/set-sofisticado-oficina-eventos\\\/\",\"url\":\"https:\\\/\\\/marglotexmodaf.co\\\/index.php\\\/producto\\\/set-sofisticado-oficina-eventos\\\/\",\"name\":\"Set EleganteSofisticado - Marglotexmodaf.co\",\"isPartOf\":{\"@id\":\"https:\\\/\\\/marglotexmodaf.co\\\/#website\"},\"primaryImageOfPage\":{\"@id\":\"https:\\\/\\\/marglotexmodaf.co\\\/index.php\\\/producto\\\/set-sofisticado-oficina-eventos\\\/#primaryimage\"},\"image\":{\"@id\":\"https:\\\/\\\/marglotexmodaf.co\\\/index.php\\\/producto\\\/set-sofisticado-oficina-eventos\\\/#primaryimage\"},\"thumbnailUrl\":\"https:\\\/\\\/marglotexmodaf.co\\\/wp-content\\\/uploads\\\/2025\\\/11\\\/CATALOGO-RF0017.webp\",\"datePublished\":\"2025-11-07T14:03:55+00:00\",\"dateModified\":\"2026-04-15T12:39:29+00:00\",\"description\":\"Explora nuestro sets, donde la elegancia se une con la comodidad. pantal\u00f3n & blusa, tiro alto y l\u00ednea finadas que estilizan la silueta y aportan car\u00e1cter a tu outfit.\",\"breadcrumb\":{\"@id\":\"https:\\\/\\\/marglotexmodaf.co\\\/index.php\\\/producto\\\/set-sofisticado-oficina-eventos\\\/#breadcrumb\"},\"inLanguage\":\"es-CO\",\"potentialAction\":[{\"@type\":\"ReadAction\",\"target\":[\"https:\\\/\\\/marglotexmodaf.co\\\/index.php\\\/producto\\\/set-sofisticado-oficina-eventos\\\/\"]}]},{\"@type\":\"ImageObject\",\"inLanguage\":\"es-CO\",\"@id\":\"https:\\\/\\\/marglotexmodaf.co\\\/index.php\\\/producto\\\/set-sofisticado-oficina-eventos\\\/#primaryimage\",\"url\":\"https:\\\/\\\/marglotexmodaf.co\\\/wp-content\\\/uploads\\\/2025\\\/11\\\/CATALOGO-RF0017.webp\",\"contentUrl\":\"https:\\\/\\\/marglotexmodaf.co\\\/wp-content\\\/uploads\\\/2025\\\/11\\\/CATALOGO-RF0017.webp\",\"width\":1890,\"height\":1890},{\"@type\":\"BreadcrumbList\",\"@id\":\"https:\\\/\\\/marglotexmodaf.co\\\/index.php\\\/producto\\\/set-sofisticado-oficina-eventos\\\/#breadcrumb\",\"itemListElement\":[{\"@type\":\"ListItem\",\"position\":1,\"name\":\"Inicio\",\"item\":\"https:\\\/\\\/marglotexmodaf.co\\\/\"},{\"@type\":\"ListItem\",\"position\":2,\"name\":\"Tienda\",\"item\":\"https:\\\/\\\/marglotexmodaf.co\\\/index.php\\\/tienda\\\/\"},{\"@type\":\"ListItem\",\"position\":3,\"name\":\"Set EleganteSofisticado\"}]},{\"@type\":\"WebSite\",\"@id\":\"https:\\\/\\\/marglotexmodaf.co\\\/#website\",\"url\":\"https:\\\/\\\/marglotexmodaf.co\\\/\",\"name\":\"Marglotexmodaf.co\",\"description\":\"\",\"publisher\":{\"@id\":\"https:\\\/\\\/marglotexmodaf.co\\\/#organization\"},\"potentialAction\":[{\"@type\":\"SearchAction\",\"target\":{\"@type\":\"EntryPoint\",\"urlTemplate\":\"https:\\\/\\\/marglotexmodaf.co\\\/?s={search_term_string}\"},\"query-input\":{\"@type\":\"PropertyValueSpecification\",\"valueRequired\":true,\"valueName\":\"search_term_string\"}}],\"inLanguage\":\"es-CO\"},{\"@type\":\"Organization\",\"@id\":\"https:\\\/\\\/marglotexmodaf.co\\\/#organization\",\"name\":\"Marglotexmodaf.co\",\"url\":\"https:\\\/\\\/marglotexmodaf.co\\\/\",\"logo\":{\"@type\":\"ImageObject\",\"inLanguage\":\"es-CO\",\"@id\":\"https:\\\/\\\/marglotexmodaf.co\\\/#\\\/schema\\\/logo\\\/image\\\/\",\"url\":\"https:\\\/\\\/marglotexmodaf.co\\\/wp-content\\\/uploads\\\/2025\\\/01\\\/cropped-LOGO-Y-TEXTO-.jpg\",\"contentUrl\":\"https:\\\/\\\/marglotexmodaf.co\\\/wp-content\\\/uploads\\\/2025\\\/01\\\/cropped-LOGO-Y-TEXTO-.jpg\",\"width\":1078,\"height\":433,\"caption\":\"Marglotexmodaf.co\"},\"image\":{\"@id\":\"https:\\\/\\\/marglotexmodaf.co\\\/#\\\/schema\\\/logo\\\/image\\\/\"}}]}<\/script>\n<!-- \/ Yoast SEO plugin. -->","yoast_head_json":{"title":"Set EleganteSofisticado - Marglotexmodaf.co","description":"Explora nuestro sets, donde la elegancia se une con la comodidad. pantal\u00f3n & blusa, tiro alto y l\u00ednea finadas que estilizan la silueta y aportan car\u00e1cter a tu outfit.","robots":{"index":"index","follow":"follow","max-snippet":"max-snippet:-1","max-image-preview":"max-image-preview:large","max-video-preview":"max-video-preview:-1"},"canonical":"https:\/\/marglotexmodaf.co\/index.php\/producto\/set-sofisticado-oficina-eventos\/","og_locale":"es_ES","og_type":"article","og_title":"Set EleganteSofisticado - Marglotexmodaf.co","og_description":"Explora nuestro sets, donde la elegancia se une con la comodidad. pantal\u00f3n & blusa, tiro alto y l\u00ednea finadas que estilizan la silueta y aportan car\u00e1cter a tu outfit.","og_url":"https:\/\/marglotexmodaf.co\/index.php\/producto\/set-sofisticado-oficina-eventos\/","og_site_name":"Marglotexmodaf.co","article_modified_time":"2026-04-15T12:39:29+00:00","og_image":[{"width":1890,"height":1890,"url":"https:\/\/marglotexmodaf.co\/wp-content\/uploads\/2025\/11\/CATALOGO-RF0017.webp","type":"image\/webp"}],"twitter_card":"summary_large_image","twitter_misc":{"Tiempo de lectura":"2 minutos"},"schema":{"@context":"https:\/\/schema.org","@graph":[{"@type":"WebPage","@id":"https:\/\/marglotexmodaf.co\/index.php\/producto\/set-sofisticado-oficina-eventos\/","url":"https:\/\/marglotexmodaf.co\/index.php\/producto\/set-sofisticado-oficina-eventos\/","name":"Set EleganteSofisticado - Marglotexmodaf.co","isPartOf":{"@id":"https:\/\/marglotexmodaf.co\/#website"},"primaryImageOfPage":{"@id":"https:\/\/marglotexmodaf.co\/index.php\/producto\/set-sofisticado-oficina-eventos\/#primaryimage"},"image":{"@id":"https:\/\/marglotexmodaf.co\/index.php\/producto\/set-sofisticado-oficina-eventos\/#primaryimage"},"thumbnailUrl":"https:\/\/marglotexmodaf.co\/wp-content\/uploads\/2025\/11\/CATALOGO-RF0017.webp","datePublished":"2025-11-07T14:03:55+00:00","dateModified":"2026-04-15T12:39:29+00:00","description":"Explora nuestro sets, donde la elegancia se une con la comodidad. pantal\u00f3n & blusa, tiro alto y l\u00ednea finadas que estilizan la silueta y aportan car\u00e1cter a tu outfit.","breadcrumb":{"@id":"https:\/\/marglotexmodaf.co\/index.php\/producto\/set-sofisticado-oficina-eventos\/#breadcrumb"},"inLanguage":"es-CO","potentialAction":[{"@type":"ReadAction","target":["https:\/\/marglotexmodaf.co\/index.php\/producto\/set-sofisticado-oficina-eventos\/"]}]},{"@type":"ImageObject","inLanguage":"es-CO","@id":"https:\/\/marglotexmodaf.co\/index.php\/producto\/set-sofisticado-oficina-eventos\/#primaryimage","url":"https:\/\/marglotexmodaf.co\/wp-content\/uploads\/2025\/11\/CATALOGO-RF0017.webp","contentUrl":"https:\/\/marglotexmodaf.co\/wp-content\/uploads\/2025\/11\/CATALOGO-RF0017.webp","width":1890,"height":1890},{"@type":"BreadcrumbList","@id":"https:\/\/marglotexmodaf.co\/index.php\/producto\/set-sofisticado-oficina-eventos\/#breadcrumb","itemListElement":[{"@type":"ListItem","position":1,"name":"Inicio","item":"https:\/\/marglotexmodaf.co\/"},{"@type":"ListItem","position":2,"name":"Tienda","item":"https:\/\/marglotexmodaf.co\/index.php\/tienda\/"},{"@type":"ListItem","position":3,"name":"Set EleganteSofisticado"}]},{"@type":"WebSite","@id":"https:\/\/marglotexmodaf.co\/#website","url":"https:\/\/marglotexmodaf.co\/","name":"Marglotexmodaf.co","description":"","publisher":{"@id":"https:\/\/marglotexmodaf.co\/#organization"},"potentialAction":[{"@type":"SearchAction","target":{"@type":"EntryPoint","urlTemplate":"https:\/\/marglotexmodaf.co\/?s={search_term_string}"},"query-input":{"@type":"PropertyValueSpecification","valueRequired":true,"valueName":"search_term_string"}}],"inLanguage":"es-CO"},{"@type":"Organization","@id":"https:\/\/marglotexmodaf.co\/#organization","name":"Marglotexmodaf.co","url":"https:\/\/marglotexmodaf.co\/","logo":{"@type":"ImageObject","inLanguage":"es-CO","@id":"https:\/\/marglotexmodaf.co\/#\/schema\/logo\/image\/","url":"https:\/\/marglotexmodaf.co\/wp-content\/uploads\/2025\/01\/cropped-LOGO-Y-TEXTO-.jpg","contentUrl":"https:\/\/marglotexmodaf.co\/wp-content\/uploads\/2025\/01\/cropped-LOGO-Y-TEXTO-.jpg","width":1078,"height":433,"caption":"Marglotexmodaf.co"},"image":{"@id":"https:\/\/marglotexmodaf.co\/#\/schema\/logo\/image\/"}}]}},"_links":{"self":[{"href":"https:\/\/marglotexmodaf.co\/index.php\/wp-json\/wp\/v2\/product\/8943","targetHints":{"allow":["GET"]}}],"collection":[{"href":"https:\/\/marglotexmodaf.co\/index.php\/wp-json\/wp\/v2\/product"}],"about":[{"href":"https:\/\/marglotexmodaf.co\/index.php\/wp-json\/wp\/v2\/types\/product"}],"replies":[{"embeddable":true,"href":"https:\/\/marglotexmodaf.co\/index.php\/wp-json\/wp\/v2\/comments?post=8943"}],"version-history":[{"count":8,"href":"https:\/\/marglotexmodaf.co\/index.php\/wp-json\/wp\/v2\/product\/8943\/revisions"}],"predecessor-version":[{"id":11811,"href":"https:\/\/marglotexmodaf.co\/index.php\/wp-json\/wp\/v2\/product\/8943\/revisions\/11811"}],"wp:featuredmedia":[{"embeddable":true,"href":"https:\/\/marglotexmodaf.co\/index.php\/wp-json\/wp\/v2\/media\/11242"}],"wp:attachment":[{"href":"https:\/\/marglotexmodaf.co\/index.php\/wp-json\/wp\/v2\/media?parent=8943"}],"wp:term":[{"taxonomy":"product_brand","embeddable":true,"href":"https:\/\/marglotexmodaf.co\/index.php\/wp-json\/wp\/v2\/product_brand?post=8943"},{"taxonomy":"product_cat","embeddable":true,"href":"https:\/\/marglotexmodaf.co\/index.php\/wp-json\/wp\/v2\/product_cat?post=8943"},{"taxonomy":"product_tag","embeddable":true,"href":"https:\/\/marglotexmodaf.co\/index.php\/wp-json\/wp\/v2\/product_tag?post=8943"}],"curies":[{"name":"wp","href":"https:\/\/api.w.org\/{rel}","templated":true}]}}