{"id":6268,"date":"2025-03-28T14:22:27","date_gmt":"2025-03-28T14:22:27","guid":{"rendered":"https:\/\/marglotexmodaf.co\/?post_type=product&#038;p=6268"},"modified":"2026-04-15T12:46:49","modified_gmt":"2026-04-15T12:46:49","slug":"blusa-bandeja-tu-mejor-look-de-salida","status":"publish","type":"product","link":"https:\/\/marglotexmodaf.co\/index.php\/producto\/blusa-bandeja-tu-mejor-look-de-salida\/","title":{"rendered":"Blusa Bandeja  Estelar"},"content":{"rendered":"<p><img fetchpriority=\"high\" decoding=\"async\" class=\"alignnone wp-image-7609 size-medium\" src=\"https:\/\/marglotexmodaf.co\/wp-content\/uploads\/2025\/07\/CATALOGO-RF-14-300x300.jpg\" alt=\"\" width=\"300\" height=\"300\" srcset=\"https:\/\/marglotexmodaf.co\/wp-content\/uploads\/2025\/07\/CATALOGO-RF-14-300x300.jpg 300w, https:\/\/marglotexmodaf.co\/wp-content\/uploads\/2025\/07\/CATALOGO-RF-14-1024x1024.jpg 1024w, https:\/\/marglotexmodaf.co\/wp-content\/uploads\/2025\/07\/CATALOGO-RF-14-150x150.jpg 150w, https:\/\/marglotexmodaf.co\/wp-content\/uploads\/2025\/07\/CATALOGO-RF-14-768x768.jpg 768w, https:\/\/marglotexmodaf.co\/wp-content\/uploads\/2025\/07\/CATALOGO-RF-14-600x600.jpg 600w, https:\/\/marglotexmodaf.co\/wp-content\/uploads\/2025\/07\/CATALOGO-RF-14-100x100.jpg 100w, https:\/\/marglotexmodaf.co\/wp-content\/uploads\/2025\/07\/CATALOGO-RF-14-50x50.jpg 50w, https:\/\/marglotexmodaf.co\/wp-content\/uploads\/2025\/07\/CATALOGO-RF-14.jpg 1080w\" sizes=\"(max-width: 300px) 100vw, 300px\" \/><\/p>\n<p class=\"\" data-start=\"0\" data-end=\"78\"><strong data-start=\"0\" data-end=\"72\">Blusa Cuello Bandeja\u00a0 \u2013 Elegancia y Estilo \u00danico<\/strong> \u2728\ud83d\udc96<\/p>\n<p class=\"\" data-start=\"80\" data-end=\"315\">Un dise\u00f1o exclusivo que realza tu feminidad con un toque sofisticado. Su cuello bandeja resalta tus hombros con delicadeza, mientras los pu\u00f1os resortados a\u00f1aden un detalle chic y moderno. \u00a1Ll\u00e9vala y si\u00e9ntete \u00fanica en cada ocasi\u00f3n!<\/p>\n","protected":false},"excerpt":{"rendered":"<p class=\"\" data-start=\"293\" data-end=\"352\"><strong data-start=\"293\" data-end=\"345\">Blusa Cuello Bandeja \u2013 Glamour y Versatilidad<\/strong> \ud83d\udcab\ud83e\udd0d<\/p>\n<p class=\"\" data-start=\"354\" data-end=\"532\">Femenina, sofisticada y perfecta para cualquier ocasi\u00f3n. Su dise\u00f1o resalta tu silueta con un toque de distinci\u00f3n y exclusividad.<\/p>\n","protected":false},"featured_media":7609,"comment_status":"open","ping_status":"closed","template":"","meta":{"_kad_post_transparent":"default","_kad_post_title":"","_kad_post_layout":"default","_kad_post_sidebar_id":"","_kad_post_content_style":"default","_kad_post_vertical_padding":"default","_kad_post_feature":"","_kad_post_feature_position":"","_kad_post_header":false,"_kad_post_footer":false,"_joinchat":[]},"product_brand":[],"product_cat":[21],"product_tag":[],"class_list":{"0":"post-6268","1":"product","2":"type-product","3":"status-publish","4":"has-post-thumbnail","6":"product_cat-blusas","7":"pa_color-blanco","8":"pa_color-verde","9":"pa_tallas-l","10":"pa_tallas-m","11":"pa_tallas-s","13":"first","14":"instock","15":"sale","16":"taxable","17":"shipping-taxable","18":"purchasable","19":"product-type-variable","20":"entry","21":"content-bg","22":"loop-entry"},"yoast_head":"<!-- This site is optimized with the Yoast SEO plugin v27.4 - https:\/\/yoast.com\/product\/yoast-seo-wordpress\/ -->\n<title>Blusa Bandeja Estelar - Marglotexmodaf.co<\/title>\n<meta name=\"description\" content=\"Blusa Cuello Bandeja Femenina, sofisticada y perfecta para cualquier ocasi\u00f3n. Su dise\u00f1o resalta tu silueta con un toque de distinci\u00f3n y exclusividad.\" \/>\n<meta name=\"robots\" content=\"index, follow, max-snippet:-1, max-image-preview:large, max-video-preview:-1\" \/>\n<link rel=\"canonical\" href=\"https:\/\/marglotexmodaf.co\/index.php\/producto\/blusa-bandeja-tu-mejor-look-de-salida\/\" \/>\n<meta property=\"og:locale\" content=\"es_ES\" \/>\n<meta property=\"og:type\" content=\"article\" \/>\n<meta property=\"og:title\" content=\"Blusa Bandeja Estelar - Marglotexmodaf.co\" \/>\n<meta property=\"og:description\" content=\"Blusa Cuello Bandeja Femenina, sofisticada y perfecta para cualquier ocasi\u00f3n. Su dise\u00f1o resalta tu silueta con un toque de distinci\u00f3n y exclusividad.\" \/>\n<meta property=\"og:url\" content=\"https:\/\/marglotexmodaf.co\/index.php\/producto\/blusa-bandeja-tu-mejor-look-de-salida\/\" \/>\n<meta property=\"og:site_name\" content=\"Marglotexmodaf.co\" \/>\n<meta property=\"article:modified_time\" content=\"2026-04-15T12:46:49+00:00\" \/>\n<meta property=\"og:image\" content=\"https:\/\/marglotexmodaf.co\/wp-content\/uploads\/2025\/07\/CATALOGO-RF-14.jpg\" \/>\n\t<meta property=\"og:image:width\" content=\"1080\" \/>\n\t<meta property=\"og:image:height\" content=\"1080\" \/>\n\t<meta property=\"og:image:type\" content=\"image\/jpeg\" \/>\n<meta name=\"twitter:card\" content=\"summary_large_image\" \/>\n<meta name=\"twitter:label1\" content=\"Tiempo de lectura\" \/>\n\t<meta name=\"twitter:data1\" content=\"1 minuto\" \/>\n<script type=\"application\/ld+json\" class=\"yoast-schema-graph\">{\"@context\":\"https:\\\/\\\/schema.org\",\"@graph\":[{\"@type\":\"WebPage\",\"@id\":\"https:\\\/\\\/marglotexmodaf.co\\\/index.php\\\/producto\\\/blusa-bandeja-tu-mejor-look-de-salida\\\/\",\"url\":\"https:\\\/\\\/marglotexmodaf.co\\\/index.php\\\/producto\\\/blusa-bandeja-tu-mejor-look-de-salida\\\/\",\"name\":\"Blusa Bandeja Estelar - Marglotexmodaf.co\",\"isPartOf\":{\"@id\":\"https:\\\/\\\/marglotexmodaf.co\\\/#website\"},\"primaryImageOfPage\":{\"@id\":\"https:\\\/\\\/marglotexmodaf.co\\\/index.php\\\/producto\\\/blusa-bandeja-tu-mejor-look-de-salida\\\/#primaryimage\"},\"image\":{\"@id\":\"https:\\\/\\\/marglotexmodaf.co\\\/index.php\\\/producto\\\/blusa-bandeja-tu-mejor-look-de-salida\\\/#primaryimage\"},\"thumbnailUrl\":\"https:\\\/\\\/marglotexmodaf.co\\\/wp-content\\\/uploads\\\/2025\\\/07\\\/CATALOGO-RF-14.jpg\",\"datePublished\":\"2025-03-28T14:22:27+00:00\",\"dateModified\":\"2026-04-15T12:46:49+00:00\",\"description\":\"Blusa Cuello Bandeja Femenina, sofisticada y perfecta para cualquier ocasi\u00f3n. Su dise\u00f1o resalta tu silueta con un toque de distinci\u00f3n y exclusividad.\",\"breadcrumb\":{\"@id\":\"https:\\\/\\\/marglotexmodaf.co\\\/index.php\\\/producto\\\/blusa-bandeja-tu-mejor-look-de-salida\\\/#breadcrumb\"},\"inLanguage\":\"es-CO\",\"potentialAction\":[{\"@type\":\"ReadAction\",\"target\":[\"https:\\\/\\\/marglotexmodaf.co\\\/index.php\\\/producto\\\/blusa-bandeja-tu-mejor-look-de-salida\\\/\"]}]},{\"@type\":\"ImageObject\",\"inLanguage\":\"es-CO\",\"@id\":\"https:\\\/\\\/marglotexmodaf.co\\\/index.php\\\/producto\\\/blusa-bandeja-tu-mejor-look-de-salida\\\/#primaryimage\",\"url\":\"https:\\\/\\\/marglotexmodaf.co\\\/wp-content\\\/uploads\\\/2025\\\/07\\\/CATALOGO-RF-14.jpg\",\"contentUrl\":\"https:\\\/\\\/marglotexmodaf.co\\\/wp-content\\\/uploads\\\/2025\\\/07\\\/CATALOGO-RF-14.jpg\",\"width\":1080,\"height\":1080},{\"@type\":\"BreadcrumbList\",\"@id\":\"https:\\\/\\\/marglotexmodaf.co\\\/index.php\\\/producto\\\/blusa-bandeja-tu-mejor-look-de-salida\\\/#breadcrumb\",\"itemListElement\":[{\"@type\":\"ListItem\",\"position\":1,\"name\":\"Inicio\",\"item\":\"https:\\\/\\\/marglotexmodaf.co\\\/\"},{\"@type\":\"ListItem\",\"position\":2,\"name\":\"Tienda\",\"item\":\"https:\\\/\\\/marglotexmodaf.co\\\/index.php\\\/tienda\\\/\"},{\"@type\":\"ListItem\",\"position\":3,\"name\":\"Blusa Bandeja Estelar\"}]},{\"@type\":\"WebSite\",\"@id\":\"https:\\\/\\\/marglotexmodaf.co\\\/#website\",\"url\":\"https:\\\/\\\/marglotexmodaf.co\\\/\",\"name\":\"Marglotexmodaf.co\",\"description\":\"\",\"publisher\":{\"@id\":\"https:\\\/\\\/marglotexmodaf.co\\\/#organization\"},\"potentialAction\":[{\"@type\":\"SearchAction\",\"target\":{\"@type\":\"EntryPoint\",\"urlTemplate\":\"https:\\\/\\\/marglotexmodaf.co\\\/?s={search_term_string}\"},\"query-input\":{\"@type\":\"PropertyValueSpecification\",\"valueRequired\":true,\"valueName\":\"search_term_string\"}}],\"inLanguage\":\"es-CO\"},{\"@type\":\"Organization\",\"@id\":\"https:\\\/\\\/marglotexmodaf.co\\\/#organization\",\"name\":\"Marglotexmodaf.co\",\"url\":\"https:\\\/\\\/marglotexmodaf.co\\\/\",\"logo\":{\"@type\":\"ImageObject\",\"inLanguage\":\"es-CO\",\"@id\":\"https:\\\/\\\/marglotexmodaf.co\\\/#\\\/schema\\\/logo\\\/image\\\/\",\"url\":\"https:\\\/\\\/marglotexmodaf.co\\\/wp-content\\\/uploads\\\/2025\\\/01\\\/cropped-LOGO-Y-TEXTO-.jpg\",\"contentUrl\":\"https:\\\/\\\/marglotexmodaf.co\\\/wp-content\\\/uploads\\\/2025\\\/01\\\/cropped-LOGO-Y-TEXTO-.jpg\",\"width\":1078,\"height\":433,\"caption\":\"Marglotexmodaf.co\"},\"image\":{\"@id\":\"https:\\\/\\\/marglotexmodaf.co\\\/#\\\/schema\\\/logo\\\/image\\\/\"}}]}<\/script>\n<!-- \/ Yoast SEO plugin. -->","yoast_head_json":{"title":"Blusa Bandeja Estelar - Marglotexmodaf.co","description":"Blusa Cuello Bandeja Femenina, sofisticada y perfecta para cualquier ocasi\u00f3n. Su dise\u00f1o resalta tu silueta con un toque de distinci\u00f3n y exclusividad.","robots":{"index":"index","follow":"follow","max-snippet":"max-snippet:-1","max-image-preview":"max-image-preview:large","max-video-preview":"max-video-preview:-1"},"canonical":"https:\/\/marglotexmodaf.co\/index.php\/producto\/blusa-bandeja-tu-mejor-look-de-salida\/","og_locale":"es_ES","og_type":"article","og_title":"Blusa Bandeja Estelar - Marglotexmodaf.co","og_description":"Blusa Cuello Bandeja Femenina, sofisticada y perfecta para cualquier ocasi\u00f3n. Su dise\u00f1o resalta tu silueta con un toque de distinci\u00f3n y exclusividad.","og_url":"https:\/\/marglotexmodaf.co\/index.php\/producto\/blusa-bandeja-tu-mejor-look-de-salida\/","og_site_name":"Marglotexmodaf.co","article_modified_time":"2026-04-15T12:46:49+00:00","og_image":[{"width":1080,"height":1080,"url":"https:\/\/marglotexmodaf.co\/wp-content\/uploads\/2025\/07\/CATALOGO-RF-14.jpg","type":"image\/jpeg"}],"twitter_card":"summary_large_image","twitter_misc":{"Tiempo de lectura":"1 minuto"},"schema":{"@context":"https:\/\/schema.org","@graph":[{"@type":"WebPage","@id":"https:\/\/marglotexmodaf.co\/index.php\/producto\/blusa-bandeja-tu-mejor-look-de-salida\/","url":"https:\/\/marglotexmodaf.co\/index.php\/producto\/blusa-bandeja-tu-mejor-look-de-salida\/","name":"Blusa Bandeja Estelar - Marglotexmodaf.co","isPartOf":{"@id":"https:\/\/marglotexmodaf.co\/#website"},"primaryImageOfPage":{"@id":"https:\/\/marglotexmodaf.co\/index.php\/producto\/blusa-bandeja-tu-mejor-look-de-salida\/#primaryimage"},"image":{"@id":"https:\/\/marglotexmodaf.co\/index.php\/producto\/blusa-bandeja-tu-mejor-look-de-salida\/#primaryimage"},"thumbnailUrl":"https:\/\/marglotexmodaf.co\/wp-content\/uploads\/2025\/07\/CATALOGO-RF-14.jpg","datePublished":"2025-03-28T14:22:27+00:00","dateModified":"2026-04-15T12:46:49+00:00","description":"Blusa Cuello Bandeja Femenina, sofisticada y perfecta para cualquier ocasi\u00f3n. Su dise\u00f1o resalta tu silueta con un toque de distinci\u00f3n y exclusividad.","breadcrumb":{"@id":"https:\/\/marglotexmodaf.co\/index.php\/producto\/blusa-bandeja-tu-mejor-look-de-salida\/#breadcrumb"},"inLanguage":"es-CO","potentialAction":[{"@type":"ReadAction","target":["https:\/\/marglotexmodaf.co\/index.php\/producto\/blusa-bandeja-tu-mejor-look-de-salida\/"]}]},{"@type":"ImageObject","inLanguage":"es-CO","@id":"https:\/\/marglotexmodaf.co\/index.php\/producto\/blusa-bandeja-tu-mejor-look-de-salida\/#primaryimage","url":"https:\/\/marglotexmodaf.co\/wp-content\/uploads\/2025\/07\/CATALOGO-RF-14.jpg","contentUrl":"https:\/\/marglotexmodaf.co\/wp-content\/uploads\/2025\/07\/CATALOGO-RF-14.jpg","width":1080,"height":1080},{"@type":"BreadcrumbList","@id":"https:\/\/marglotexmodaf.co\/index.php\/producto\/blusa-bandeja-tu-mejor-look-de-salida\/#breadcrumb","itemListElement":[{"@type":"ListItem","position":1,"name":"Inicio","item":"https:\/\/marglotexmodaf.co\/"},{"@type":"ListItem","position":2,"name":"Tienda","item":"https:\/\/marglotexmodaf.co\/index.php\/tienda\/"},{"@type":"ListItem","position":3,"name":"Blusa Bandeja Estelar"}]},{"@type":"WebSite","@id":"https:\/\/marglotexmodaf.co\/#website","url":"https:\/\/marglotexmodaf.co\/","name":"Marglotexmodaf.co","description":"","publisher":{"@id":"https:\/\/marglotexmodaf.co\/#organization"},"potentialAction":[{"@type":"SearchAction","target":{"@type":"EntryPoint","urlTemplate":"https:\/\/marglotexmodaf.co\/?s={search_term_string}"},"query-input":{"@type":"PropertyValueSpecification","valueRequired":true,"valueName":"search_term_string"}}],"inLanguage":"es-CO"},{"@type":"Organization","@id":"https:\/\/marglotexmodaf.co\/#organization","name":"Marglotexmodaf.co","url":"https:\/\/marglotexmodaf.co\/","logo":{"@type":"ImageObject","inLanguage":"es-CO","@id":"https:\/\/marglotexmodaf.co\/#\/schema\/logo\/image\/","url":"https:\/\/marglotexmodaf.co\/wp-content\/uploads\/2025\/01\/cropped-LOGO-Y-TEXTO-.jpg","contentUrl":"https:\/\/marglotexmodaf.co\/wp-content\/uploads\/2025\/01\/cropped-LOGO-Y-TEXTO-.jpg","width":1078,"height":433,"caption":"Marglotexmodaf.co"},"image":{"@id":"https:\/\/marglotexmodaf.co\/#\/schema\/logo\/image\/"}}]}},"_links":{"self":[{"href":"https:\/\/marglotexmodaf.co\/index.php\/wp-json\/wp\/v2\/product\/6268","targetHints":{"allow":["GET"]}}],"collection":[{"href":"https:\/\/marglotexmodaf.co\/index.php\/wp-json\/wp\/v2\/product"}],"about":[{"href":"https:\/\/marglotexmodaf.co\/index.php\/wp-json\/wp\/v2\/types\/product"}],"replies":[{"embeddable":true,"href":"https:\/\/marglotexmodaf.co\/index.php\/wp-json\/wp\/v2\/comments?post=6268"}],"version-history":[{"count":5,"href":"https:\/\/marglotexmodaf.co\/index.php\/wp-json\/wp\/v2\/product\/6268\/revisions"}],"predecessor-version":[{"id":11814,"href":"https:\/\/marglotexmodaf.co\/index.php\/wp-json\/wp\/v2\/product\/6268\/revisions\/11814"}],"wp:featuredmedia":[{"embeddable":true,"href":"https:\/\/marglotexmodaf.co\/index.php\/wp-json\/wp\/v2\/media\/7609"}],"wp:attachment":[{"href":"https:\/\/marglotexmodaf.co\/index.php\/wp-json\/wp\/v2\/media?parent=6268"}],"wp:term":[{"taxonomy":"product_brand","embeddable":true,"href":"https:\/\/marglotexmodaf.co\/index.php\/wp-json\/wp\/v2\/product_brand?post=6268"},{"taxonomy":"product_cat","embeddable":true,"href":"https:\/\/marglotexmodaf.co\/index.php\/wp-json\/wp\/v2\/product_cat?post=6268"},{"taxonomy":"product_tag","embeddable":true,"href":"https:\/\/marglotexmodaf.co\/index.php\/wp-json\/wp\/v2\/product_tag?post=6268"}],"curies":[{"name":"wp","href":"https:\/\/api.w.org\/{rel}","templated":true}]}}