{"id":2415,"date":"2024-03-06T17:45:43","date_gmt":"2024-03-06T17:45:43","guid":{"rendered":"https:\/\/marglotexmodaf.co\/?post_type=product&#038;p=2415"},"modified":"2026-04-14T19:44:58","modified_gmt":"2026-04-14T19:44:58","slug":"pantalon-palazzo-tu-look-de-evento","status":"publish","type":"product","link":"https:\/\/marglotexmodaf.co\/index.php\/producto\/pantalon-palazzo-tu-look-de-evento\/","title":{"rendered":"Pantal\u00f3n Palazzo Elegante"},"content":{"rendered":"<p><img fetchpriority=\"high\" decoding=\"async\" class=\"alignnone size-medium wp-image-7592\" src=\"https:\/\/marglotexmodaf.co\/wp-content\/uploads\/2025\/07\/CATALOGO-RF-34-300x300.jpg\" alt=\"\" width=\"300\" height=\"300\" srcset=\"https:\/\/marglotexmodaf.co\/wp-content\/uploads\/2025\/07\/CATALOGO-RF-34-300x300.jpg 300w, https:\/\/marglotexmodaf.co\/wp-content\/uploads\/2025\/07\/CATALOGO-RF-34-1024x1024.jpg 1024w, https:\/\/marglotexmodaf.co\/wp-content\/uploads\/2025\/07\/CATALOGO-RF-34-150x150.jpg 150w, https:\/\/marglotexmodaf.co\/wp-content\/uploads\/2025\/07\/CATALOGO-RF-34-768x768.jpg 768w, https:\/\/marglotexmodaf.co\/wp-content\/uploads\/2025\/07\/CATALOGO-RF-34-600x600.jpg 600w, https:\/\/marglotexmodaf.co\/wp-content\/uploads\/2025\/07\/CATALOGO-RF-34-100x100.jpg 100w, https:\/\/marglotexmodaf.co\/wp-content\/uploads\/2025\/07\/CATALOGO-RF-34-50x50.jpg 50w, https:\/\/marglotexmodaf.co\/wp-content\/uploads\/2025\/07\/CATALOGO-RF-34.jpg 1080w\" sizes=\"(max-width: 300px) 100vw, 300px\" \/><\/p>\n<p class=\"selectable-text copyable-text iq0m558w g0rxnol2\" dir=\"ltr\"><strong data-start=\"220\" data-end=\"275\">Pantal\u00f3n Negro en Cuero Tex \u2013 Exclusividad y Estilo<\/strong> \ud83d\udd25\ud83d\udda4<br data-start=\"280\" data-end=\"283\" \/>Impactante, vers\u00e1til y dise\u00f1ado para brillar. Su acabado premium y cintur\u00f3n incluido lo hacen una pieza \u00fanica.<\/p>\n<p class=\"selectable-text copyable-text iq0m558w g0rxnol2\" dir=\"ltr\">\n","protected":false},"excerpt":{"rendered":"<p><strong data-start=\"0\" data-end=\"44\">Pantal\u00f3n Negro en Cuero Tex con Cintur\u00f3n<\/strong> \ud83d\udda4\u2728<br data-start=\"48\" data-end=\"51\" \/>Sofisticado y con car\u00e1cter. Su dise\u00f1o exclusivo estiliza tu figura y a\u00f1ade un toque de poder a cualquier look. \u00a1Edici\u00f3n limitada, no te quedes sin el tuyo! \ud83d\udd25<\/p>\n","protected":false},"featured_media":7599,"comment_status":"open","ping_status":"closed","template":"","meta":{"_kad_post_transparent":"default","_kad_post_title":"","_kad_post_layout":"default","_kad_post_sidebar_id":"","_kad_post_content_style":"default","_kad_post_vertical_padding":"default","_kad_post_feature":"","_kad_post_feature_position":"","_kad_post_header":false,"_kad_post_footer":false,"_joinchat":[]},"product_brand":[],"product_cat":[22],"product_tag":[],"class_list":{"0":"post-2415","1":"product","2":"type-product","3":"status-publish","4":"has-post-thumbnail","6":"product_cat-pantalon","7":"pa_tallas-l","8":"pa_tallas-m","9":"pa_tallas-s","11":"first","12":"instock","13":"sale","14":"taxable","15":"shipping-taxable","16":"purchasable","17":"product-type-variable","18":"entry","19":"content-bg","20":"loop-entry"},"yoast_head":"<!-- This site is optimized with the Yoast SEO plugin v27.4 - https:\/\/yoast.com\/product\/yoast-seo-wordpress\/ -->\n<title>Pantal\u00f3n Palazzo Elegante - Marglotexmodaf.co<\/title>\n<meta name=\"description\" content=\"Pantal\u00f3n palazzo negro tiro alto con efecto cuero que realza tu silueta y aporta un look elegante y moderno. Perfecto para destacar en cualquier ocasi\u00f3n.\" \/>\n<meta name=\"robots\" content=\"index, follow, max-snippet:-1, max-image-preview:large, max-video-preview:-1\" \/>\n<link rel=\"canonical\" href=\"https:\/\/marglotexmodaf.co\/index.php\/producto\/pantalon-palazzo-tu-look-de-evento\/\" \/>\n<meta property=\"og:locale\" content=\"es_ES\" \/>\n<meta property=\"og:type\" content=\"article\" \/>\n<meta property=\"og:title\" content=\"Pantal\u00f3n Palazzo Elegante - Marglotexmodaf.co\" \/>\n<meta property=\"og:description\" content=\"Pantal\u00f3n palazzo negro tiro alto con efecto cuero que realza tu silueta y aporta un look elegante y moderno. Perfecto para destacar en cualquier ocasi\u00f3n.\" \/>\n<meta property=\"og:url\" content=\"https:\/\/marglotexmodaf.co\/index.php\/producto\/pantalon-palazzo-tu-look-de-evento\/\" \/>\n<meta property=\"og:site_name\" content=\"Marglotexmodaf.co\" \/>\n<meta property=\"article:modified_time\" content=\"2026-04-14T19:44:58+00:00\" \/>\n<meta property=\"og:image\" content=\"https:\/\/marglotexmodaf.co\/wp-content\/uploads\/2025\/07\/CATALOGO-RF-26.jpg\" \/>\n\t<meta property=\"og:image:width\" content=\"1080\" \/>\n\t<meta property=\"og:image:height\" content=\"1080\" \/>\n\t<meta property=\"og:image:type\" content=\"image\/jpeg\" \/>\n<meta name=\"twitter:card\" content=\"summary_large_image\" \/>\n<meta name=\"twitter:label1\" content=\"Tiempo de lectura\" \/>\n\t<meta name=\"twitter:data1\" content=\"1 minuto\" \/>\n<script type=\"application\/ld+json\" class=\"yoast-schema-graph\">{\"@context\":\"https:\\\/\\\/schema.org\",\"@graph\":[{\"@type\":\"WebPage\",\"@id\":\"https:\\\/\\\/marglotexmodaf.co\\\/index.php\\\/producto\\\/pantalon-palazzo-tu-look-de-evento\\\/\",\"url\":\"https:\\\/\\\/marglotexmodaf.co\\\/index.php\\\/producto\\\/pantalon-palazzo-tu-look-de-evento\\\/\",\"name\":\"Pantal\u00f3n Palazzo Elegante - Marglotexmodaf.co\",\"isPartOf\":{\"@id\":\"https:\\\/\\\/marglotexmodaf.co\\\/#website\"},\"primaryImageOfPage\":{\"@id\":\"https:\\\/\\\/marglotexmodaf.co\\\/index.php\\\/producto\\\/pantalon-palazzo-tu-look-de-evento\\\/#primaryimage\"},\"image\":{\"@id\":\"https:\\\/\\\/marglotexmodaf.co\\\/index.php\\\/producto\\\/pantalon-palazzo-tu-look-de-evento\\\/#primaryimage\"},\"thumbnailUrl\":\"https:\\\/\\\/marglotexmodaf.co\\\/wp-content\\\/uploads\\\/2025\\\/07\\\/CATALOGO-RF-26.jpg\",\"datePublished\":\"2024-03-06T17:45:43+00:00\",\"dateModified\":\"2026-04-14T19:44:58+00:00\",\"description\":\"Pantal\u00f3n palazzo negro tiro alto con efecto cuero que realza tu silueta y aporta un look elegante y moderno. Perfecto para destacar en cualquier ocasi\u00f3n.\",\"breadcrumb\":{\"@id\":\"https:\\\/\\\/marglotexmodaf.co\\\/index.php\\\/producto\\\/pantalon-palazzo-tu-look-de-evento\\\/#breadcrumb\"},\"inLanguage\":\"es-CO\",\"potentialAction\":[{\"@type\":\"ReadAction\",\"target\":[\"https:\\\/\\\/marglotexmodaf.co\\\/index.php\\\/producto\\\/pantalon-palazzo-tu-look-de-evento\\\/\"]}]},{\"@type\":\"ImageObject\",\"inLanguage\":\"es-CO\",\"@id\":\"https:\\\/\\\/marglotexmodaf.co\\\/index.php\\\/producto\\\/pantalon-palazzo-tu-look-de-evento\\\/#primaryimage\",\"url\":\"https:\\\/\\\/marglotexmodaf.co\\\/wp-content\\\/uploads\\\/2025\\\/07\\\/CATALOGO-RF-26.jpg\",\"contentUrl\":\"https:\\\/\\\/marglotexmodaf.co\\\/wp-content\\\/uploads\\\/2025\\\/07\\\/CATALOGO-RF-26.jpg\",\"width\":1080,\"height\":1080},{\"@type\":\"BreadcrumbList\",\"@id\":\"https:\\\/\\\/marglotexmodaf.co\\\/index.php\\\/producto\\\/pantalon-palazzo-tu-look-de-evento\\\/#breadcrumb\",\"itemListElement\":[{\"@type\":\"ListItem\",\"position\":1,\"name\":\"Inicio\",\"item\":\"https:\\\/\\\/marglotexmodaf.co\\\/\"},{\"@type\":\"ListItem\",\"position\":2,\"name\":\"Tienda\",\"item\":\"https:\\\/\\\/marglotexmodaf.co\\\/index.php\\\/tienda\\\/\"},{\"@type\":\"ListItem\",\"position\":3,\"name\":\"Pantal\u00f3n Palazzo Elegante\"}]},{\"@type\":\"WebSite\",\"@id\":\"https:\\\/\\\/marglotexmodaf.co\\\/#website\",\"url\":\"https:\\\/\\\/marglotexmodaf.co\\\/\",\"name\":\"Marglotexmodaf.co\",\"description\":\"\",\"publisher\":{\"@id\":\"https:\\\/\\\/marglotexmodaf.co\\\/#organization\"},\"potentialAction\":[{\"@type\":\"SearchAction\",\"target\":{\"@type\":\"EntryPoint\",\"urlTemplate\":\"https:\\\/\\\/marglotexmodaf.co\\\/?s={search_term_string}\"},\"query-input\":{\"@type\":\"PropertyValueSpecification\",\"valueRequired\":true,\"valueName\":\"search_term_string\"}}],\"inLanguage\":\"es-CO\"},{\"@type\":\"Organization\",\"@id\":\"https:\\\/\\\/marglotexmodaf.co\\\/#organization\",\"name\":\"Marglotexmodaf.co\",\"url\":\"https:\\\/\\\/marglotexmodaf.co\\\/\",\"logo\":{\"@type\":\"ImageObject\",\"inLanguage\":\"es-CO\",\"@id\":\"https:\\\/\\\/marglotexmodaf.co\\\/#\\\/schema\\\/logo\\\/image\\\/\",\"url\":\"https:\\\/\\\/marglotexmodaf.co\\\/wp-content\\\/uploads\\\/2025\\\/01\\\/cropped-LOGO-Y-TEXTO-.jpg\",\"contentUrl\":\"https:\\\/\\\/marglotexmodaf.co\\\/wp-content\\\/uploads\\\/2025\\\/01\\\/cropped-LOGO-Y-TEXTO-.jpg\",\"width\":1078,\"height\":433,\"caption\":\"Marglotexmodaf.co\"},\"image\":{\"@id\":\"https:\\\/\\\/marglotexmodaf.co\\\/#\\\/schema\\\/logo\\\/image\\\/\"}}]}<\/script>\n<!-- \/ Yoast SEO plugin. -->","yoast_head_json":{"title":"Pantal\u00f3n Palazzo Elegante - Marglotexmodaf.co","description":"Pantal\u00f3n palazzo negro tiro alto con efecto cuero que realza tu silueta y aporta un look elegante y moderno. Perfecto para destacar en cualquier ocasi\u00f3n.","robots":{"index":"index","follow":"follow","max-snippet":"max-snippet:-1","max-image-preview":"max-image-preview:large","max-video-preview":"max-video-preview:-1"},"canonical":"https:\/\/marglotexmodaf.co\/index.php\/producto\/pantalon-palazzo-tu-look-de-evento\/","og_locale":"es_ES","og_type":"article","og_title":"Pantal\u00f3n Palazzo Elegante - Marglotexmodaf.co","og_description":"Pantal\u00f3n palazzo negro tiro alto con efecto cuero que realza tu silueta y aporta un look elegante y moderno. Perfecto para destacar en cualquier ocasi\u00f3n.","og_url":"https:\/\/marglotexmodaf.co\/index.php\/producto\/pantalon-palazzo-tu-look-de-evento\/","og_site_name":"Marglotexmodaf.co","article_modified_time":"2026-04-14T19:44:58+00:00","og_image":[{"width":1080,"height":1080,"url":"https:\/\/marglotexmodaf.co\/wp-content\/uploads\/2025\/07\/CATALOGO-RF-26.jpg","type":"image\/jpeg"}],"twitter_card":"summary_large_image","twitter_misc":{"Tiempo de lectura":"1 minuto"},"schema":{"@context":"https:\/\/schema.org","@graph":[{"@type":"WebPage","@id":"https:\/\/marglotexmodaf.co\/index.php\/producto\/pantalon-palazzo-tu-look-de-evento\/","url":"https:\/\/marglotexmodaf.co\/index.php\/producto\/pantalon-palazzo-tu-look-de-evento\/","name":"Pantal\u00f3n Palazzo Elegante - Marglotexmodaf.co","isPartOf":{"@id":"https:\/\/marglotexmodaf.co\/#website"},"primaryImageOfPage":{"@id":"https:\/\/marglotexmodaf.co\/index.php\/producto\/pantalon-palazzo-tu-look-de-evento\/#primaryimage"},"image":{"@id":"https:\/\/marglotexmodaf.co\/index.php\/producto\/pantalon-palazzo-tu-look-de-evento\/#primaryimage"},"thumbnailUrl":"https:\/\/marglotexmodaf.co\/wp-content\/uploads\/2025\/07\/CATALOGO-RF-26.jpg","datePublished":"2024-03-06T17:45:43+00:00","dateModified":"2026-04-14T19:44:58+00:00","description":"Pantal\u00f3n palazzo negro tiro alto con efecto cuero que realza tu silueta y aporta un look elegante y moderno. Perfecto para destacar en cualquier ocasi\u00f3n.","breadcrumb":{"@id":"https:\/\/marglotexmodaf.co\/index.php\/producto\/pantalon-palazzo-tu-look-de-evento\/#breadcrumb"},"inLanguage":"es-CO","potentialAction":[{"@type":"ReadAction","target":["https:\/\/marglotexmodaf.co\/index.php\/producto\/pantalon-palazzo-tu-look-de-evento\/"]}]},{"@type":"ImageObject","inLanguage":"es-CO","@id":"https:\/\/marglotexmodaf.co\/index.php\/producto\/pantalon-palazzo-tu-look-de-evento\/#primaryimage","url":"https:\/\/marglotexmodaf.co\/wp-content\/uploads\/2025\/07\/CATALOGO-RF-26.jpg","contentUrl":"https:\/\/marglotexmodaf.co\/wp-content\/uploads\/2025\/07\/CATALOGO-RF-26.jpg","width":1080,"height":1080},{"@type":"BreadcrumbList","@id":"https:\/\/marglotexmodaf.co\/index.php\/producto\/pantalon-palazzo-tu-look-de-evento\/#breadcrumb","itemListElement":[{"@type":"ListItem","position":1,"name":"Inicio","item":"https:\/\/marglotexmodaf.co\/"},{"@type":"ListItem","position":2,"name":"Tienda","item":"https:\/\/marglotexmodaf.co\/index.php\/tienda\/"},{"@type":"ListItem","position":3,"name":"Pantal\u00f3n Palazzo Elegante"}]},{"@type":"WebSite","@id":"https:\/\/marglotexmodaf.co\/#website","url":"https:\/\/marglotexmodaf.co\/","name":"Marglotexmodaf.co","description":"","publisher":{"@id":"https:\/\/marglotexmodaf.co\/#organization"},"potentialAction":[{"@type":"SearchAction","target":{"@type":"EntryPoint","urlTemplate":"https:\/\/marglotexmodaf.co\/?s={search_term_string}"},"query-input":{"@type":"PropertyValueSpecification","valueRequired":true,"valueName":"search_term_string"}}],"inLanguage":"es-CO"},{"@type":"Organization","@id":"https:\/\/marglotexmodaf.co\/#organization","name":"Marglotexmodaf.co","url":"https:\/\/marglotexmodaf.co\/","logo":{"@type":"ImageObject","inLanguage":"es-CO","@id":"https:\/\/marglotexmodaf.co\/#\/schema\/logo\/image\/","url":"https:\/\/marglotexmodaf.co\/wp-content\/uploads\/2025\/01\/cropped-LOGO-Y-TEXTO-.jpg","contentUrl":"https:\/\/marglotexmodaf.co\/wp-content\/uploads\/2025\/01\/cropped-LOGO-Y-TEXTO-.jpg","width":1078,"height":433,"caption":"Marglotexmodaf.co"},"image":{"@id":"https:\/\/marglotexmodaf.co\/#\/schema\/logo\/image\/"}}]}},"_links":{"self":[{"href":"https:\/\/marglotexmodaf.co\/index.php\/wp-json\/wp\/v2\/product\/2415","targetHints":{"allow":["GET"]}}],"collection":[{"href":"https:\/\/marglotexmodaf.co\/index.php\/wp-json\/wp\/v2\/product"}],"about":[{"href":"https:\/\/marglotexmodaf.co\/index.php\/wp-json\/wp\/v2\/types\/product"}],"replies":[{"embeddable":true,"href":"https:\/\/marglotexmodaf.co\/index.php\/wp-json\/wp\/v2\/comments?post=2415"}],"version-history":[{"count":9,"href":"https:\/\/marglotexmodaf.co\/index.php\/wp-json\/wp\/v2\/product\/2415\/revisions"}],"predecessor-version":[{"id":11797,"href":"https:\/\/marglotexmodaf.co\/index.php\/wp-json\/wp\/v2\/product\/2415\/revisions\/11797"}],"wp:featuredmedia":[{"embeddable":true,"href":"https:\/\/marglotexmodaf.co\/index.php\/wp-json\/wp\/v2\/media\/7599"}],"wp:attachment":[{"href":"https:\/\/marglotexmodaf.co\/index.php\/wp-json\/wp\/v2\/media?parent=2415"}],"wp:term":[{"taxonomy":"product_brand","embeddable":true,"href":"https:\/\/marglotexmodaf.co\/index.php\/wp-json\/wp\/v2\/product_brand?post=2415"},{"taxonomy":"product_cat","embeddable":true,"href":"https:\/\/marglotexmodaf.co\/index.php\/wp-json\/wp\/v2\/product_cat?post=2415"},{"taxonomy":"product_tag","embeddable":true,"href":"https:\/\/marglotexmodaf.co\/index.php\/wp-json\/wp\/v2\/product_tag?post=2415"}],"curies":[{"name":"wp","href":"https:\/\/api.w.org\/{rel}","templated":true}]}}