{"id":11836,"date":"2026-04-15T15:40:42","date_gmt":"2026-04-15T15:40:42","guid":{"rendered":"https:\/\/marglotexmodaf.co\/?post_type=product&#038;p=11836"},"modified":"2026-04-15T16:20:34","modified_gmt":"2026-04-15T16:20:34","slug":"pantalon-efecto-cuero","status":"publish","type":"product","link":"https:\/\/marglotexmodaf.co\/index.php\/producto\/pantalon-efecto-cuero\/","title":{"rendered":"Pantal\u00f3n Efecto Cuero"},"content":{"rendered":"<p>Un pantal\u00f3n que impone estilo: efecto cuero, silueta moderna y detalles que roban miradas.<\/p>\n","protected":false},"excerpt":{"rendered":"<p>Atr\u00e9vete a destacar con este pantal\u00f3n, dise\u00f1ado para mujeres que buscan un estilo moderno, elegante y con car\u00e1cter<\/p>\n","protected":false},"featured_media":0,"comment_status":"open","ping_status":"closed","template":"","meta":{"_kad_post_transparent":"default","_kad_post_title":"","_kad_post_layout":"default","_kad_post_sidebar_id":"","_kad_post_content_style":"default","_kad_post_vertical_padding":"default","_kad_post_feature":"","_kad_post_feature_position":"","_kad_post_header":false,"_kad_post_footer":false,"_joinchat":[]},"product_brand":[],"product_cat":[22],"product_tag":[],"class_list":{"0":"post-11836","1":"product","2":"type-product","3":"status-publish","5":"product_cat-pantalon","6":"pa_color-marron-claro","7":"pa_color-negro","8":"pa_tallas-l","9":"pa_tallas-m","10":"pa_tallas-s","11":"pa_tallas-xl","13":"first","14":"instock","15":"sale","16":"taxable","17":"shipping-taxable","18":"purchasable","19":"product-type-variable","20":"entry","21":"content-bg","22":"loop-entry"},"yoast_head":"<!-- This site is optimized with the Yoast SEO plugin v27.4 - https:\/\/yoast.com\/product\/yoast-seo-wordpress\/ -->\n<title>Pantal\u00f3n Efecto Cuero - Marglotexmodaf.co<\/title>\n<meta name=\"description\" content=\"Pantal\u00f3n negro efecto cuero para mujer con dise\u00f1o moderno mientras que los detalles met\u00e1licos laterales elevan la prenda a un nivel \u00fanico y vanguardista.\" \/>\n<meta name=\"robots\" content=\"index, follow, max-snippet:-1, max-image-preview:large, max-video-preview:-1\" \/>\n<link rel=\"canonical\" href=\"https:\/\/marglotexmodaf.co\/index.php\/producto\/pantalon-efecto-cuero\/\" \/>\n<meta property=\"og:locale\" content=\"es_ES\" \/>\n<meta property=\"og:type\" content=\"article\" \/>\n<meta property=\"og:title\" content=\"Pantal\u00f3n Efecto Cuero - Marglotexmodaf.co\" \/>\n<meta property=\"og:description\" content=\"Pantal\u00f3n negro efecto cuero para mujer con dise\u00f1o moderno mientras que los detalles met\u00e1licos laterales elevan la prenda a un nivel \u00fanico y vanguardista.\" \/>\n<meta property=\"og:url\" content=\"https:\/\/marglotexmodaf.co\/index.php\/producto\/pantalon-efecto-cuero\/\" \/>\n<meta property=\"og:site_name\" content=\"Marglotexmodaf.co\" \/>\n<meta property=\"article:modified_time\" content=\"2026-04-15T16:20:34+00:00\" \/>\n<meta name=\"twitter:card\" content=\"summary_large_image\" \/>\n<meta name=\"twitter:label1\" content=\"Tiempo de lectura\" \/>\n\t<meta name=\"twitter:data1\" content=\"1 minuto\" \/>\n<script type=\"application\/ld+json\" class=\"yoast-schema-graph\">{\"@context\":\"https:\\\/\\\/schema.org\",\"@graph\":[{\"@type\":\"WebPage\",\"@id\":\"https:\\\/\\\/marglotexmodaf.co\\\/index.php\\\/producto\\\/pantalon-efecto-cuero\\\/\",\"url\":\"https:\\\/\\\/marglotexmodaf.co\\\/index.php\\\/producto\\\/pantalon-efecto-cuero\\\/\",\"name\":\"Pantal\u00f3n Efecto Cuero - Marglotexmodaf.co\",\"isPartOf\":{\"@id\":\"https:\\\/\\\/marglotexmodaf.co\\\/#website\"},\"datePublished\":\"2026-04-15T15:40:42+00:00\",\"dateModified\":\"2026-04-15T16:20:34+00:00\",\"description\":\"Pantal\u00f3n negro efecto cuero para mujer con dise\u00f1o moderno mientras que los detalles met\u00e1licos laterales elevan la prenda a un nivel \u00fanico y vanguardista.\",\"breadcrumb\":{\"@id\":\"https:\\\/\\\/marglotexmodaf.co\\\/index.php\\\/producto\\\/pantalon-efecto-cuero\\\/#breadcrumb\"},\"inLanguage\":\"es-CO\",\"potentialAction\":[{\"@type\":\"ReadAction\",\"target\":[\"https:\\\/\\\/marglotexmodaf.co\\\/index.php\\\/producto\\\/pantalon-efecto-cuero\\\/\"]}]},{\"@type\":\"BreadcrumbList\",\"@id\":\"https:\\\/\\\/marglotexmodaf.co\\\/index.php\\\/producto\\\/pantalon-efecto-cuero\\\/#breadcrumb\",\"itemListElement\":[{\"@type\":\"ListItem\",\"position\":1,\"name\":\"Inicio\",\"item\":\"https:\\\/\\\/marglotexmodaf.co\\\/\"},{\"@type\":\"ListItem\",\"position\":2,\"name\":\"Tienda\",\"item\":\"https:\\\/\\\/marglotexmodaf.co\\\/index.php\\\/tienda\\\/\"},{\"@type\":\"ListItem\",\"position\":3,\"name\":\"Pantal\u00f3n Efecto Cuero\"}]},{\"@type\":\"WebSite\",\"@id\":\"https:\\\/\\\/marglotexmodaf.co\\\/#website\",\"url\":\"https:\\\/\\\/marglotexmodaf.co\\\/\",\"name\":\"Marglotexmodaf.co\",\"description\":\"\",\"publisher\":{\"@id\":\"https:\\\/\\\/marglotexmodaf.co\\\/#organization\"},\"potentialAction\":[{\"@type\":\"SearchAction\",\"target\":{\"@type\":\"EntryPoint\",\"urlTemplate\":\"https:\\\/\\\/marglotexmodaf.co\\\/?s={search_term_string}\"},\"query-input\":{\"@type\":\"PropertyValueSpecification\",\"valueRequired\":true,\"valueName\":\"search_term_string\"}}],\"inLanguage\":\"es-CO\"},{\"@type\":\"Organization\",\"@id\":\"https:\\\/\\\/marglotexmodaf.co\\\/#organization\",\"name\":\"Marglotexmodaf.co\",\"url\":\"https:\\\/\\\/marglotexmodaf.co\\\/\",\"logo\":{\"@type\":\"ImageObject\",\"inLanguage\":\"es-CO\",\"@id\":\"https:\\\/\\\/marglotexmodaf.co\\\/#\\\/schema\\\/logo\\\/image\\\/\",\"url\":\"https:\\\/\\\/marglotexmodaf.co\\\/wp-content\\\/uploads\\\/2025\\\/01\\\/cropped-LOGO-Y-TEXTO-.jpg\",\"contentUrl\":\"https:\\\/\\\/marglotexmodaf.co\\\/wp-content\\\/uploads\\\/2025\\\/01\\\/cropped-LOGO-Y-TEXTO-.jpg\",\"width\":1078,\"height\":433,\"caption\":\"Marglotexmodaf.co\"},\"image\":{\"@id\":\"https:\\\/\\\/marglotexmodaf.co\\\/#\\\/schema\\\/logo\\\/image\\\/\"}}]}<\/script>\n<!-- \/ Yoast SEO plugin. -->","yoast_head_json":{"title":"Pantal\u00f3n Efecto Cuero - Marglotexmodaf.co","description":"Pantal\u00f3n negro efecto cuero para mujer con dise\u00f1o moderno mientras que los detalles met\u00e1licos laterales elevan la prenda a un nivel \u00fanico y vanguardista.","robots":{"index":"index","follow":"follow","max-snippet":"max-snippet:-1","max-image-preview":"max-image-preview:large","max-video-preview":"max-video-preview:-1"},"canonical":"https:\/\/marglotexmodaf.co\/index.php\/producto\/pantalon-efecto-cuero\/","og_locale":"es_ES","og_type":"article","og_title":"Pantal\u00f3n Efecto Cuero - Marglotexmodaf.co","og_description":"Pantal\u00f3n negro efecto cuero para mujer con dise\u00f1o moderno mientras que los detalles met\u00e1licos laterales elevan la prenda a un nivel \u00fanico y vanguardista.","og_url":"https:\/\/marglotexmodaf.co\/index.php\/producto\/pantalon-efecto-cuero\/","og_site_name":"Marglotexmodaf.co","article_modified_time":"2026-04-15T16:20:34+00:00","twitter_card":"summary_large_image","twitter_misc":{"Tiempo de lectura":"1 minuto"},"schema":{"@context":"https:\/\/schema.org","@graph":[{"@type":"WebPage","@id":"https:\/\/marglotexmodaf.co\/index.php\/producto\/pantalon-efecto-cuero\/","url":"https:\/\/marglotexmodaf.co\/index.php\/producto\/pantalon-efecto-cuero\/","name":"Pantal\u00f3n Efecto Cuero - Marglotexmodaf.co","isPartOf":{"@id":"https:\/\/marglotexmodaf.co\/#website"},"datePublished":"2026-04-15T15:40:42+00:00","dateModified":"2026-04-15T16:20:34+00:00","description":"Pantal\u00f3n negro efecto cuero para mujer con dise\u00f1o moderno mientras que los detalles met\u00e1licos laterales elevan la prenda a un nivel \u00fanico y vanguardista.","breadcrumb":{"@id":"https:\/\/marglotexmodaf.co\/index.php\/producto\/pantalon-efecto-cuero\/#breadcrumb"},"inLanguage":"es-CO","potentialAction":[{"@type":"ReadAction","target":["https:\/\/marglotexmodaf.co\/index.php\/producto\/pantalon-efecto-cuero\/"]}]},{"@type":"BreadcrumbList","@id":"https:\/\/marglotexmodaf.co\/index.php\/producto\/pantalon-efecto-cuero\/#breadcrumb","itemListElement":[{"@type":"ListItem","position":1,"name":"Inicio","item":"https:\/\/marglotexmodaf.co\/"},{"@type":"ListItem","position":2,"name":"Tienda","item":"https:\/\/marglotexmodaf.co\/index.php\/tienda\/"},{"@type":"ListItem","position":3,"name":"Pantal\u00f3n Efecto Cuero"}]},{"@type":"WebSite","@id":"https:\/\/marglotexmodaf.co\/#website","url":"https:\/\/marglotexmodaf.co\/","name":"Marglotexmodaf.co","description":"","publisher":{"@id":"https:\/\/marglotexmodaf.co\/#organization"},"potentialAction":[{"@type":"SearchAction","target":{"@type":"EntryPoint","urlTemplate":"https:\/\/marglotexmodaf.co\/?s={search_term_string}"},"query-input":{"@type":"PropertyValueSpecification","valueRequired":true,"valueName":"search_term_string"}}],"inLanguage":"es-CO"},{"@type":"Organization","@id":"https:\/\/marglotexmodaf.co\/#organization","name":"Marglotexmodaf.co","url":"https:\/\/marglotexmodaf.co\/","logo":{"@type":"ImageObject","inLanguage":"es-CO","@id":"https:\/\/marglotexmodaf.co\/#\/schema\/logo\/image\/","url":"https:\/\/marglotexmodaf.co\/wp-content\/uploads\/2025\/01\/cropped-LOGO-Y-TEXTO-.jpg","contentUrl":"https:\/\/marglotexmodaf.co\/wp-content\/uploads\/2025\/01\/cropped-LOGO-Y-TEXTO-.jpg","width":1078,"height":433,"caption":"Marglotexmodaf.co"},"image":{"@id":"https:\/\/marglotexmodaf.co\/#\/schema\/logo\/image\/"}}]}},"_links":{"self":[{"href":"https:\/\/marglotexmodaf.co\/index.php\/wp-json\/wp\/v2\/product\/11836","targetHints":{"allow":["GET"]}}],"collection":[{"href":"https:\/\/marglotexmodaf.co\/index.php\/wp-json\/wp\/v2\/product"}],"about":[{"href":"https:\/\/marglotexmodaf.co\/index.php\/wp-json\/wp\/v2\/types\/product"}],"replies":[{"embeddable":true,"href":"https:\/\/marglotexmodaf.co\/index.php\/wp-json\/wp\/v2\/comments?post=11836"}],"version-history":[{"count":1,"href":"https:\/\/marglotexmodaf.co\/index.php\/wp-json\/wp\/v2\/product\/11836\/revisions"}],"predecessor-version":[{"id":11838,"href":"https:\/\/marglotexmodaf.co\/index.php\/wp-json\/wp\/v2\/product\/11836\/revisions\/11838"}],"wp:attachment":[{"href":"https:\/\/marglotexmodaf.co\/index.php\/wp-json\/wp\/v2\/media?parent=11836"}],"wp:term":[{"taxonomy":"product_brand","embeddable":true,"href":"https:\/\/marglotexmodaf.co\/index.php\/wp-json\/wp\/v2\/product_brand?post=11836"},{"taxonomy":"product_cat","embeddable":true,"href":"https:\/\/marglotexmodaf.co\/index.php\/wp-json\/wp\/v2\/product_cat?post=11836"},{"taxonomy":"product_tag","embeddable":true,"href":"https:\/\/marglotexmodaf.co\/index.php\/wp-json\/wp\/v2\/product_tag?post=11836"}],"curies":[{"name":"wp","href":"https:\/\/api.w.org\/{rel}","templated":true}]}}