{"id":11262,"date":"2026-03-07T02:42:06","date_gmt":"2026-03-07T02:42:06","guid":{"rendered":"https:\/\/marglotexmodaf.co\/?post_type=product&#038;p=11262"},"modified":"2026-04-15T13:29:38","modified_gmt":"2026-04-15T13:29:38","slug":"blusa-asimetrica-de-un-solo-hombro","status":"publish","type":"product","link":"https:\/\/marglotexmodaf.co\/index.php\/producto\/blusa-asimetrica-de-un-solo-hombro\/","title":{"rendered":"Blusa asim\u00e9trica"},"content":{"rendered":"\t\t<div data-elementor-type=\"wp-post\" data-elementor-id=\"11262\" class=\"elementor elementor-11262\" data-elementor-post-type=\"product\">\n\t\t\t\t\t\t<section class=\"elementor-section elementor-top-section elementor-element elementor-element-d0db72b elementor-section-boxed elementor-section-height-default elementor-section-height-default\" data-id=\"d0db72b\" data-element_type=\"section\" data-e-type=\"section\">\n\t\t\t\t\t\t<div class=\"elementor-container elementor-column-gap-default\">\n\t\t\t\t\t<div class=\"elementor-column elementor-col-25 elementor-top-column elementor-element elementor-element-308146a\" data-id=\"308146a\" data-element_type=\"column\" data-e-type=\"column\">\n\t\t\t<div class=\"elementor-widget-wrap elementor-element-populated\">\n\t\t\t\t\t\t<div class=\"elementor-element elementor-element-941659b elementor-widget elementor-widget-image\" data-id=\"941659b\" data-element_type=\"widget\" data-e-type=\"widget\" data-widget_type=\"image.default\">\n\t\t\t\t<div class=\"elementor-widget-container\">\n\t\t\t\t\t\t\t\t\t\t\t\t\t\t\t<img fetchpriority=\"high\" decoding=\"async\" width=\"1024\" height=\"1024\" src=\"https:\/\/marglotexmodaf.co\/wp-content\/uploads\/2026\/03\/CATALOGO-RF0025-1024x1024.webp\" class=\"attachment-large size-large wp-image-11268\" alt=\"\" srcset=\"https:\/\/marglotexmodaf.co\/wp-content\/uploads\/2026\/03\/CATALOGO-RF0025-1024x1024.webp 1024w, https:\/\/marglotexmodaf.co\/wp-content\/uploads\/2026\/03\/CATALOGO-RF0025-300x300.webp 300w, https:\/\/marglotexmodaf.co\/wp-content\/uploads\/2026\/03\/CATALOGO-RF0025-150x150.webp 150w, https:\/\/marglotexmodaf.co\/wp-content\/uploads\/2026\/03\/CATALOGO-RF0025-768x768.webp 768w, https:\/\/marglotexmodaf.co\/wp-content\/uploads\/2026\/03\/CATALOGO-RF0025-1536x1536.webp 1536w, https:\/\/marglotexmodaf.co\/wp-content\/uploads\/2026\/03\/CATALOGO-RF0025-600x600.webp 600w, https:\/\/marglotexmodaf.co\/wp-content\/uploads\/2026\/03\/CATALOGO-RF0025-100x100.webp 100w, https:\/\/marglotexmodaf.co\/wp-content\/uploads\/2026\/03\/CATALOGO-RF0025-50x50.webp 50w, https:\/\/marglotexmodaf.co\/wp-content\/uploads\/2026\/03\/CATALOGO-RF0025.webp 1890w\" sizes=\"(max-width: 1024px) 100vw, 1024px\" \/>\t\t\t\t\t\t\t\t\t\t\t\t\t\t\t<\/div>\n\t\t\t\t<\/div>\n\t\t\t\t\t<\/div>\n\t\t<\/div>\n\t\t\t\t<div class=\"elementor-column elementor-col-50 elementor-top-column elementor-element elementor-element-0d6362b\" data-id=\"0d6362b\" data-element_type=\"column\" data-e-type=\"column\">\n\t\t\t<div class=\"elementor-widget-wrap elementor-element-populated\">\n\t\t\t\t\t\t<div class=\"elementor-element elementor-element-ee13cad elementor-widget elementor-widget-image\" data-id=\"ee13cad\" data-element_type=\"widget\" data-e-type=\"widget\" data-widget_type=\"image.default\">\n\t\t\t\t<div class=\"elementor-widget-container\">\n\t\t\t\t\t\t\t\t\t\t\t\t\t\t\t<img decoding=\"async\" width=\"1024\" height=\"1024\" src=\"https:\/\/marglotexmodaf.co\/wp-content\/uploads\/2026\/03\/CATALOGO-RF0024-1024x1024.webp\" class=\"attachment-large size-large wp-image-11266\" alt=\"\" srcset=\"https:\/\/marglotexmodaf.co\/wp-content\/uploads\/2026\/03\/CATALOGO-RF0024-1024x1024.webp 1024w, https:\/\/marglotexmodaf.co\/wp-content\/uploads\/2026\/03\/CATALOGO-RF0024-300x300.webp 300w, https:\/\/marglotexmodaf.co\/wp-content\/uploads\/2026\/03\/CATALOGO-RF0024-150x150.webp 150w, https:\/\/marglotexmodaf.co\/wp-content\/uploads\/2026\/03\/CATALOGO-RF0024-768x768.webp 768w, https:\/\/marglotexmodaf.co\/wp-content\/uploads\/2026\/03\/CATALOGO-RF0024-1536x1536.webp 1536w, https:\/\/marglotexmodaf.co\/wp-content\/uploads\/2026\/03\/CATALOGO-RF0024-600x600.webp 600w, https:\/\/marglotexmodaf.co\/wp-content\/uploads\/2026\/03\/CATALOGO-RF0024-100x100.webp 100w, https:\/\/marglotexmodaf.co\/wp-content\/uploads\/2026\/03\/CATALOGO-RF0024-50x50.webp 50w, https:\/\/marglotexmodaf.co\/wp-content\/uploads\/2026\/03\/CATALOGO-RF0024.webp 1890w\" sizes=\"(max-width: 1024px) 100vw, 1024px\" \/>\t\t\t\t\t\t\t\t\t\t\t\t\t\t\t<\/div>\n\t\t\t\t<\/div>\n\t\t\t\t\t<\/div>\n\t\t<\/div>\n\t\t\t\t<div class=\"elementor-column elementor-col-25 elementor-top-column elementor-element elementor-element-2cc0c2b\" data-id=\"2cc0c2b\" data-element_type=\"column\" data-e-type=\"column\">\n\t\t\t<div class=\"elementor-widget-wrap elementor-element-populated\">\n\t\t\t\t\t\t<div class=\"elementor-element elementor-element-35c19c3 elementor-widget elementor-widget-image\" data-id=\"35c19c3\" data-element_type=\"widget\" data-e-type=\"widget\" data-widget_type=\"image.default\">\n\t\t\t\t<div class=\"elementor-widget-container\">\n\t\t\t\t\t\t\t\t\t\t\t\t\t\t\t<img decoding=\"async\" width=\"1024\" height=\"1024\" src=\"https:\/\/marglotexmodaf.co\/wp-content\/uploads\/2026\/03\/CATALOGO-RF0023-1024x1024.jpg\" class=\"attachment-large size-large wp-image-11267\" alt=\"\" srcset=\"https:\/\/marglotexmodaf.co\/wp-content\/uploads\/2026\/03\/CATALOGO-RF0023-1024x1024.jpg 1024w, https:\/\/marglotexmodaf.co\/wp-content\/uploads\/2026\/03\/CATALOGO-RF0023-300x300.jpg 300w, https:\/\/marglotexmodaf.co\/wp-content\/uploads\/2026\/03\/CATALOGO-RF0023-150x150.jpg 150w, https:\/\/marglotexmodaf.co\/wp-content\/uploads\/2026\/03\/CATALOGO-RF0023-768x768.jpg 768w, https:\/\/marglotexmodaf.co\/wp-content\/uploads\/2026\/03\/CATALOGO-RF0023-1536x1536.jpg 1536w, https:\/\/marglotexmodaf.co\/wp-content\/uploads\/2026\/03\/CATALOGO-RF0023-600x600.jpg 600w, https:\/\/marglotexmodaf.co\/wp-content\/uploads\/2026\/03\/CATALOGO-RF0023-100x100.jpg 100w, https:\/\/marglotexmodaf.co\/wp-content\/uploads\/2026\/03\/CATALOGO-RF0023-50x50.jpg 50w, https:\/\/marglotexmodaf.co\/wp-content\/uploads\/2026\/03\/CATALOGO-RF0023.jpg 1890w\" sizes=\"(max-width: 1024px) 100vw, 1024px\" \/>\t\t\t\t\t\t\t\t\t\t\t\t\t\t\t<\/div>\n\t\t\t\t<\/div>\n\t\t\t\t\t<\/div>\n\t\t<\/div>\n\t\t\t\t\t<\/div>\n\t\t<\/section>\n\t\t\t\t<section class=\"elementor-section elementor-top-section elementor-element elementor-element-22884cb5 elementor-section-boxed elementor-section-height-default elementor-section-height-default\" data-id=\"22884cb5\" data-element_type=\"section\" data-e-type=\"section\">\n\t\t\t\t\t\t<div class=\"elementor-container elementor-column-gap-default\">\n\t\t\t\t\t<div class=\"elementor-column elementor-col-100 elementor-top-column elementor-element elementor-element-1c72ac3a\" data-id=\"1c72ac3a\" data-element_type=\"column\" data-e-type=\"column\">\n\t\t\t<div class=\"elementor-widget-wrap elementor-element-populated\">\n\t\t\t\t\t\t<div class=\"elementor-element elementor-element-c81a5d3 elementor-widget elementor-widget-text-editor\" data-id=\"c81a5d3\" data-element_type=\"widget\" data-e-type=\"widget\" data-widget_type=\"text-editor.default\">\n\t\t\t\t<div class=\"elementor-widget-container\">\n\t\t\t\t\t\t\t\t\t<p data-start=\"275\" data-end=\"629\">Esta blusa asim\u00e9trica est\u00e1 confeccionada en una combinaci\u00f3n de <strong data-start=\"338\" data-end=\"384\">\u00a0popelina <\/strong>, materiales reconocidos por su textura suave, estructura elegante y excelente transpirabilidad. Su dise\u00f1o de <strong data-start=\"494\" data-end=\"512\">un solo hombro<\/strong> aporta un estilo moderno y sofisticado, ideal para mujeres que buscan destacar con un look refinado y contempor\u00e1neo.<\/p><p data-start=\"631\" data-end=\"845\">La <strong data-start=\"634\" data-end=\"646\">popelina<\/strong> proporciona firmeza y una ca\u00edda impecable que mantiene la forma del dise\u00f1o, logrando un equilibrio perfecto entre elegancia y frescura.<\/p><p data-start=\"847\" data-end=\"1030\">Una prenda vers\u00e1til que puede combinarse f\u00e1cilmente con <strong data-start=\"903\" data-end=\"943\">pantalones elegantes, faldas o jeans<\/strong>, creando outfits ideales para <strong data-start=\"974\" data-end=\"1029\">oficina, reuniones importantes o eventos especiales<\/strong>.<\/p>\t\t\t\t\t\t\t\t<\/div>\n\t\t\t\t<\/div>\n\t\t\t\t\t<\/div>\n\t\t<\/div>\n\t\t\t\t\t<\/div>\n\t\t<\/section>\n\t\t\t\t<\/div>\n\t\t","protected":false},"excerpt":{"rendered":"<p>Elegancia moderna que define tu presencia.<\/p>\n","protected":false},"featured_media":11267,"comment_status":"open","ping_status":"closed","template":"","meta":{"_kad_post_transparent":"default","_kad_post_title":"","_kad_post_layout":"default","_kad_post_sidebar_id":"","_kad_post_content_style":"default","_kad_post_vertical_padding":"default","_kad_post_feature":"","_kad_post_feature_position":"","_kad_post_header":false,"_kad_post_footer":false,"_joinchat":[]},"product_brand":[],"product_cat":[21],"product_tag":[],"class_list":{"0":"post-11262","1":"product","2":"type-product","3":"status-publish","4":"has-post-thumbnail","6":"product_cat-blusas","7":"pa_color-blanco","8":"pa_color-vinotinto","9":"pa_tallas-l","10":"pa_tallas-m","11":"pa_tallas-s","12":"pa_tallas-xl","14":"first","15":"instock","16":"sale","17":"taxable","18":"shipping-taxable","19":"purchasable","20":"product-type-variable","21":"entry","22":"content-bg","23":"loop-entry"},"yoast_head":"<!-- This site is optimized with the Yoast SEO plugin v27.4 - https:\/\/yoast.com\/product\/yoast-seo-wordpress\/ -->\n<title>Blusa asim\u00e9trica - Marglotexmodaf.co<\/title>\n<meta name=\"description\" content=\"Descubre esta blusa asim\u00e9trica de un solo hombro, elegante y sofisticada. Un dise\u00f1o moderno ideal para oficina, eventos o looks elegantes.\" \/>\n<meta name=\"robots\" content=\"index, follow, max-snippet:-1, max-image-preview:large, max-video-preview:-1\" \/>\n<link rel=\"canonical\" href=\"https:\/\/marglotexmodaf.co\/index.php\/producto\/blusa-asimetrica-de-un-solo-hombro\/\" \/>\n<meta property=\"og:locale\" content=\"es_ES\" \/>\n<meta property=\"og:type\" content=\"article\" \/>\n<meta property=\"og:title\" content=\"Blusa asim\u00e9trica - Marglotexmodaf.co\" \/>\n<meta property=\"og:description\" content=\"Descubre esta blusa asim\u00e9trica de un solo hombro, elegante y sofisticada. Un dise\u00f1o moderno ideal para oficina, eventos o looks elegantes.\" \/>\n<meta property=\"og:url\" content=\"https:\/\/marglotexmodaf.co\/index.php\/producto\/blusa-asimetrica-de-un-solo-hombro\/\" \/>\n<meta property=\"og:site_name\" content=\"Marglotexmodaf.co\" \/>\n<meta property=\"article:modified_time\" content=\"2026-04-15T13:29:38+00:00\" \/>\n<meta property=\"og:image\" content=\"https:\/\/marglotexmodaf.co\/wp-content\/uploads\/2026\/03\/CATALOGO-RF0023.jpg\" \/>\n\t<meta property=\"og:image:width\" content=\"1890\" \/>\n\t<meta property=\"og:image:height\" content=\"1890\" \/>\n\t<meta property=\"og:image:type\" content=\"image\/jpeg\" \/>\n<meta name=\"twitter:card\" content=\"summary_large_image\" \/>\n<meta name=\"twitter:label1\" content=\"Tiempo de lectura\" \/>\n\t<meta name=\"twitter:data1\" content=\"2 minutos\" \/>\n<script type=\"application\/ld+json\" class=\"yoast-schema-graph\">{\"@context\":\"https:\\\/\\\/schema.org\",\"@graph\":[{\"@type\":\"WebPage\",\"@id\":\"https:\\\/\\\/marglotexmodaf.co\\\/index.php\\\/producto\\\/blusa-asimetrica-de-un-solo-hombro\\\/\",\"url\":\"https:\\\/\\\/marglotexmodaf.co\\\/index.php\\\/producto\\\/blusa-asimetrica-de-un-solo-hombro\\\/\",\"name\":\"Blusa asim\u00e9trica - Marglotexmodaf.co\",\"isPartOf\":{\"@id\":\"https:\\\/\\\/marglotexmodaf.co\\\/#website\"},\"primaryImageOfPage\":{\"@id\":\"https:\\\/\\\/marglotexmodaf.co\\\/index.php\\\/producto\\\/blusa-asimetrica-de-un-solo-hombro\\\/#primaryimage\"},\"image\":{\"@id\":\"https:\\\/\\\/marglotexmodaf.co\\\/index.php\\\/producto\\\/blusa-asimetrica-de-un-solo-hombro\\\/#primaryimage\"},\"thumbnailUrl\":\"https:\\\/\\\/marglotexmodaf.co\\\/wp-content\\\/uploads\\\/2026\\\/03\\\/CATALOGO-RF0023.jpg\",\"datePublished\":\"2026-03-07T02:42:06+00:00\",\"dateModified\":\"2026-04-15T13:29:38+00:00\",\"description\":\"Descubre esta blusa asim\u00e9trica de un solo hombro, elegante y sofisticada. Un dise\u00f1o moderno ideal para oficina, eventos o looks elegantes.\",\"breadcrumb\":{\"@id\":\"https:\\\/\\\/marglotexmodaf.co\\\/index.php\\\/producto\\\/blusa-asimetrica-de-un-solo-hombro\\\/#breadcrumb\"},\"inLanguage\":\"es-CO\",\"potentialAction\":[{\"@type\":\"ReadAction\",\"target\":[\"https:\\\/\\\/marglotexmodaf.co\\\/index.php\\\/producto\\\/blusa-asimetrica-de-un-solo-hombro\\\/\"]}]},{\"@type\":\"ImageObject\",\"inLanguage\":\"es-CO\",\"@id\":\"https:\\\/\\\/marglotexmodaf.co\\\/index.php\\\/producto\\\/blusa-asimetrica-de-un-solo-hombro\\\/#primaryimage\",\"url\":\"https:\\\/\\\/marglotexmodaf.co\\\/wp-content\\\/uploads\\\/2026\\\/03\\\/CATALOGO-RF0023.jpg\",\"contentUrl\":\"https:\\\/\\\/marglotexmodaf.co\\\/wp-content\\\/uploads\\\/2026\\\/03\\\/CATALOGO-RF0023.jpg\",\"width\":1890,\"height\":1890},{\"@type\":\"BreadcrumbList\",\"@id\":\"https:\\\/\\\/marglotexmodaf.co\\\/index.php\\\/producto\\\/blusa-asimetrica-de-un-solo-hombro\\\/#breadcrumb\",\"itemListElement\":[{\"@type\":\"ListItem\",\"position\":1,\"name\":\"Inicio\",\"item\":\"https:\\\/\\\/marglotexmodaf.co\\\/\"},{\"@type\":\"ListItem\",\"position\":2,\"name\":\"Tienda\",\"item\":\"https:\\\/\\\/marglotexmodaf.co\\\/index.php\\\/tienda\\\/\"},{\"@type\":\"ListItem\",\"position\":3,\"name\":\"Blusa asim\u00e9trica\"}]},{\"@type\":\"WebSite\",\"@id\":\"https:\\\/\\\/marglotexmodaf.co\\\/#website\",\"url\":\"https:\\\/\\\/marglotexmodaf.co\\\/\",\"name\":\"Marglotexmodaf.co\",\"description\":\"\",\"publisher\":{\"@id\":\"https:\\\/\\\/marglotexmodaf.co\\\/#organization\"},\"potentialAction\":[{\"@type\":\"SearchAction\",\"target\":{\"@type\":\"EntryPoint\",\"urlTemplate\":\"https:\\\/\\\/marglotexmodaf.co\\\/?s={search_term_string}\"},\"query-input\":{\"@type\":\"PropertyValueSpecification\",\"valueRequired\":true,\"valueName\":\"search_term_string\"}}],\"inLanguage\":\"es-CO\"},{\"@type\":\"Organization\",\"@id\":\"https:\\\/\\\/marglotexmodaf.co\\\/#organization\",\"name\":\"Marglotexmodaf.co\",\"url\":\"https:\\\/\\\/marglotexmodaf.co\\\/\",\"logo\":{\"@type\":\"ImageObject\",\"inLanguage\":\"es-CO\",\"@id\":\"https:\\\/\\\/marglotexmodaf.co\\\/#\\\/schema\\\/logo\\\/image\\\/\",\"url\":\"https:\\\/\\\/marglotexmodaf.co\\\/wp-content\\\/uploads\\\/2025\\\/01\\\/cropped-LOGO-Y-TEXTO-.jpg\",\"contentUrl\":\"https:\\\/\\\/marglotexmodaf.co\\\/wp-content\\\/uploads\\\/2025\\\/01\\\/cropped-LOGO-Y-TEXTO-.jpg\",\"width\":1078,\"height\":433,\"caption\":\"Marglotexmodaf.co\"},\"image\":{\"@id\":\"https:\\\/\\\/marglotexmodaf.co\\\/#\\\/schema\\\/logo\\\/image\\\/\"}}]}<\/script>\n<!-- \/ Yoast SEO plugin. -->","yoast_head_json":{"title":"Blusa asim\u00e9trica - Marglotexmodaf.co","description":"Descubre esta blusa asim\u00e9trica de un solo hombro, elegante y sofisticada. Un dise\u00f1o moderno ideal para oficina, eventos o looks elegantes.","robots":{"index":"index","follow":"follow","max-snippet":"max-snippet:-1","max-image-preview":"max-image-preview:large","max-video-preview":"max-video-preview:-1"},"canonical":"https:\/\/marglotexmodaf.co\/index.php\/producto\/blusa-asimetrica-de-un-solo-hombro\/","og_locale":"es_ES","og_type":"article","og_title":"Blusa asim\u00e9trica - Marglotexmodaf.co","og_description":"Descubre esta blusa asim\u00e9trica de un solo hombro, elegante y sofisticada. Un dise\u00f1o moderno ideal para oficina, eventos o looks elegantes.","og_url":"https:\/\/marglotexmodaf.co\/index.php\/producto\/blusa-asimetrica-de-un-solo-hombro\/","og_site_name":"Marglotexmodaf.co","article_modified_time":"2026-04-15T13:29:38+00:00","og_image":[{"width":1890,"height":1890,"url":"https:\/\/marglotexmodaf.co\/wp-content\/uploads\/2026\/03\/CATALOGO-RF0023.jpg","type":"image\/jpeg"}],"twitter_card":"summary_large_image","twitter_misc":{"Tiempo de lectura":"2 minutos"},"schema":{"@context":"https:\/\/schema.org","@graph":[{"@type":"WebPage","@id":"https:\/\/marglotexmodaf.co\/index.php\/producto\/blusa-asimetrica-de-un-solo-hombro\/","url":"https:\/\/marglotexmodaf.co\/index.php\/producto\/blusa-asimetrica-de-un-solo-hombro\/","name":"Blusa asim\u00e9trica - Marglotexmodaf.co","isPartOf":{"@id":"https:\/\/marglotexmodaf.co\/#website"},"primaryImageOfPage":{"@id":"https:\/\/marglotexmodaf.co\/index.php\/producto\/blusa-asimetrica-de-un-solo-hombro\/#primaryimage"},"image":{"@id":"https:\/\/marglotexmodaf.co\/index.php\/producto\/blusa-asimetrica-de-un-solo-hombro\/#primaryimage"},"thumbnailUrl":"https:\/\/marglotexmodaf.co\/wp-content\/uploads\/2026\/03\/CATALOGO-RF0023.jpg","datePublished":"2026-03-07T02:42:06+00:00","dateModified":"2026-04-15T13:29:38+00:00","description":"Descubre esta blusa asim\u00e9trica de un solo hombro, elegante y sofisticada. Un dise\u00f1o moderno ideal para oficina, eventos o looks elegantes.","breadcrumb":{"@id":"https:\/\/marglotexmodaf.co\/index.php\/producto\/blusa-asimetrica-de-un-solo-hombro\/#breadcrumb"},"inLanguage":"es-CO","potentialAction":[{"@type":"ReadAction","target":["https:\/\/marglotexmodaf.co\/index.php\/producto\/blusa-asimetrica-de-un-solo-hombro\/"]}]},{"@type":"ImageObject","inLanguage":"es-CO","@id":"https:\/\/marglotexmodaf.co\/index.php\/producto\/blusa-asimetrica-de-un-solo-hombro\/#primaryimage","url":"https:\/\/marglotexmodaf.co\/wp-content\/uploads\/2026\/03\/CATALOGO-RF0023.jpg","contentUrl":"https:\/\/marglotexmodaf.co\/wp-content\/uploads\/2026\/03\/CATALOGO-RF0023.jpg","width":1890,"height":1890},{"@type":"BreadcrumbList","@id":"https:\/\/marglotexmodaf.co\/index.php\/producto\/blusa-asimetrica-de-un-solo-hombro\/#breadcrumb","itemListElement":[{"@type":"ListItem","position":1,"name":"Inicio","item":"https:\/\/marglotexmodaf.co\/"},{"@type":"ListItem","position":2,"name":"Tienda","item":"https:\/\/marglotexmodaf.co\/index.php\/tienda\/"},{"@type":"ListItem","position":3,"name":"Blusa asim\u00e9trica"}]},{"@type":"WebSite","@id":"https:\/\/marglotexmodaf.co\/#website","url":"https:\/\/marglotexmodaf.co\/","name":"Marglotexmodaf.co","description":"","publisher":{"@id":"https:\/\/marglotexmodaf.co\/#organization"},"potentialAction":[{"@type":"SearchAction","target":{"@type":"EntryPoint","urlTemplate":"https:\/\/marglotexmodaf.co\/?s={search_term_string}"},"query-input":{"@type":"PropertyValueSpecification","valueRequired":true,"valueName":"search_term_string"}}],"inLanguage":"es-CO"},{"@type":"Organization","@id":"https:\/\/marglotexmodaf.co\/#organization","name":"Marglotexmodaf.co","url":"https:\/\/marglotexmodaf.co\/","logo":{"@type":"ImageObject","inLanguage":"es-CO","@id":"https:\/\/marglotexmodaf.co\/#\/schema\/logo\/image\/","url":"https:\/\/marglotexmodaf.co\/wp-content\/uploads\/2025\/01\/cropped-LOGO-Y-TEXTO-.jpg","contentUrl":"https:\/\/marglotexmodaf.co\/wp-content\/uploads\/2025\/01\/cropped-LOGO-Y-TEXTO-.jpg","width":1078,"height":433,"caption":"Marglotexmodaf.co"},"image":{"@id":"https:\/\/marglotexmodaf.co\/#\/schema\/logo\/image\/"}}]}},"_links":{"self":[{"href":"https:\/\/marglotexmodaf.co\/index.php\/wp-json\/wp\/v2\/product\/11262","targetHints":{"allow":["GET"]}}],"collection":[{"href":"https:\/\/marglotexmodaf.co\/index.php\/wp-json\/wp\/v2\/product"}],"about":[{"href":"https:\/\/marglotexmodaf.co\/index.php\/wp-json\/wp\/v2\/types\/product"}],"replies":[{"embeddable":true,"href":"https:\/\/marglotexmodaf.co\/index.php\/wp-json\/wp\/v2\/comments?post=11262"}],"version-history":[{"count":7,"href":"https:\/\/marglotexmodaf.co\/index.php\/wp-json\/wp\/v2\/product\/11262\/revisions"}],"predecessor-version":[{"id":11793,"href":"https:\/\/marglotexmodaf.co\/index.php\/wp-json\/wp\/v2\/product\/11262\/revisions\/11793"}],"wp:featuredmedia":[{"embeddable":true,"href":"https:\/\/marglotexmodaf.co\/index.php\/wp-json\/wp\/v2\/media\/11267"}],"wp:attachment":[{"href":"https:\/\/marglotexmodaf.co\/index.php\/wp-json\/wp\/v2\/media?parent=11262"}],"wp:term":[{"taxonomy":"product_brand","embeddable":true,"href":"https:\/\/marglotexmodaf.co\/index.php\/wp-json\/wp\/v2\/product_brand?post=11262"},{"taxonomy":"product_cat","embeddable":true,"href":"https:\/\/marglotexmodaf.co\/index.php\/wp-json\/wp\/v2\/product_cat?post=11262"},{"taxonomy":"product_tag","embeddable":true,"href":"https:\/\/marglotexmodaf.co\/index.php\/wp-json\/wp\/v2\/product_tag?post=11262"}],"curies":[{"name":"wp","href":"https:\/\/api.w.org\/{rel}","templated":true}]}}