{"id":11250,"date":"2026-03-07T01:24:20","date_gmt":"2026-03-07T01:24:20","guid":{"rendered":"https:\/\/marglotexmodaf.co\/?post_type=product&#038;p=11250"},"modified":"2026-04-15T12:32:05","modified_gmt":"2026-04-15T12:32:05","slug":"set-ejecutivo-asimetrico-premium","status":"publish","type":"product","link":"https:\/\/marglotexmodaf.co\/index.php\/producto\/set-ejecutivo-asimetrico-premium\/","title":{"rendered":"Set Ejecutivo Premium"},"content":{"rendered":"\t\t<div data-elementor-type=\"wp-post\" data-elementor-id=\"11250\" class=\"elementor elementor-11250\" data-elementor-post-type=\"product\">\n\t\t\t\t\t\t<section class=\"elementor-section elementor-top-section elementor-element elementor-element-d0db72b elementor-section-boxed elementor-section-height-default elementor-section-height-default\" data-id=\"d0db72b\" data-element_type=\"section\" data-e-type=\"section\">\n\t\t\t\t\t\t<div class=\"elementor-container elementor-column-gap-default\">\n\t\t\t\t\t<div class=\"elementor-column elementor-col-25 elementor-top-column elementor-element elementor-element-308146a\" data-id=\"308146a\" data-element_type=\"column\" data-e-type=\"column\">\n\t\t\t<div class=\"elementor-widget-wrap elementor-element-populated\">\n\t\t\t\t\t\t<div class=\"elementor-element elementor-element-941659b elementor-widget elementor-widget-image\" data-id=\"941659b\" data-element_type=\"widget\" data-e-type=\"widget\" data-widget_type=\"image.default\">\n\t\t\t\t<div class=\"elementor-widget-container\">\n\t\t\t\t\t\t\t\t\t\t\t\t\t\t\t<img fetchpriority=\"high\" decoding=\"async\" width=\"1024\" height=\"1024\" src=\"https:\/\/marglotexmodaf.co\/wp-content\/uploads\/2026\/03\/CATALOGO-RF0020-1024x1024.webp\" class=\"attachment-large size-large wp-image-11254\" alt=\"\" srcset=\"https:\/\/marglotexmodaf.co\/wp-content\/uploads\/2026\/03\/CATALOGO-RF0020-1024x1024.webp 1024w, https:\/\/marglotexmodaf.co\/wp-content\/uploads\/2026\/03\/CATALOGO-RF0020-300x300.webp 300w, https:\/\/marglotexmodaf.co\/wp-content\/uploads\/2026\/03\/CATALOGO-RF0020-150x150.webp 150w, https:\/\/marglotexmodaf.co\/wp-content\/uploads\/2026\/03\/CATALOGO-RF0020-768x768.webp 768w, https:\/\/marglotexmodaf.co\/wp-content\/uploads\/2026\/03\/CATALOGO-RF0020-1536x1536.webp 1536w, https:\/\/marglotexmodaf.co\/wp-content\/uploads\/2026\/03\/CATALOGO-RF0020-600x600.webp 600w, https:\/\/marglotexmodaf.co\/wp-content\/uploads\/2026\/03\/CATALOGO-RF0020-100x100.webp 100w, https:\/\/marglotexmodaf.co\/wp-content\/uploads\/2026\/03\/CATALOGO-RF0020-50x50.webp 50w, https:\/\/marglotexmodaf.co\/wp-content\/uploads\/2026\/03\/CATALOGO-RF0020.webp 1890w\" sizes=\"(max-width: 1024px) 100vw, 1024px\" \/>\t\t\t\t\t\t\t\t\t\t\t\t\t\t\t<\/div>\n\t\t\t\t<\/div>\n\t\t\t\t\t<\/div>\n\t\t<\/div>\n\t\t\t\t<div class=\"elementor-column elementor-col-50 elementor-top-column elementor-element elementor-element-0d6362b\" data-id=\"0d6362b\" data-element_type=\"column\" data-e-type=\"column\">\n\t\t\t<div class=\"elementor-widget-wrap elementor-element-populated\">\n\t\t\t\t\t\t<div class=\"elementor-element elementor-element-ee13cad elementor-widget elementor-widget-image\" data-id=\"ee13cad\" data-element_type=\"widget\" data-e-type=\"widget\" data-widget_type=\"image.default\">\n\t\t\t\t<div class=\"elementor-widget-container\">\n\t\t\t\t\t\t\t\t\t\t\t\t\t\t\t<img decoding=\"async\" width=\"1024\" height=\"1024\" src=\"https:\/\/marglotexmodaf.co\/wp-content\/uploads\/2026\/03\/CATALOGO-RF0019-1024x1024.jpg\" class=\"attachment-large size-large wp-image-11255\" alt=\"\" srcset=\"https:\/\/marglotexmodaf.co\/wp-content\/uploads\/2026\/03\/CATALOGO-RF0019-1024x1024.jpg 1024w, https:\/\/marglotexmodaf.co\/wp-content\/uploads\/2026\/03\/CATALOGO-RF0019-300x300.jpg 300w, https:\/\/marglotexmodaf.co\/wp-content\/uploads\/2026\/03\/CATALOGO-RF0019-150x150.jpg 150w, https:\/\/marglotexmodaf.co\/wp-content\/uploads\/2026\/03\/CATALOGO-RF0019-768x768.jpg 768w, https:\/\/marglotexmodaf.co\/wp-content\/uploads\/2026\/03\/CATALOGO-RF0019-1536x1536.jpg 1536w, https:\/\/marglotexmodaf.co\/wp-content\/uploads\/2026\/03\/CATALOGO-RF0019-600x600.jpg 600w, https:\/\/marglotexmodaf.co\/wp-content\/uploads\/2026\/03\/CATALOGO-RF0019-100x100.jpg 100w, https:\/\/marglotexmodaf.co\/wp-content\/uploads\/2026\/03\/CATALOGO-RF0019-50x50.jpg 50w, https:\/\/marglotexmodaf.co\/wp-content\/uploads\/2026\/03\/CATALOGO-RF0019.jpg 1890w\" sizes=\"(max-width: 1024px) 100vw, 1024px\" \/>\t\t\t\t\t\t\t\t\t\t\t\t\t\t\t<\/div>\n\t\t\t\t<\/div>\n\t\t\t\t\t<\/div>\n\t\t<\/div>\n\t\t\t\t<div class=\"elementor-column elementor-col-25 elementor-top-column elementor-element elementor-element-2cc0c2b\" data-id=\"2cc0c2b\" data-element_type=\"column\" data-e-type=\"column\">\n\t\t\t<div class=\"elementor-widget-wrap elementor-element-populated\">\n\t\t\t\t\t\t<div class=\"elementor-element elementor-element-35c19c3 elementor-widget elementor-widget-image\" data-id=\"35c19c3\" data-element_type=\"widget\" data-e-type=\"widget\" data-widget_type=\"image.default\">\n\t\t\t\t<div class=\"elementor-widget-container\">\n\t\t\t\t\t\t\t\t\t\t\t\t\t\t\t<img decoding=\"async\" width=\"1024\" height=\"1024\" src=\"https:\/\/marglotexmodaf.co\/wp-content\/uploads\/2026\/03\/CATALOGO-RF0018-1024x1024.jpg\" class=\"attachment-large size-large wp-image-11256\" alt=\"\" srcset=\"https:\/\/marglotexmodaf.co\/wp-content\/uploads\/2026\/03\/CATALOGO-RF0018-1024x1024.jpg 1024w, https:\/\/marglotexmodaf.co\/wp-content\/uploads\/2026\/03\/CATALOGO-RF0018-300x300.jpg 300w, https:\/\/marglotexmodaf.co\/wp-content\/uploads\/2026\/03\/CATALOGO-RF0018-150x150.jpg 150w, https:\/\/marglotexmodaf.co\/wp-content\/uploads\/2026\/03\/CATALOGO-RF0018-768x768.jpg 768w, https:\/\/marglotexmodaf.co\/wp-content\/uploads\/2026\/03\/CATALOGO-RF0018-1536x1536.jpg 1536w, https:\/\/marglotexmodaf.co\/wp-content\/uploads\/2026\/03\/CATALOGO-RF0018-600x600.jpg 600w, https:\/\/marglotexmodaf.co\/wp-content\/uploads\/2026\/03\/CATALOGO-RF0018-100x100.jpg 100w, https:\/\/marglotexmodaf.co\/wp-content\/uploads\/2026\/03\/CATALOGO-RF0018-50x50.jpg 50w, https:\/\/marglotexmodaf.co\/wp-content\/uploads\/2026\/03\/CATALOGO-RF0018.jpg 1890w\" sizes=\"(max-width: 1024px) 100vw, 1024px\" \/>\t\t\t\t\t\t\t\t\t\t\t\t\t\t\t<\/div>\n\t\t\t\t<\/div>\n\t\t\t\t\t<\/div>\n\t\t<\/div>\n\t\t\t\t\t<\/div>\n\t\t<\/section>\n\t\t\t\t<section class=\"elementor-section elementor-top-section elementor-element elementor-element-22884cb5 elementor-section-boxed elementor-section-height-default elementor-section-height-default\" data-id=\"22884cb5\" data-element_type=\"section\" data-e-type=\"section\">\n\t\t\t\t\t\t<div class=\"elementor-container elementor-column-gap-default\">\n\t\t\t\t\t<div class=\"elementor-column elementor-col-100 elementor-top-column elementor-element elementor-element-1c72ac3a\" data-id=\"1c72ac3a\" data-element_type=\"column\" data-e-type=\"column\">\n\t\t\t<div class=\"elementor-widget-wrap elementor-element-populated\">\n\t\t\t\t\t\t<div class=\"elementor-element elementor-element-c81a5d3 elementor-widget elementor-widget-text-editor\" data-id=\"c81a5d3\" data-element_type=\"widget\" data-e-type=\"widget\" data-widget_type=\"text-editor.default\">\n\t\t\t\t<div class=\"elementor-widget-container\">\n\t\t\t\t\t\t\t\t\t<p data-start=\"1356\" data-end=\"1617\">ste exclusivo set asim\u00e9trico est\u00e1 dise\u00f1ado para mujeres que proyectan seguridad, elegancia y presencia en cada ocasi\u00f3n. Su blusa de dise\u00f1o estructurado con hombro descubierto aporta un estilo moderno y sofisticado que realza la silueta con un toque distintivo.<\/p><p data-start=\"1619\" data-end=\"1761\">El pantal\u00f3n de pierna amplia con prenses estiliza la figura y brinda una ca\u00edda elegante que aporta movimiento y comodidad durante todo el d\u00eda.<\/p><p data-start=\"1763\" data-end=\"1925\">Confeccionado en <strong data-start=\"1780\" data-end=\"1823\">tela perlina semi-crepe de alta calidad<\/strong>, este conjunto ofrece estructura, suavidad y una apariencia refinada que mantiene su forma impecable.<\/p><p data-start=\"1927\" data-end=\"2057\">Ideal para <strong data-start=\"1938\" data-end=\"1993\">oficina, reuniones importantes o eventos especiales<\/strong>, creando un look poderoso y elegante que no pasa desapercibido.<\/p>\t\t\t\t\t\t\t\t<\/div>\n\t\t\t\t<\/div>\n\t\t\t\t\t<\/div>\n\t\t<\/div>\n\t\t\t\t\t<\/div>\n\t\t<\/section>\n\t\t\t\t<\/div>\n\t\t","protected":false},"excerpt":{"rendered":"<p>Elegancia estructurada para mujeres que destacan.<\/p>\n","protected":false},"featured_media":11256,"comment_status":"open","ping_status":"closed","template":"","meta":{"_kad_post_transparent":"default","_kad_post_title":"","_kad_post_layout":"default","_kad_post_sidebar_id":"","_kad_post_content_style":"default","_kad_post_vertical_padding":"default","_kad_post_feature":"","_kad_post_feature_position":"","_kad_post_header":false,"_kad_post_footer":false,"_joinchat":[]},"product_brand":[],"product_cat":[21,19],"product_tag":[],"class_list":{"0":"post-11250","1":"product","2":"type-product","3":"status-publish","4":"has-post-thumbnail","6":"product_cat-blusas","7":"product_cat-sets","8":"pa_tallas-l","9":"pa_tallas-m","10":"pa_tallas-s","11":"pa_tallas-xl","13":"first","14":"instock","15":"sale","16":"taxable","17":"shipping-taxable","18":"purchasable","19":"product-type-variable","20":"entry","21":"content-bg","22":"loop-entry"},"yoast_head":"<!-- This site is optimized with the Yoast SEO plugin v27.4 - https:\/\/yoast.com\/product\/yoast-seo-wordpress\/ -->\n<title>Set Ejecutivo Premium - Marglotexmodaf.co<\/title>\n<meta name=\"description\" content=\"Descubre el Set Ejecutivo Asim\u00e9trico Premium, un dise\u00f1o elegante que estiliza la silueta. Ideal para oficina o eventos. Env\u00edo gratis y pago contra entrega.\" \/>\n<meta name=\"robots\" content=\"index, follow, max-snippet:-1, max-image-preview:large, max-video-preview:-1\" \/>\n<link rel=\"canonical\" href=\"https:\/\/marglotexmodaf.co\/index.php\/producto\/set-ejecutivo-asimetrico-premium\/\" \/>\n<meta property=\"og:locale\" content=\"es_ES\" \/>\n<meta property=\"og:type\" content=\"article\" \/>\n<meta property=\"og:title\" content=\"Set Ejecutivo Premium - Marglotexmodaf.co\" \/>\n<meta property=\"og:description\" content=\"Descubre el Set Ejecutivo Asim\u00e9trico Premium, un dise\u00f1o elegante que estiliza la silueta. Ideal para oficina o eventos. Env\u00edo gratis y pago contra entrega.\" \/>\n<meta property=\"og:url\" content=\"https:\/\/marglotexmodaf.co\/index.php\/producto\/set-ejecutivo-asimetrico-premium\/\" \/>\n<meta property=\"og:site_name\" content=\"Marglotexmodaf.co\" \/>\n<meta property=\"article:modified_time\" content=\"2026-04-15T12:32:05+00:00\" \/>\n<meta property=\"og:image\" content=\"https:\/\/marglotexmodaf.co\/wp-content\/uploads\/2026\/03\/CATALOGO-RF0018.jpg\" \/>\n\t<meta property=\"og:image:width\" content=\"1890\" \/>\n\t<meta property=\"og:image:height\" content=\"1890\" \/>\n\t<meta property=\"og:image:type\" content=\"image\/jpeg\" \/>\n<meta name=\"twitter:card\" content=\"summary_large_image\" \/>\n<meta name=\"twitter:label1\" content=\"Tiempo de lectura\" \/>\n\t<meta name=\"twitter:data1\" content=\"2 minutos\" \/>\n<script type=\"application\/ld+json\" class=\"yoast-schema-graph\">{\"@context\":\"https:\\\/\\\/schema.org\",\"@graph\":[{\"@type\":\"WebPage\",\"@id\":\"https:\\\/\\\/marglotexmodaf.co\\\/index.php\\\/producto\\\/set-ejecutivo-asimetrico-premium\\\/\",\"url\":\"https:\\\/\\\/marglotexmodaf.co\\\/index.php\\\/producto\\\/set-ejecutivo-asimetrico-premium\\\/\",\"name\":\"Set Ejecutivo Premium - Marglotexmodaf.co\",\"isPartOf\":{\"@id\":\"https:\\\/\\\/marglotexmodaf.co\\\/#website\"},\"primaryImageOfPage\":{\"@id\":\"https:\\\/\\\/marglotexmodaf.co\\\/index.php\\\/producto\\\/set-ejecutivo-asimetrico-premium\\\/#primaryimage\"},\"image\":{\"@id\":\"https:\\\/\\\/marglotexmodaf.co\\\/index.php\\\/producto\\\/set-ejecutivo-asimetrico-premium\\\/#primaryimage\"},\"thumbnailUrl\":\"https:\\\/\\\/marglotexmodaf.co\\\/wp-content\\\/uploads\\\/2026\\\/03\\\/CATALOGO-RF0018.jpg\",\"datePublished\":\"2026-03-07T01:24:20+00:00\",\"dateModified\":\"2026-04-15T12:32:05+00:00\",\"description\":\"Descubre el Set Ejecutivo Asim\u00e9trico Premium, un dise\u00f1o elegante que estiliza la silueta. Ideal para oficina o eventos. Env\u00edo gratis y pago contra entrega.\",\"breadcrumb\":{\"@id\":\"https:\\\/\\\/marglotexmodaf.co\\\/index.php\\\/producto\\\/set-ejecutivo-asimetrico-premium\\\/#breadcrumb\"},\"inLanguage\":\"es-CO\",\"potentialAction\":[{\"@type\":\"ReadAction\",\"target\":[\"https:\\\/\\\/marglotexmodaf.co\\\/index.php\\\/producto\\\/set-ejecutivo-asimetrico-premium\\\/\"]}]},{\"@type\":\"ImageObject\",\"inLanguage\":\"es-CO\",\"@id\":\"https:\\\/\\\/marglotexmodaf.co\\\/index.php\\\/producto\\\/set-ejecutivo-asimetrico-premium\\\/#primaryimage\",\"url\":\"https:\\\/\\\/marglotexmodaf.co\\\/wp-content\\\/uploads\\\/2026\\\/03\\\/CATALOGO-RF0018.jpg\",\"contentUrl\":\"https:\\\/\\\/marglotexmodaf.co\\\/wp-content\\\/uploads\\\/2026\\\/03\\\/CATALOGO-RF0018.jpg\",\"width\":1890,\"height\":1890},{\"@type\":\"BreadcrumbList\",\"@id\":\"https:\\\/\\\/marglotexmodaf.co\\\/index.php\\\/producto\\\/set-ejecutivo-asimetrico-premium\\\/#breadcrumb\",\"itemListElement\":[{\"@type\":\"ListItem\",\"position\":1,\"name\":\"Inicio\",\"item\":\"https:\\\/\\\/marglotexmodaf.co\\\/\"},{\"@type\":\"ListItem\",\"position\":2,\"name\":\"Tienda\",\"item\":\"https:\\\/\\\/marglotexmodaf.co\\\/index.php\\\/tienda\\\/\"},{\"@type\":\"ListItem\",\"position\":3,\"name\":\"Set Ejecutivo Premium\"}]},{\"@type\":\"WebSite\",\"@id\":\"https:\\\/\\\/marglotexmodaf.co\\\/#website\",\"url\":\"https:\\\/\\\/marglotexmodaf.co\\\/\",\"name\":\"Marglotexmodaf.co\",\"description\":\"\",\"publisher\":{\"@id\":\"https:\\\/\\\/marglotexmodaf.co\\\/#organization\"},\"potentialAction\":[{\"@type\":\"SearchAction\",\"target\":{\"@type\":\"EntryPoint\",\"urlTemplate\":\"https:\\\/\\\/marglotexmodaf.co\\\/?s={search_term_string}\"},\"query-input\":{\"@type\":\"PropertyValueSpecification\",\"valueRequired\":true,\"valueName\":\"search_term_string\"}}],\"inLanguage\":\"es-CO\"},{\"@type\":\"Organization\",\"@id\":\"https:\\\/\\\/marglotexmodaf.co\\\/#organization\",\"name\":\"Marglotexmodaf.co\",\"url\":\"https:\\\/\\\/marglotexmodaf.co\\\/\",\"logo\":{\"@type\":\"ImageObject\",\"inLanguage\":\"es-CO\",\"@id\":\"https:\\\/\\\/marglotexmodaf.co\\\/#\\\/schema\\\/logo\\\/image\\\/\",\"url\":\"https:\\\/\\\/marglotexmodaf.co\\\/wp-content\\\/uploads\\\/2025\\\/01\\\/cropped-LOGO-Y-TEXTO-.jpg\",\"contentUrl\":\"https:\\\/\\\/marglotexmodaf.co\\\/wp-content\\\/uploads\\\/2025\\\/01\\\/cropped-LOGO-Y-TEXTO-.jpg\",\"width\":1078,\"height\":433,\"caption\":\"Marglotexmodaf.co\"},\"image\":{\"@id\":\"https:\\\/\\\/marglotexmodaf.co\\\/#\\\/schema\\\/logo\\\/image\\\/\"}}]}<\/script>\n<!-- \/ Yoast SEO plugin. -->","yoast_head_json":{"title":"Set Ejecutivo Premium - Marglotexmodaf.co","description":"Descubre el Set Ejecutivo Asim\u00e9trico Premium, un dise\u00f1o elegante que estiliza la silueta. Ideal para oficina o eventos. Env\u00edo gratis y pago contra entrega.","robots":{"index":"index","follow":"follow","max-snippet":"max-snippet:-1","max-image-preview":"max-image-preview:large","max-video-preview":"max-video-preview:-1"},"canonical":"https:\/\/marglotexmodaf.co\/index.php\/producto\/set-ejecutivo-asimetrico-premium\/","og_locale":"es_ES","og_type":"article","og_title":"Set Ejecutivo Premium - Marglotexmodaf.co","og_description":"Descubre el Set Ejecutivo Asim\u00e9trico Premium, un dise\u00f1o elegante que estiliza la silueta. Ideal para oficina o eventos. Env\u00edo gratis y pago contra entrega.","og_url":"https:\/\/marglotexmodaf.co\/index.php\/producto\/set-ejecutivo-asimetrico-premium\/","og_site_name":"Marglotexmodaf.co","article_modified_time":"2026-04-15T12:32:05+00:00","og_image":[{"width":1890,"height":1890,"url":"https:\/\/marglotexmodaf.co\/wp-content\/uploads\/2026\/03\/CATALOGO-RF0018.jpg","type":"image\/jpeg"}],"twitter_card":"summary_large_image","twitter_misc":{"Tiempo de lectura":"2 minutos"},"schema":{"@context":"https:\/\/schema.org","@graph":[{"@type":"WebPage","@id":"https:\/\/marglotexmodaf.co\/index.php\/producto\/set-ejecutivo-asimetrico-premium\/","url":"https:\/\/marglotexmodaf.co\/index.php\/producto\/set-ejecutivo-asimetrico-premium\/","name":"Set Ejecutivo Premium - Marglotexmodaf.co","isPartOf":{"@id":"https:\/\/marglotexmodaf.co\/#website"},"primaryImageOfPage":{"@id":"https:\/\/marglotexmodaf.co\/index.php\/producto\/set-ejecutivo-asimetrico-premium\/#primaryimage"},"image":{"@id":"https:\/\/marglotexmodaf.co\/index.php\/producto\/set-ejecutivo-asimetrico-premium\/#primaryimage"},"thumbnailUrl":"https:\/\/marglotexmodaf.co\/wp-content\/uploads\/2026\/03\/CATALOGO-RF0018.jpg","datePublished":"2026-03-07T01:24:20+00:00","dateModified":"2026-04-15T12:32:05+00:00","description":"Descubre el Set Ejecutivo Asim\u00e9trico Premium, un dise\u00f1o elegante que estiliza la silueta. Ideal para oficina o eventos. Env\u00edo gratis y pago contra entrega.","breadcrumb":{"@id":"https:\/\/marglotexmodaf.co\/index.php\/producto\/set-ejecutivo-asimetrico-premium\/#breadcrumb"},"inLanguage":"es-CO","potentialAction":[{"@type":"ReadAction","target":["https:\/\/marglotexmodaf.co\/index.php\/producto\/set-ejecutivo-asimetrico-premium\/"]}]},{"@type":"ImageObject","inLanguage":"es-CO","@id":"https:\/\/marglotexmodaf.co\/index.php\/producto\/set-ejecutivo-asimetrico-premium\/#primaryimage","url":"https:\/\/marglotexmodaf.co\/wp-content\/uploads\/2026\/03\/CATALOGO-RF0018.jpg","contentUrl":"https:\/\/marglotexmodaf.co\/wp-content\/uploads\/2026\/03\/CATALOGO-RF0018.jpg","width":1890,"height":1890},{"@type":"BreadcrumbList","@id":"https:\/\/marglotexmodaf.co\/index.php\/producto\/set-ejecutivo-asimetrico-premium\/#breadcrumb","itemListElement":[{"@type":"ListItem","position":1,"name":"Inicio","item":"https:\/\/marglotexmodaf.co\/"},{"@type":"ListItem","position":2,"name":"Tienda","item":"https:\/\/marglotexmodaf.co\/index.php\/tienda\/"},{"@type":"ListItem","position":3,"name":"Set Ejecutivo Premium"}]},{"@type":"WebSite","@id":"https:\/\/marglotexmodaf.co\/#website","url":"https:\/\/marglotexmodaf.co\/","name":"Marglotexmodaf.co","description":"","publisher":{"@id":"https:\/\/marglotexmodaf.co\/#organization"},"potentialAction":[{"@type":"SearchAction","target":{"@type":"EntryPoint","urlTemplate":"https:\/\/marglotexmodaf.co\/?s={search_term_string}"},"query-input":{"@type":"PropertyValueSpecification","valueRequired":true,"valueName":"search_term_string"}}],"inLanguage":"es-CO"},{"@type":"Organization","@id":"https:\/\/marglotexmodaf.co\/#organization","name":"Marglotexmodaf.co","url":"https:\/\/marglotexmodaf.co\/","logo":{"@type":"ImageObject","inLanguage":"es-CO","@id":"https:\/\/marglotexmodaf.co\/#\/schema\/logo\/image\/","url":"https:\/\/marglotexmodaf.co\/wp-content\/uploads\/2025\/01\/cropped-LOGO-Y-TEXTO-.jpg","contentUrl":"https:\/\/marglotexmodaf.co\/wp-content\/uploads\/2025\/01\/cropped-LOGO-Y-TEXTO-.jpg","width":1078,"height":433,"caption":"Marglotexmodaf.co"},"image":{"@id":"https:\/\/marglotexmodaf.co\/#\/schema\/logo\/image\/"}}]}},"_links":{"self":[{"href":"https:\/\/marglotexmodaf.co\/index.php\/wp-json\/wp\/v2\/product\/11250","targetHints":{"allow":["GET"]}}],"collection":[{"href":"https:\/\/marglotexmodaf.co\/index.php\/wp-json\/wp\/v2\/product"}],"about":[{"href":"https:\/\/marglotexmodaf.co\/index.php\/wp-json\/wp\/v2\/types\/product"}],"replies":[{"embeddable":true,"href":"https:\/\/marglotexmodaf.co\/index.php\/wp-json\/wp\/v2\/comments?post=11250"}],"version-history":[{"count":7,"href":"https:\/\/marglotexmodaf.co\/index.php\/wp-json\/wp\/v2\/product\/11250\/revisions"}],"predecessor-version":[{"id":11807,"href":"https:\/\/marglotexmodaf.co\/index.php\/wp-json\/wp\/v2\/product\/11250\/revisions\/11807"}],"wp:featuredmedia":[{"embeddable":true,"href":"https:\/\/marglotexmodaf.co\/index.php\/wp-json\/wp\/v2\/media\/11256"}],"wp:attachment":[{"href":"https:\/\/marglotexmodaf.co\/index.php\/wp-json\/wp\/v2\/media?parent=11250"}],"wp:term":[{"taxonomy":"product_brand","embeddable":true,"href":"https:\/\/marglotexmodaf.co\/index.php\/wp-json\/wp\/v2\/product_brand?post=11250"},{"taxonomy":"product_cat","embeddable":true,"href":"https:\/\/marglotexmodaf.co\/index.php\/wp-json\/wp\/v2\/product_cat?post=11250"},{"taxonomy":"product_tag","embeddable":true,"href":"https:\/\/marglotexmodaf.co\/index.php\/wp-json\/wp\/v2\/product_tag?post=11250"}],"curies":[{"name":"wp","href":"https:\/\/api.w.org\/{rel}","templated":true}]}}