{"id":852,"date":"2024-02-19T14:51:00","date_gmt":"2024-02-19T14:51:00","guid":{"rendered":"https:\/\/marglotexmodaf.co\/?page_id=852"},"modified":"2025-11-07T00:49:29","modified_gmt":"2025-11-07T00:49:29","slug":"reembolso_devoluciones","status":"publish","type":"page","link":"https:\/\/marglotexmodaf.co\/index.php\/reembolso_devoluciones\/","title":{"rendered":"Pol\u00edtica de devoluciones y reembolsos"},"content":{"rendered":"\t\t<div data-elementor-type=\"wp-page\" data-elementor-id=\"852\" class=\"elementor elementor-852\" data-elementor-post-type=\"page\">\n\t\t\t\t\t\t<section class=\"elementor-section elementor-top-section elementor-element elementor-element-e92b3f6 elementor-section-full_width elementor-section-height-default elementor-section-height-default\" data-id=\"e92b3f6\" data-element_type=\"section\" data-e-type=\"section\" data-settings=\"{&quot;background_background&quot;:&quot;classic&quot;}\">\n\t\t\t\t\t\t<div class=\"elementor-container elementor-column-gap-no\">\n\t\t\t\t\t<div class=\"elementor-column elementor-col-100 elementor-top-column elementor-element elementor-element-ecfe181\" data-id=\"ecfe181\" data-element_type=\"column\" data-e-type=\"column\">\n\t\t\t<div class=\"elementor-widget-wrap elementor-element-populated\">\n\t\t\t\t\t\t<div class=\"elementor-element elementor-element-acd4549 elementor-widget elementor-widget-image\" data-id=\"acd4549\" data-element_type=\"widget\" data-e-type=\"widget\" data-widget_type=\"image.default\">\n\t\t\t\t<div class=\"elementor-widget-container\">\n\t\t\t\t\t\t\t\t\t\t\t\t\t\t\t<img fetchpriority=\"high\" decoding=\"async\" width=\"1024\" height=\"410\" src=\"https:\/\/marglotexmodaf.co\/wp-content\/uploads\/2025\/07\/POLITICAS-01-1024x410.jpg\" class=\"attachment-large size-large wp-image-7767\" alt=\"\" srcset=\"https:\/\/marglotexmodaf.co\/wp-content\/uploads\/2025\/07\/POLITICAS-01-1024x410.jpg 1024w, https:\/\/marglotexmodaf.co\/wp-content\/uploads\/2025\/07\/POLITICAS-01-300x120.jpg 300w, https:\/\/marglotexmodaf.co\/wp-content\/uploads\/2025\/07\/POLITICAS-01-768x307.jpg 768w, https:\/\/marglotexmodaf.co\/wp-content\/uploads\/2025\/07\/POLITICAS-01-1536x614.jpg 1536w, https:\/\/marglotexmodaf.co\/wp-content\/uploads\/2025\/07\/POLITICAS-01-1320x528.jpg 1320w, https:\/\/marglotexmodaf.co\/wp-content\/uploads\/2025\/07\/POLITICAS-01-600x240.jpg 600w, https:\/\/marglotexmodaf.co\/wp-content\/uploads\/2025\/07\/POLITICAS-01.jpg 2000w\" sizes=\"(max-width: 1024px) 100vw, 1024px\" \/>\t\t\t\t\t\t\t\t\t\t\t\t\t\t\t<\/div>\n\t\t\t\t<\/div>\n\t\t\t\t\t<\/div>\n\t\t<\/div>\n\t\t\t\t\t<\/div>\n\t\t<\/section>\n\t\t\t\t<section class=\"elementor-section elementor-top-section elementor-element elementor-element-86ef957 elementor-section-boxed elementor-section-height-default elementor-section-height-default\" data-id=\"86ef957\" data-element_type=\"section\" data-e-type=\"section\">\n\t\t\t\t\t\t<div class=\"elementor-container elementor-column-gap-default\">\n\t\t\t\t\t<div class=\"elementor-column elementor-col-100 elementor-top-column elementor-element elementor-element-4ecf928\" data-id=\"4ecf928\" data-element_type=\"column\" data-e-type=\"column\">\n\t\t\t<div class=\"elementor-widget-wrap elementor-element-populated\">\n\t\t\t\t\t\t<div class=\"elementor-element elementor-element-4eabe7a elementor-widget__width-initial elementor-widget elementor-widget-text-editor\" data-id=\"4eabe7a\" data-element_type=\"widget\" data-e-type=\"widget\" data-widget_type=\"text-editor.default\">\n\t\t\t\t<div class=\"elementor-widget-container\">\n\t\t\t\t\t\t\t\t\t<p><strong>P<\/strong><strong>OL\u00cdTICAS DE CAMBIOS\u00a0\u00a0\u00a0\u00a0\u00a0\u00a0\u00a0\u00a0\u00a0\u00a0\u00a0\u00a0\u00a0\u00a0\u00a0\u00a0\u00a0\u00a0\u00a0\u00a0 <\/strong><\/p><p>Nuestro principal objetivo es asegurarnos de que se encuentre totalmente satisfecho con las compras realizadas en Margluxe Noir.<\/p><ul><li>Si por cualquier motivo\u00a0desea hacer el cambio de una\u00a0referencia o tallas adquirido, puede cambiarlo en un plazo de\u00a0veinte\u00a0d\u00edas (20), contados desde la fecha en que adquiri\u00f3 su producto.\u00a0\u00a0siempre y cuando no haya realizado previamente un cambio.<\/li><li>Los cambios de los productos se har\u00e1n \u00fanicamente por el\u00a0valor igual\u00a0o superior al pagado.<\/li><li>para solicitar el cambio debes hacerlo al siguiente WhatsApp 3022944984 \u00fanica l\u00ednea habilitado por Margluxe Noir<\/li><li>Costo de Envi\u00f3: Tenga en cuenta que como cliente correr\u00e1 con los gastos\u00a0de env\u00edo del articulo para el cambio.<\/li><li>Prendas en descuento no tienen cambio.<\/li><li>En caso\u00a0de que la empresa no tenga disponibilidad\u00a0de\u00a0inventario\u00a0para el cambio del producto, tendr\u00e1 la opci\u00f3n\u00a0de elegir otro producto para reemplazar, en el tiempo estipulado para el cambio.<\/li><\/ul><p>Cuando se recibe la prenda (devoluci\u00f3n env\u00edos nacional), La Empresa tiene\u00a0quince d\u00edas\u00a0(15)\u00a0h\u00e1biles para que el \u00e1rea de garant\u00eda revise el estado de la prenda(s). Finalizado este estudio la asesora procede a dar respuesta del proceso de cambio.<\/p><p>Para ejercer el derecho al cambio, los productos deber\u00e1n cumplir con los siguientes requisitos:<\/p><ul><li>No haber sido usada la prenda<\/li><li>Contar con todas sus etiquetas, adheridas tanto las internas como las\u00a0externas.<\/li><li>No encontrarse sucia<\/li><li>No tener rastros de uso de desodorante,\u00a0maquillaje, olor a cigarrillo, licor, perfume u otro que no sea caracter\u00edstico de la prenda.<\/li><li>No tener rastros de uso de qu\u00edmicos o blanqueador<\/li><li>No presentar deste\u00f1ido<\/li><li>La prenda no debi\u00f3 ser alterada o modificada por el consumidor<\/li><li>La horma de la prenda debe encontrarse perfecta<\/li><li>El estampado, apliques o bordados no deben tener inconsistencias por lavado, planchado o adulteraci\u00f3n.<\/li><li>Encontrarse en las mismas condiciones en las que fue adquirida<\/li><li>Deben conservar la etiqueta original.<\/li><li>Debe presentar la factura de compra, el certificado de regalo del comprador.<\/li><li>Las prendas en promoci\u00f3n no tienen cambio.<\/li><li>La ropa interior, bodys, crop top, top, prendas blancas, prendas de acetato, accesorios,\u00a0bolsos, correas y bisuter\u00eda no tienen cambio<\/li><li>Para calzado debe presentarlo en la caja, limpio, sin rayones, desgaste, fuelles por torcedura, limpieza incorrecta,\u00a0quiebre del tac\u00f3n o suela por uso incorrecto.<\/li><\/ul><p>Margluxe Noir aclara que cada prenda o accesorio es revisada minuciosamente por nuestro personal encargado antes de realizarse su envi\u00f3. \u00a0<\/p><p><strong>REVERSION DE DINERO<\/strong><\/p><p>De acuerdo al Art\u00edculo 47 de la Ley 1480 de 2011, el t\u00e9rmino para ejercer el derecho de retracto debe ejecutarse antes de cinco (5) d\u00edas, se entender\u00e1 pactado el derecho de retracto por parte del consumidor en el evento en que se haga uso de la facultad de retracto, y se deber\u00e1 reintegrar el dinero que el consumidor hubiese pagado. El consumidor deber\u00e1 devolver el producto al productor o proveedor por los mismos medios y en las mismas condiciones en que lo recibi\u00f3. Los costos de transporte y los dem\u00e1s que conlleve la devoluci\u00f3n del bien ser\u00e1n cubiertos por el consumidor. El t\u00e9rmino m\u00e1ximo para ejercer el derecho de retracto ser\u00e1 de cinco (5) d\u00edas h\u00e1biles contados a partir de la entrega del bien o de la celebraci\u00f3n del contrato en caso de la prestaci\u00f3n de servicios.<\/p><p>Se except\u00faan del derecho de retracto, los siguientes productos:<\/p><ul><li>La ropa interior, bodys, crop top, vestido de ba\u00f1o, prendas blancas, blonda, bordados, prendas de acetato, accesorios, bolsos, sombreros, correas y bisuter\u00eda.<\/li><li>Productos en descuento.<\/li><li>La devoluci\u00f3n de dinero o reversi\u00f3n de compras con PSE Nequi, Daviplata tarjetas de d\u00e9bito y cr\u00e9dito se har\u00e1 en un plazo m\u00e1ximo de 30 d\u00edas h\u00e1biles, desde el momento que La Tienda recibe el producto y es revisado que llegue en buen estado de acuerdo a las pol\u00edticas que tenemos establecidas.<\/li><li>Por pol\u00edticas de la Empresa el reembolso del dinero se har\u00e1 por transferencia, \u00fanicamente a cuentas de ahorros, corriente y banca m\u00f3vil de Bancolombia. El reembolso debe ser solicitado por el cliente que hizo la compra a trav\u00e9s del correo\u00a0<u>Margluxe.noir@gmail.com<\/u><\/li><li>Si es tarjeta de cr\u00e9dito, depender\u00e1 de las fechas de corte de la tarjeta y los tiempos de la entidad financiera; esto puede tomar hasta 2 meses (pol\u00edticas internas del banco y\/o entidad financiera)<\/li><li>Solo se realizar\u00e1n esta devoluci\u00f3n en caso de que se cometa alg\u00fan error\u00a0en despacho por parte de la empresa.<\/li><\/ul><p><strong>COSTO DE ENVIO:<\/strong><\/p><p>Al momento de realizar tu compra, el costo de env\u00edo aparecer\u00e1 como un valor adicional a los productos seleccionados y se puede identificar claramente antes de finalizar tu pedido.\u00a0 Este costo ser\u00e1 asumido y deber\u00e1 ser pagado por el cliente en el proceso de la compra.<\/p><p>El costo del env\u00edo, var\u00eda de acuerdo al peso, alto, largo y profundidad del paquete<\/p><p>El valor del seguro de cada pedido, ser\u00e1 el valor de la compra y deber\u00e1 ser asumido por el cliente en el momento que haga el cierre de compra, con el fin de asegurar los recursos de econ\u00f3micos efectuados por el cliente. Esto aplica para env\u00edos nacionales.<\/p><p><strong>PERDIDA DE PAQUETES<\/strong><\/p><p>En caso de extrav\u00edo de un paquete por parte de la Empresa transportadora, nuestra Tienda tomar\u00e1 las acciones correspondientes para la reclamaci\u00f3n del valor asegurado (valor de la compra) y hacer el proceso de reintegro de dinero y\/o programaci\u00f3n de env\u00edo de las prendas siempre y cuando est\u00e9n disponibles en el inventario de\u00a0Margluxe Noir.<\/p><p><strong>DISPONIBILIDAD DE NUESTROS PRODUCTOS<\/strong><\/p><p>Margluxe Noir,\u00a0informa al Cliente que las unidades disponibles en el sitio web corresponden a las existencias en la bodega. En ning\u00fan caso pondr\u00e1 a la venta de forma intencionada m\u00e1s unidades de las que disponga, nuestras prendas son limitadas y es posible que antes de seleccionar y hacer el respectivo pago de un producto, pueda estar agotado debido a la alta rotaci\u00f3n de nuestros productos y por ende no constituye todo aquello que se podr\u00eda denominar como publicidad enga\u00f1osa.<\/p><p><span style=\"color: var( --e-global-color-text ); font-family: var( --e-global-typography-text-font-family ), Sans-serif; font-weight: var( --e-global-typography-text-font-weight ); background-color: transparent;\">Margluxe Noir<\/span>, anuncia que en que los casos donde sea dif\u00edcil de tener un control tales c\u00f3mo errores humanos o incidencias en los sistemas inform\u00e1ticos, en\u00a0donde la cantidad en inventario disponible difiera del pedido realizado,\u00a0<span style=\"color: var( --e-global-color-text ); font-family: var( --e-global-typography-text-font-family ), Sans-serif; font-weight: var( --e-global-typography-text-font-weight ); background-color: transparent;\">Margluxe Noir<\/span><span style=\"color: var( --e-global-color-text ); font-family: var( --e-global-typography-text-font-family ), Sans-serif; font-weight: var( --e-global-typography-text-font-weight ); background-color: transparent;\">\u00a0informar\u00e1 al Cliente v\u00eda email de la anulaci\u00f3n total o parcial de su pedido, de manera que pueda seleccionar nuevos \u00edtems para su pedido o si el Cliente solicita devoluci\u00f3n de dinero, esta se realizar\u00e1 de acuerdo con lo estipulado en \u201cReversi\u00f3n de dinero\u201d.<\/span><\/p><p>Tambi\u00e9n te queremos informar que trataremos de tener los mismos productos tanto en nuestro sitio web como en el punto de bodega. Tambi\u00e9n hacemos saber que\u00a0<span style=\"color: var( --e-global-color-text ); font-family: var( --e-global-typography-text-font-family ), Sans-serif; font-weight: var( --e-global-typography-text-font-weight ); background-color: transparent;\">Margluxe Noir<\/span><span style=\"color: var( --e-global-color-text ); font-family: var( --e-global-typography-text-font-family ), Sans-serif; font-weight: var( --e-global-typography-text-font-weight ); background-color: transparent;\">\u00a0es aut\u00f3nomo de las configuraciones de nuestro inventario en el sitio web lo que quiere decir; que podemos subir y bajar im\u00e1genes sin previo aviso a nuestros clientes ya que nuestro inventario es de una alta rotaci\u00f3n. Con respecto a nuestros productos que viene en su mayor\u00eda tallas S \u2013 M \u2013 L.<\/span><\/p><p>calidad u otra caracter\u00edstica del producto te recomendamos acudir a algunos de nuestros canales de atenci\u00f3n los cuales enunciaremos a continuaci\u00f3n.<\/p><p>WhatsApp: 3022944984<\/p><p>Correo:\u00a0<span style=\"color: var( --e-global-color-text ); font-family: var( --e-global-typography-text-font-family ), Sans-serif; font-weight: var( --e-global-typography-text-font-weight ); background-color: transparent;\">Margluxe.noir<\/span><u style=\"color: var( --e-global-color-text ); font-family: var( --e-global-typography-text-font-family ), Sans-serif; font-weight: var( --e-global-typography-text-font-weight ); background-color: transparent;\">@gmail.com\u00a0\u00a0<\/u><\/p><p>Instagram: @margluxe_noir<\/p>\t\t\t\t\t\t\t\t<\/div>\n\t\t\t\t<\/div>\n\t\t\t\t\t<\/div>\n\t\t<\/div>\n\t\t\t\t\t<\/div>\n\t\t<\/section>\n\t\t\t\t<\/div>\n\t\t","protected":false},"excerpt":{"rendered":"<p>POL\u00cdTICAS DE CAMBIOS\u00a0\u00a0\u00a0\u00a0\u00a0\u00a0\u00a0\u00a0\u00a0\u00a0\u00a0\u00a0\u00a0\u00a0\u00a0\u00a0\u00a0\u00a0\u00a0\u00a0 Nuestro principal objetivo es asegurarnos de que se encuentre totalmente satisfecho con las compras realizadas en Margluxe Noir. Si por cualquier motivo\u00a0desea hacer el cambio de una\u00a0referencia o tallas adquirido, puede cambiarlo en un plazo de\u00a0veinte\u00a0d\u00edas (20), contados desde la fecha en que adquiri\u00f3 su producto.\u00a0\u00a0siempre y cuando no haya realizado previamente&#8230;<\/p>\n","protected":false},"author":1,"featured_media":0,"parent":0,"menu_order":0,"comment_status":"closed","ping_status":"closed","template":"","meta":{"_kad_post_transparent":"","_kad_post_title":"hide","_kad_post_layout":"","_kad_post_sidebar_id":"","_kad_post_content_style":"","_kad_post_vertical_padding":"","_kad_post_feature":"","_kad_post_feature_position":"","_kad_post_header":true,"_kad_post_footer":true,"_joinchat":[],"footnotes":""},"class_list":["post-852","page","type-page","status-publish","hentry"],"yoast_head":"<!-- This site is optimized with the Yoast SEO plugin v27.4 - https:\/\/yoast.com\/product\/yoast-seo-wordpress\/ -->\n<title>Pol\u00edtica de devoluciones y reembolsos - Marglotexmodaf.co<\/title>\n<meta name=\"robots\" content=\"index, follow, max-snippet:-1, max-image-preview:large, max-video-preview:-1\" \/>\n<link rel=\"canonical\" href=\"https:\/\/marglotexmodaf.co\/index.php\/reembolso_devoluciones\/\" \/>\n<meta property=\"og:locale\" content=\"es_ES\" \/>\n<meta property=\"og:type\" content=\"article\" \/>\n<meta property=\"og:title\" content=\"Pol\u00edtica de devoluciones y reembolsos - Marglotexmodaf.co\" \/>\n<meta property=\"og:description\" content=\"POL\u00cdTICAS DE CAMBIOS\u00a0\u00a0\u00a0\u00a0\u00a0\u00a0\u00a0\u00a0\u00a0\u00a0\u00a0\u00a0\u00a0\u00a0\u00a0\u00a0\u00a0\u00a0\u00a0\u00a0 Nuestro principal objetivo es asegurarnos de que se encuentre totalmente satisfecho con las compras realizadas en Margluxe Noir. Si por cualquier motivo\u00a0desea hacer el cambio de una\u00a0referencia o tallas adquirido, puede cambiarlo en un plazo de\u00a0veinte\u00a0d\u00edas (20), contados desde la fecha en que adquiri\u00f3 su producto.\u00a0\u00a0siempre y cuando no haya realizado previamente...\" \/>\n<meta property=\"og:url\" content=\"https:\/\/marglotexmodaf.co\/index.php\/reembolso_devoluciones\/\" \/>\n<meta property=\"og:site_name\" content=\"Marglotexmodaf.co\" \/>\n<meta property=\"article:modified_time\" content=\"2025-11-07T00:49:29+00:00\" \/>\n<meta property=\"og:image\" content=\"https:\/\/marglotexmodaf.co\/wp-content\/uploads\/2025\/07\/POLITICAS-01.jpg\" \/>\n\t<meta property=\"og:image:width\" content=\"2000\" \/>\n\t<meta property=\"og:image:height\" content=\"800\" \/>\n\t<meta property=\"og:image:type\" content=\"image\/jpeg\" \/>\n<meta name=\"twitter:card\" content=\"summary_large_image\" \/>\n<meta name=\"twitter:label1\" content=\"Tiempo de lectura\" \/>\n\t<meta name=\"twitter:data1\" content=\"6 minutos\" \/>\n<script type=\"application\/ld+json\" class=\"yoast-schema-graph\">{\"@context\":\"https:\\\/\\\/schema.org\",\"@graph\":[{\"@type\":\"WebPage\",\"@id\":\"https:\\\/\\\/marglotexmodaf.co\\\/index.php\\\/reembolso_devoluciones\\\/\",\"url\":\"https:\\\/\\\/marglotexmodaf.co\\\/index.php\\\/reembolso_devoluciones\\\/\",\"name\":\"Pol\u00edtica de devoluciones y reembolsos - Marglotexmodaf.co\",\"isPartOf\":{\"@id\":\"https:\\\/\\\/marglotexmodaf.co\\\/#website\"},\"primaryImageOfPage\":{\"@id\":\"https:\\\/\\\/marglotexmodaf.co\\\/index.php\\\/reembolso_devoluciones\\\/#primaryimage\"},\"image\":{\"@id\":\"https:\\\/\\\/marglotexmodaf.co\\\/index.php\\\/reembolso_devoluciones\\\/#primaryimage\"},\"thumbnailUrl\":\"https:\\\/\\\/marglotexmodaf.co\\\/wp-content\\\/uploads\\\/2025\\\/07\\\/POLITICAS-01-1024x410.jpg\",\"datePublished\":\"2024-02-19T14:51:00+00:00\",\"dateModified\":\"2025-11-07T00:49:29+00:00\",\"breadcrumb\":{\"@id\":\"https:\\\/\\\/marglotexmodaf.co\\\/index.php\\\/reembolso_devoluciones\\\/#breadcrumb\"},\"inLanguage\":\"es-CO\",\"potentialAction\":[{\"@type\":\"ReadAction\",\"target\":[\"https:\\\/\\\/marglotexmodaf.co\\\/index.php\\\/reembolso_devoluciones\\\/\"]}]},{\"@type\":\"ImageObject\",\"inLanguage\":\"es-CO\",\"@id\":\"https:\\\/\\\/marglotexmodaf.co\\\/index.php\\\/reembolso_devoluciones\\\/#primaryimage\",\"url\":\"https:\\\/\\\/marglotexmodaf.co\\\/wp-content\\\/uploads\\\/2025\\\/07\\\/POLITICAS-01.jpg\",\"contentUrl\":\"https:\\\/\\\/marglotexmodaf.co\\\/wp-content\\\/uploads\\\/2025\\\/07\\\/POLITICAS-01.jpg\",\"width\":2000,\"height\":800},{\"@type\":\"BreadcrumbList\",\"@id\":\"https:\\\/\\\/marglotexmodaf.co\\\/index.php\\\/reembolso_devoluciones\\\/#breadcrumb\",\"itemListElement\":[{\"@type\":\"ListItem\",\"position\":1,\"name\":\"Inicio\",\"item\":\"https:\\\/\\\/marglotexmodaf.co\\\/\"},{\"@type\":\"ListItem\",\"position\":2,\"name\":\"Pol\u00edtica de devoluciones y reembolsos\"}]},{\"@type\":\"WebSite\",\"@id\":\"https:\\\/\\\/marglotexmodaf.co\\\/#website\",\"url\":\"https:\\\/\\\/marglotexmodaf.co\\\/\",\"name\":\"Marglotexmodaf.co\",\"description\":\"\",\"publisher\":{\"@id\":\"https:\\\/\\\/marglotexmodaf.co\\\/#organization\"},\"potentialAction\":[{\"@type\":\"SearchAction\",\"target\":{\"@type\":\"EntryPoint\",\"urlTemplate\":\"https:\\\/\\\/marglotexmodaf.co\\\/?s={search_term_string}\"},\"query-input\":{\"@type\":\"PropertyValueSpecification\",\"valueRequired\":true,\"valueName\":\"search_term_string\"}}],\"inLanguage\":\"es-CO\"},{\"@type\":\"Organization\",\"@id\":\"https:\\\/\\\/marglotexmodaf.co\\\/#organization\",\"name\":\"Marglotexmodaf.co\",\"url\":\"https:\\\/\\\/marglotexmodaf.co\\\/\",\"logo\":{\"@type\":\"ImageObject\",\"inLanguage\":\"es-CO\",\"@id\":\"https:\\\/\\\/marglotexmodaf.co\\\/#\\\/schema\\\/logo\\\/image\\\/\",\"url\":\"https:\\\/\\\/marglotexmodaf.co\\\/wp-content\\\/uploads\\\/2025\\\/01\\\/cropped-LOGO-Y-TEXTO-.jpg\",\"contentUrl\":\"https:\\\/\\\/marglotexmodaf.co\\\/wp-content\\\/uploads\\\/2025\\\/01\\\/cropped-LOGO-Y-TEXTO-.jpg\",\"width\":1078,\"height\":433,\"caption\":\"Marglotexmodaf.co\"},\"image\":{\"@id\":\"https:\\\/\\\/marglotexmodaf.co\\\/#\\\/schema\\\/logo\\\/image\\\/\"}}]}<\/script>\n<!-- \/ Yoast SEO plugin. -->","yoast_head_json":{"title":"Pol\u00edtica de devoluciones y reembolsos - Marglotexmodaf.co","robots":{"index":"index","follow":"follow","max-snippet":"max-snippet:-1","max-image-preview":"max-image-preview:large","max-video-preview":"max-video-preview:-1"},"canonical":"https:\/\/marglotexmodaf.co\/index.php\/reembolso_devoluciones\/","og_locale":"es_ES","og_type":"article","og_title":"Pol\u00edtica de devoluciones y reembolsos - Marglotexmodaf.co","og_description":"POL\u00cdTICAS DE CAMBIOS\u00a0\u00a0\u00a0\u00a0\u00a0\u00a0\u00a0\u00a0\u00a0\u00a0\u00a0\u00a0\u00a0\u00a0\u00a0\u00a0\u00a0\u00a0\u00a0\u00a0 Nuestro principal objetivo es asegurarnos de que se encuentre totalmente satisfecho con las compras realizadas en Margluxe Noir. Si por cualquier motivo\u00a0desea hacer el cambio de una\u00a0referencia o tallas adquirido, puede cambiarlo en un plazo de\u00a0veinte\u00a0d\u00edas (20), contados desde la fecha en que adquiri\u00f3 su producto.\u00a0\u00a0siempre y cuando no haya realizado previamente...","og_url":"https:\/\/marglotexmodaf.co\/index.php\/reembolso_devoluciones\/","og_site_name":"Marglotexmodaf.co","article_modified_time":"2025-11-07T00:49:29+00:00","og_image":[{"width":2000,"height":800,"url":"https:\/\/marglotexmodaf.co\/wp-content\/uploads\/2025\/07\/POLITICAS-01.jpg","type":"image\/jpeg"}],"twitter_card":"summary_large_image","twitter_misc":{"Tiempo de lectura":"6 minutos"},"schema":{"@context":"https:\/\/schema.org","@graph":[{"@type":"WebPage","@id":"https:\/\/marglotexmodaf.co\/index.php\/reembolso_devoluciones\/","url":"https:\/\/marglotexmodaf.co\/index.php\/reembolso_devoluciones\/","name":"Pol\u00edtica de devoluciones y reembolsos - Marglotexmodaf.co","isPartOf":{"@id":"https:\/\/marglotexmodaf.co\/#website"},"primaryImageOfPage":{"@id":"https:\/\/marglotexmodaf.co\/index.php\/reembolso_devoluciones\/#primaryimage"},"image":{"@id":"https:\/\/marglotexmodaf.co\/index.php\/reembolso_devoluciones\/#primaryimage"},"thumbnailUrl":"https:\/\/marglotexmodaf.co\/wp-content\/uploads\/2025\/07\/POLITICAS-01-1024x410.jpg","datePublished":"2024-02-19T14:51:00+00:00","dateModified":"2025-11-07T00:49:29+00:00","breadcrumb":{"@id":"https:\/\/marglotexmodaf.co\/index.php\/reembolso_devoluciones\/#breadcrumb"},"inLanguage":"es-CO","potentialAction":[{"@type":"ReadAction","target":["https:\/\/marglotexmodaf.co\/index.php\/reembolso_devoluciones\/"]}]},{"@type":"ImageObject","inLanguage":"es-CO","@id":"https:\/\/marglotexmodaf.co\/index.php\/reembolso_devoluciones\/#primaryimage","url":"https:\/\/marglotexmodaf.co\/wp-content\/uploads\/2025\/07\/POLITICAS-01.jpg","contentUrl":"https:\/\/marglotexmodaf.co\/wp-content\/uploads\/2025\/07\/POLITICAS-01.jpg","width":2000,"height":800},{"@type":"BreadcrumbList","@id":"https:\/\/marglotexmodaf.co\/index.php\/reembolso_devoluciones\/#breadcrumb","itemListElement":[{"@type":"ListItem","position":1,"name":"Inicio","item":"https:\/\/marglotexmodaf.co\/"},{"@type":"ListItem","position":2,"name":"Pol\u00edtica de devoluciones y reembolsos"}]},{"@type":"WebSite","@id":"https:\/\/marglotexmodaf.co\/#website","url":"https:\/\/marglotexmodaf.co\/","name":"Marglotexmodaf.co","description":"","publisher":{"@id":"https:\/\/marglotexmodaf.co\/#organization"},"potentialAction":[{"@type":"SearchAction","target":{"@type":"EntryPoint","urlTemplate":"https:\/\/marglotexmodaf.co\/?s={search_term_string}"},"query-input":{"@type":"PropertyValueSpecification","valueRequired":true,"valueName":"search_term_string"}}],"inLanguage":"es-CO"},{"@type":"Organization","@id":"https:\/\/marglotexmodaf.co\/#organization","name":"Marglotexmodaf.co","url":"https:\/\/marglotexmodaf.co\/","logo":{"@type":"ImageObject","inLanguage":"es-CO","@id":"https:\/\/marglotexmodaf.co\/#\/schema\/logo\/image\/","url":"https:\/\/marglotexmodaf.co\/wp-content\/uploads\/2025\/01\/cropped-LOGO-Y-TEXTO-.jpg","contentUrl":"https:\/\/marglotexmodaf.co\/wp-content\/uploads\/2025\/01\/cropped-LOGO-Y-TEXTO-.jpg","width":1078,"height":433,"caption":"Marglotexmodaf.co"},"image":{"@id":"https:\/\/marglotexmodaf.co\/#\/schema\/logo\/image\/"}}]}},"_links":{"self":[{"href":"https:\/\/marglotexmodaf.co\/index.php\/wp-json\/wp\/v2\/pages\/852","targetHints":{"allow":["GET"]}}],"collection":[{"href":"https:\/\/marglotexmodaf.co\/index.php\/wp-json\/wp\/v2\/pages"}],"about":[{"href":"https:\/\/marglotexmodaf.co\/index.php\/wp-json\/wp\/v2\/types\/page"}],"author":[{"embeddable":true,"href":"https:\/\/marglotexmodaf.co\/index.php\/wp-json\/wp\/v2\/users\/1"}],"replies":[{"embeddable":true,"href":"https:\/\/marglotexmodaf.co\/index.php\/wp-json\/wp\/v2\/comments?post=852"}],"version-history":[{"count":28,"href":"https:\/\/marglotexmodaf.co\/index.php\/wp-json\/wp\/v2\/pages\/852\/revisions"}],"predecessor-version":[{"id":8910,"href":"https:\/\/marglotexmodaf.co\/index.php\/wp-json\/wp\/v2\/pages\/852\/revisions\/8910"}],"wp:attachment":[{"href":"https:\/\/marglotexmodaf.co\/index.php\/wp-json\/wp\/v2\/media?parent=852"}],"curies":[{"name":"wp","href":"https:\/\/api.w.org\/{rel}","templated":true}]}}