{"id":849,"date":"2023-10-11T17:20:09","date_gmt":"2023-10-11T17:20:09","guid":{"rendered":"https:\/\/marglotexmodaf.co\/index.php\/carrito\/"},"modified":"2025-11-07T03:46:16","modified_gmt":"2025-11-07T03:46:16","slug":"carrito","status":"publish","type":"page","link":"https:\/\/marglotexmodaf.co\/index.php\/carrito\/","title":{"rendered":"Carrito"},"content":{"rendered":"\t\t<div data-elementor-type=\"wp-page\" data-elementor-id=\"849\" class=\"elementor elementor-849\" data-elementor-post-type=\"page\">\n\t\t\t\t\t\t<section class=\"elementor-section elementor-top-section elementor-element elementor-element-7c17748 elementor-section-full_width elementor-section-stretched elementor-section-height-default elementor-section-height-default\" data-id=\"7c17748\" data-element_type=\"section\" data-e-type=\"section\" data-settings=\"{&quot;stretch_section&quot;:&quot;section-stretched&quot;,&quot;background_background&quot;:&quot;classic&quot;}\">\n\t\t\t\t\t\t<div class=\"elementor-container elementor-column-gap-no\">\n\t\t\t\t\t<div class=\"elementor-column elementor-col-100 elementor-top-column elementor-element elementor-element-5f7caa6a\" data-id=\"5f7caa6a\" data-element_type=\"column\" data-e-type=\"column\">\n\t\t\t<div class=\"elementor-widget-wrap elementor-element-populated\">\n\t\t\t\t\t\t<div class=\"elementor-element elementor-element-19713de4 elementor-hidden-desktop elementor-widget elementor-widget-image\" data-id=\"19713de4\" data-element_type=\"widget\" data-e-type=\"widget\" data-widget_type=\"image.default\">\n\t\t\t\t<div class=\"elementor-widget-container\">\n\t\t\t\t\t\t\t\t\t\t\t\t\t\t\t<img fetchpriority=\"high\" decoding=\"async\" width=\"1024\" height=\"901\" src=\"https:\/\/marglotexmodaf.co\/wp-content\/uploads\/2025\/03\/BANER-CELULAR-CARRITO-1024x901.jpg\" class=\"attachment-large size-large wp-image-6338\" alt=\"\" srcset=\"https:\/\/marglotexmodaf.co\/wp-content\/uploads\/2025\/03\/BANER-CELULAR-CARRITO-1024x901.jpg 1024w, https:\/\/marglotexmodaf.co\/wp-content\/uploads\/2025\/03\/BANER-CELULAR-CARRITO-300x264.jpg 300w, https:\/\/marglotexmodaf.co\/wp-content\/uploads\/2025\/03\/BANER-CELULAR-CARRITO-768x676.jpg 768w, https:\/\/marglotexmodaf.co\/wp-content\/uploads\/2025\/03\/BANER-CELULAR-CARRITO-600x528.jpg 600w, https:\/\/marglotexmodaf.co\/wp-content\/uploads\/2025\/03\/BANER-CELULAR-CARRITO.jpg 1080w\" sizes=\"(max-width: 1024px) 100vw, 1024px\" \/>\t\t\t\t\t\t\t\t\t\t\t\t\t\t\t<\/div>\n\t\t\t\t<\/div>\n\t\t\t\t<div class=\"elementor-element elementor-element-b441031 elementor-hidden-tablet elementor-hidden-mobile elementor-widget elementor-widget-image\" data-id=\"b441031\" data-element_type=\"widget\" data-e-type=\"widget\" data-widget_type=\"image.default\">\n\t\t\t\t<div class=\"elementor-widget-container\">\n\t\t\t\t\t\t\t\t\t\t\t\t\t\t\t<img decoding=\"async\" width=\"2000\" height=\"800\" src=\"https:\/\/marglotexmodaf.co\/wp-content\/uploads\/2025\/07\/NOSOTROS-1.3.jpg\" class=\"attachment-full size-full wp-image-7763\" alt=\"\" srcset=\"https:\/\/marglotexmodaf.co\/wp-content\/uploads\/2025\/07\/NOSOTROS-1.3.jpg 2000w, https:\/\/marglotexmodaf.co\/wp-content\/uploads\/2025\/07\/NOSOTROS-1.3-300x120.jpg 300w, https:\/\/marglotexmodaf.co\/wp-content\/uploads\/2025\/07\/NOSOTROS-1.3-1024x410.jpg 1024w, https:\/\/marglotexmodaf.co\/wp-content\/uploads\/2025\/07\/NOSOTROS-1.3-768x307.jpg 768w, https:\/\/marglotexmodaf.co\/wp-content\/uploads\/2025\/07\/NOSOTROS-1.3-1536x614.jpg 1536w, https:\/\/marglotexmodaf.co\/wp-content\/uploads\/2025\/07\/NOSOTROS-1.3-1320x528.jpg 1320w, https:\/\/marglotexmodaf.co\/wp-content\/uploads\/2025\/07\/NOSOTROS-1.3-600x240.jpg 600w\" sizes=\"(max-width: 2000px) 100vw, 2000px\" \/>\t\t\t\t\t\t\t\t\t\t\t\t\t\t\t<\/div>\n\t\t\t\t<\/div>\n\t\t\t\t\t<\/div>\n\t\t<\/div>\n\t\t\t\t\t<\/div>\n\t\t<\/section>\n\t\t\t\t<section class=\"elementor-section elementor-top-section elementor-element elementor-element-4e01932c elementor-section-full_width elementor-section-stretched elementor-reverse-tablet elementor-reverse-mobile elementor-section-height-default elementor-section-height-default\" data-id=\"4e01932c\" data-element_type=\"section\" data-e-type=\"section\" data-settings=\"{&quot;stretch_section&quot;:&quot;section-stretched&quot;,&quot;background_background&quot;:&quot;classic&quot;}\">\n\t\t\t\t\t\t<div class=\"elementor-container elementor-column-gap-default\">\n\t\t\t\t\t<div class=\"elementor-column elementor-col-100 elementor-top-column elementor-element elementor-element-3c5a6671\" data-id=\"3c5a6671\" data-element_type=\"column\" data-e-type=\"column\" data-settings=\"{&quot;background_background&quot;:&quot;classic&quot;}\">\n\t\t\t<div class=\"elementor-widget-wrap elementor-element-populated\">\n\t\t\t\t\t\t<div class=\"elementor-element elementor-element-7c02f568 elementor-hidden-desktop elementor-widget elementor-widget-text-editor\" data-id=\"7c02f568\" data-element_type=\"widget\" data-e-type=\"widget\" data-widget_type=\"text-editor.default\">\n\t\t\t\t<div class=\"elementor-widget-container\">\n\t\t\t\t\t\t\t\t\t<p>Desliza para la izquierda para poder editar la cantidad de productos a comprar<\/p>\t\t\t\t\t\t\t\t<\/div>\n\t\t\t\t<\/div>\n\t\t\t\t<div class=\"elementor-element elementor-element-18a04b76 elementor-hidden-desktop elementor-widget-divider--view-line elementor-widget elementor-widget-divider\" data-id=\"18a04b76\" data-element_type=\"widget\" data-e-type=\"widget\" data-widget_type=\"divider.default\">\n\t\t\t\t<div class=\"elementor-widget-container\">\n\t\t\t\t\t\t\t<div class=\"elementor-divider\">\n\t\t\t<span class=\"elementor-divider-separator\">\n\t\t\t\t\t\t<\/span>\n\t\t<\/div>\n\t\t\t\t\t\t<\/div>\n\t\t\t\t<\/div>\n\t\t\t\t<div class=\"elementor-element elementor-element-62ee87d1 elementor-widget elementor-widget-eael-woo-cart\" data-id=\"62ee87d1\" data-element_type=\"widget\" data-e-type=\"widget\" data-settings=\"{&quot;eael_woo_cart_components_continue_shopping_icon&quot;:{&quot;value&quot;:&quot;fas fa-chevron-left&quot;,&quot;library&quot;:&quot;fa-solid&quot;}}\" data-widget_type=\"eael-woo-cart.default\">\n\t\t\t\t<div class=\"elementor-widget-container\">\n\t\t\t\t\t\t\t\t\t<div class=\"eael-woo-cart-wrapper eael-woo-cart-empty eael-woo-default eael-auto-update33\">\n\t\t\t\t<div class=\"woocommerce-notices-wrapper\"><\/div><div class=\"wc-empty-cart-message\">\n\t<div class=\"cart-empty woocommerce-info\" role=\"status\">\n\t\tEn este momento tu carrito est\u00e1 vac\u00edo.\t<\/div>\n<\/div>\t<p class=\"return-to-shop\">\n\t\t<a class=\"button wc-backward\" href=\"https:\/\/marglotexmodaf.co\/index.php\/tienda\/\">\n\t\t\tVolver a la tienda\t\t<\/a>\n\t<\/p>\n                <\/div>\n\t\t\t\t        <script>document.body.classList.add(\"eael-woo-cart\");<\/script>\n\t\t\t\t\t\t<\/div>\n\t\t\t\t<\/div>\n\t\t\t\t\t<\/div>\n\t\t<\/div>\n\t\t\t\t\t<\/div>\n\t\t<\/section>\n\t\t\t\t<\/div>\n\t\t","protected":false},"excerpt":{"rendered":"<p>Desliza para la izquierda para poder editar la cantidad de productos a comprar Resumen del carrito Productos Precio Cantidad Total Pantal\u00f3n Negro Palazzo &#8211; Negro Tallas: S &#36;165.999 Pantal\u00f3n Negro Palazzo &#8211; Negro cantidad &#36;165.999 Coupon: Aplicar cup\u00f3n Seguir comprando Actualizar carrito Subtotal &#36;165.999 Env\u00edo Env\u00edo gratuito Enviar a cll 1323103-02, suba bogota, Cundinamarca. Cambiar&#8230;<\/p>\n","protected":false},"author":1,"featured_media":0,"parent":0,"menu_order":0,"comment_status":"closed","ping_status":"closed","template":"","meta":{"_kad_post_transparent":"","_kad_post_title":"hide","_kad_post_layout":"fullwidth","_kad_post_sidebar_id":"","_kad_post_content_style":"unboxed","_kad_post_vertical_padding":"hide","_kad_post_feature":"hide","_kad_post_feature_position":"","_kad_post_header":false,"_kad_post_footer":true,"_joinchat":[],"footnotes":""},"class_list":["post-849","page","type-page","status-publish","hentry"],"yoast_head":"<!-- This site is optimized with the Yoast SEO plugin v27.4 - https:\/\/yoast.com\/product\/yoast-seo-wordpress\/ -->\n<title>Carrito - Marglotexmodaf.co<\/title>\n<meta name=\"robots\" content=\"index, follow, max-snippet:-1, max-image-preview:large, max-video-preview:-1\" \/>\n<link rel=\"canonical\" href=\"https:\/\/marglotexmodaf.co\/index.php\/carrito\/\" \/>\n<meta property=\"og:locale\" content=\"es_ES\" \/>\n<meta property=\"og:type\" content=\"article\" \/>\n<meta property=\"og:title\" content=\"Carrito - Marglotexmodaf.co\" \/>\n<meta property=\"og:description\" content=\"Desliza para la izquierda para poder editar la cantidad de productos a comprar Resumen del carrito Productos Precio Cantidad Total Pantal\u00f3n Negro Palazzo &#8211; Negro Tallas: S &#036;165.999 Pantal\u00f3n Negro Palazzo &#8211; Negro cantidad &#036;165.999 Coupon: Aplicar cup\u00f3n Seguir comprando Actualizar carrito Subtotal &#036;165.999 Env\u00edo Env\u00edo gratuito Enviar a cll 1323103-02, suba bogota, Cundinamarca. Cambiar...\" \/>\n<meta property=\"og:url\" content=\"https:\/\/marglotexmodaf.co\/index.php\/carrito\/\" \/>\n<meta property=\"og:site_name\" content=\"Marglotexmodaf.co\" \/>\n<meta property=\"article:modified_time\" content=\"2025-11-07T03:46:16+00:00\" \/>\n<meta property=\"og:image\" content=\"https:\/\/marglotexmodaf.co\/wp-content\/uploads\/2025\/03\/BANER-CELULAR-CARRITO-1024x901.jpg\" \/>\n<meta name=\"twitter:card\" content=\"summary_large_image\" \/>\n<meta name=\"twitter:label1\" content=\"Tiempo de lectura\" \/>\n\t<meta name=\"twitter:data1\" content=\"1 minuto\" \/>\n<script type=\"application\/ld+json\" class=\"yoast-schema-graph\">{\"@context\":\"https:\\\/\\\/schema.org\",\"@graph\":[{\"@type\":\"WebPage\",\"@id\":\"https:\\\/\\\/marglotexmodaf.co\\\/index.php\\\/carrito\\\/\",\"url\":\"https:\\\/\\\/marglotexmodaf.co\\\/index.php\\\/carrito\\\/\",\"name\":\"Carrito - Marglotexmodaf.co\",\"isPartOf\":{\"@id\":\"https:\\\/\\\/marglotexmodaf.co\\\/#website\"},\"primaryImageOfPage\":{\"@id\":\"https:\\\/\\\/marglotexmodaf.co\\\/index.php\\\/carrito\\\/#primaryimage\"},\"image\":{\"@id\":\"https:\\\/\\\/marglotexmodaf.co\\\/index.php\\\/carrito\\\/#primaryimage\"},\"thumbnailUrl\":\"https:\\\/\\\/marglotexmodaf.co\\\/wp-content\\\/uploads\\\/2025\\\/03\\\/BANER-CELULAR-CARRITO-1024x901.jpg\",\"datePublished\":\"2023-10-11T17:20:09+00:00\",\"dateModified\":\"2025-11-07T03:46:16+00:00\",\"breadcrumb\":{\"@id\":\"https:\\\/\\\/marglotexmodaf.co\\\/index.php\\\/carrito\\\/#breadcrumb\"},\"inLanguage\":\"es-CO\",\"potentialAction\":[{\"@type\":\"ReadAction\",\"target\":[\"https:\\\/\\\/marglotexmodaf.co\\\/index.php\\\/carrito\\\/\"]}]},{\"@type\":\"ImageObject\",\"inLanguage\":\"es-CO\",\"@id\":\"https:\\\/\\\/marglotexmodaf.co\\\/index.php\\\/carrito\\\/#primaryimage\",\"url\":\"https:\\\/\\\/marglotexmodaf.co\\\/wp-content\\\/uploads\\\/2025\\\/03\\\/BANER-CELULAR-CARRITO.jpg\",\"contentUrl\":\"https:\\\/\\\/marglotexmodaf.co\\\/wp-content\\\/uploads\\\/2025\\\/03\\\/BANER-CELULAR-CARRITO.jpg\",\"width\":1080,\"height\":950},{\"@type\":\"BreadcrumbList\",\"@id\":\"https:\\\/\\\/marglotexmodaf.co\\\/index.php\\\/carrito\\\/#breadcrumb\",\"itemListElement\":[{\"@type\":\"ListItem\",\"position\":1,\"name\":\"Inicio\",\"item\":\"https:\\\/\\\/marglotexmodaf.co\\\/\"},{\"@type\":\"ListItem\",\"position\":2,\"name\":\"Carrito\"}]},{\"@type\":\"WebSite\",\"@id\":\"https:\\\/\\\/marglotexmodaf.co\\\/#website\",\"url\":\"https:\\\/\\\/marglotexmodaf.co\\\/\",\"name\":\"Marglotexmodaf.co\",\"description\":\"\",\"publisher\":{\"@id\":\"https:\\\/\\\/marglotexmodaf.co\\\/#organization\"},\"potentialAction\":[{\"@type\":\"SearchAction\",\"target\":{\"@type\":\"EntryPoint\",\"urlTemplate\":\"https:\\\/\\\/marglotexmodaf.co\\\/?s={search_term_string}\"},\"query-input\":{\"@type\":\"PropertyValueSpecification\",\"valueRequired\":true,\"valueName\":\"search_term_string\"}}],\"inLanguage\":\"es-CO\"},{\"@type\":\"Organization\",\"@id\":\"https:\\\/\\\/marglotexmodaf.co\\\/#organization\",\"name\":\"Marglotexmodaf.co\",\"url\":\"https:\\\/\\\/marglotexmodaf.co\\\/\",\"logo\":{\"@type\":\"ImageObject\",\"inLanguage\":\"es-CO\",\"@id\":\"https:\\\/\\\/marglotexmodaf.co\\\/#\\\/schema\\\/logo\\\/image\\\/\",\"url\":\"https:\\\/\\\/marglotexmodaf.co\\\/wp-content\\\/uploads\\\/2025\\\/01\\\/cropped-LOGO-Y-TEXTO-.jpg\",\"contentUrl\":\"https:\\\/\\\/marglotexmodaf.co\\\/wp-content\\\/uploads\\\/2025\\\/01\\\/cropped-LOGO-Y-TEXTO-.jpg\",\"width\":1078,\"height\":433,\"caption\":\"Marglotexmodaf.co\"},\"image\":{\"@id\":\"https:\\\/\\\/marglotexmodaf.co\\\/#\\\/schema\\\/logo\\\/image\\\/\"}}]}<\/script>\n<!-- \/ Yoast SEO plugin. -->","yoast_head_json":{"title":"Carrito - Marglotexmodaf.co","robots":{"index":"index","follow":"follow","max-snippet":"max-snippet:-1","max-image-preview":"max-image-preview:large","max-video-preview":"max-video-preview:-1"},"canonical":"https:\/\/marglotexmodaf.co\/index.php\/carrito\/","og_locale":"es_ES","og_type":"article","og_title":"Carrito - Marglotexmodaf.co","og_description":"Desliza para la izquierda para poder editar la cantidad de productos a comprar Resumen del carrito Productos Precio Cantidad Total Pantal\u00f3n Negro Palazzo &#8211; Negro Tallas: S &#36;165.999 Pantal\u00f3n Negro Palazzo &#8211; Negro cantidad &#36;165.999 Coupon: Aplicar cup\u00f3n Seguir comprando Actualizar carrito Subtotal &#36;165.999 Env\u00edo Env\u00edo gratuito Enviar a cll 1323103-02, suba bogota, Cundinamarca. Cambiar...","og_url":"https:\/\/marglotexmodaf.co\/index.php\/carrito\/","og_site_name":"Marglotexmodaf.co","article_modified_time":"2025-11-07T03:46:16+00:00","og_image":[{"url":"https:\/\/marglotexmodaf.co\/wp-content\/uploads\/2025\/03\/BANER-CELULAR-CARRITO-1024x901.jpg","type":"","width":"","height":""}],"twitter_card":"summary_large_image","twitter_misc":{"Tiempo de lectura":"1 minuto"},"schema":{"@context":"https:\/\/schema.org","@graph":[{"@type":"WebPage","@id":"https:\/\/marglotexmodaf.co\/index.php\/carrito\/","url":"https:\/\/marglotexmodaf.co\/index.php\/carrito\/","name":"Carrito - Marglotexmodaf.co","isPartOf":{"@id":"https:\/\/marglotexmodaf.co\/#website"},"primaryImageOfPage":{"@id":"https:\/\/marglotexmodaf.co\/index.php\/carrito\/#primaryimage"},"image":{"@id":"https:\/\/marglotexmodaf.co\/index.php\/carrito\/#primaryimage"},"thumbnailUrl":"https:\/\/marglotexmodaf.co\/wp-content\/uploads\/2025\/03\/BANER-CELULAR-CARRITO-1024x901.jpg","datePublished":"2023-10-11T17:20:09+00:00","dateModified":"2025-11-07T03:46:16+00:00","breadcrumb":{"@id":"https:\/\/marglotexmodaf.co\/index.php\/carrito\/#breadcrumb"},"inLanguage":"es-CO","potentialAction":[{"@type":"ReadAction","target":["https:\/\/marglotexmodaf.co\/index.php\/carrito\/"]}]},{"@type":"ImageObject","inLanguage":"es-CO","@id":"https:\/\/marglotexmodaf.co\/index.php\/carrito\/#primaryimage","url":"https:\/\/marglotexmodaf.co\/wp-content\/uploads\/2025\/03\/BANER-CELULAR-CARRITO.jpg","contentUrl":"https:\/\/marglotexmodaf.co\/wp-content\/uploads\/2025\/03\/BANER-CELULAR-CARRITO.jpg","width":1080,"height":950},{"@type":"BreadcrumbList","@id":"https:\/\/marglotexmodaf.co\/index.php\/carrito\/#breadcrumb","itemListElement":[{"@type":"ListItem","position":1,"name":"Inicio","item":"https:\/\/marglotexmodaf.co\/"},{"@type":"ListItem","position":2,"name":"Carrito"}]},{"@type":"WebSite","@id":"https:\/\/marglotexmodaf.co\/#website","url":"https:\/\/marglotexmodaf.co\/","name":"Marglotexmodaf.co","description":"","publisher":{"@id":"https:\/\/marglotexmodaf.co\/#organization"},"potentialAction":[{"@type":"SearchAction","target":{"@type":"EntryPoint","urlTemplate":"https:\/\/marglotexmodaf.co\/?s={search_term_string}"},"query-input":{"@type":"PropertyValueSpecification","valueRequired":true,"valueName":"search_term_string"}}],"inLanguage":"es-CO"},{"@type":"Organization","@id":"https:\/\/marglotexmodaf.co\/#organization","name":"Marglotexmodaf.co","url":"https:\/\/marglotexmodaf.co\/","logo":{"@type":"ImageObject","inLanguage":"es-CO","@id":"https:\/\/marglotexmodaf.co\/#\/schema\/logo\/image\/","url":"https:\/\/marglotexmodaf.co\/wp-content\/uploads\/2025\/01\/cropped-LOGO-Y-TEXTO-.jpg","contentUrl":"https:\/\/marglotexmodaf.co\/wp-content\/uploads\/2025\/01\/cropped-LOGO-Y-TEXTO-.jpg","width":1078,"height":433,"caption":"Marglotexmodaf.co"},"image":{"@id":"https:\/\/marglotexmodaf.co\/#\/schema\/logo\/image\/"}}]}},"_links":{"self":[{"href":"https:\/\/marglotexmodaf.co\/index.php\/wp-json\/wp\/v2\/pages\/849","targetHints":{"allow":["GET"]}}],"collection":[{"href":"https:\/\/marglotexmodaf.co\/index.php\/wp-json\/wp\/v2\/pages"}],"about":[{"href":"https:\/\/marglotexmodaf.co\/index.php\/wp-json\/wp\/v2\/types\/page"}],"author":[{"embeddable":true,"href":"https:\/\/marglotexmodaf.co\/index.php\/wp-json\/wp\/v2\/users\/1"}],"replies":[{"embeddable":true,"href":"https:\/\/marglotexmodaf.co\/index.php\/wp-json\/wp\/v2\/comments?post=849"}],"version-history":[{"count":16,"href":"https:\/\/marglotexmodaf.co\/index.php\/wp-json\/wp\/v2\/pages\/849\/revisions"}],"predecessor-version":[{"id":7766,"href":"https:\/\/marglotexmodaf.co\/index.php\/wp-json\/wp\/v2\/pages\/849\/revisions\/7766"}],"wp:attachment":[{"href":"https:\/\/marglotexmodaf.co\/index.php\/wp-json\/wp\/v2\/media?parent=849"}],"curies":[{"name":"wp","href":"https:\/\/api.w.org\/{rel}","templated":true}]}}