{"id":269,"date":"2023-09-05T15:34:17","date_gmt":"2023-09-05T15:34:17","guid":{"rendered":"https:\/\/marglotexmodaf.co\/?page_id=269"},"modified":"2025-07-30T18:33:49","modified_gmt":"2025-07-30T18:33:49","slug":"nosotros","status":"publish","type":"page","link":"https:\/\/marglotexmodaf.co\/index.php\/nosotros\/","title":{"rendered":"Nosotros"},"content":{"rendered":"\t\t<div data-elementor-type=\"wp-page\" data-elementor-id=\"269\" class=\"elementor elementor-269\" data-elementor-post-type=\"page\">\n\t\t\t\t\t\t<section class=\"elementor-section elementor-top-section elementor-element elementor-element-29d47b3 elementor-section-full_width elementor-section-height-default elementor-section-height-default\" data-id=\"29d47b3\" data-element_type=\"section\" data-e-type=\"section\" data-settings=\"{&quot;background_background&quot;:&quot;classic&quot;}\">\n\t\t\t\t\t\t<div class=\"elementor-container elementor-column-gap-no\">\n\t\t\t\t\t<div class=\"elementor-column elementor-col-100 elementor-top-column elementor-element elementor-element-b662fc2\" data-id=\"b662fc2\" data-element_type=\"column\" data-e-type=\"column\">\n\t\t\t<div class=\"elementor-widget-wrap elementor-element-populated\">\n\t\t\t\t\t\t<div class=\"elementor-element elementor-element-7f801f3 elementor-widget elementor-widget-image\" data-id=\"7f801f3\" data-element_type=\"widget\" data-e-type=\"widget\" data-widget_type=\"image.default\">\n\t\t\t\t<div class=\"elementor-widget-container\">\n\t\t\t\t\t\t\t\t\t\t\t\t\t\t\t<img fetchpriority=\"high\" decoding=\"async\" width=\"1024\" height=\"410\" src=\"https:\/\/marglotexmodaf.co\/wp-content\/uploads\/2025\/07\/NOSOTROS-1.4-1024x410.jpg\" class=\"attachment-large size-large wp-image-7771\" alt=\"\" srcset=\"https:\/\/marglotexmodaf.co\/wp-content\/uploads\/2025\/07\/NOSOTROS-1.4-1024x410.jpg 1024w, https:\/\/marglotexmodaf.co\/wp-content\/uploads\/2025\/07\/NOSOTROS-1.4-300x120.jpg 300w, https:\/\/marglotexmodaf.co\/wp-content\/uploads\/2025\/07\/NOSOTROS-1.4-768x307.jpg 768w, https:\/\/marglotexmodaf.co\/wp-content\/uploads\/2025\/07\/NOSOTROS-1.4-1536x614.jpg 1536w, https:\/\/marglotexmodaf.co\/wp-content\/uploads\/2025\/07\/NOSOTROS-1.4-1320x528.jpg 1320w, https:\/\/marglotexmodaf.co\/wp-content\/uploads\/2025\/07\/NOSOTROS-1.4-600x240.jpg 600w, https:\/\/marglotexmodaf.co\/wp-content\/uploads\/2025\/07\/NOSOTROS-1.4.jpg 2000w\" sizes=\"(max-width: 1024px) 100vw, 1024px\" \/>\t\t\t\t\t\t\t\t\t\t\t\t\t\t\t<\/div>\n\t\t\t\t<\/div>\n\t\t\t\t\t<\/div>\n\t\t<\/div>\n\t\t\t\t\t<\/div>\n\t\t<\/section>\n\t\t\t\t<section class=\"elementor-section elementor-top-section elementor-element elementor-element-9ed70e6 elementor-section-boxed elementor-section-height-default elementor-section-height-default\" data-id=\"9ed70e6\" data-element_type=\"section\" data-e-type=\"section\">\n\t\t\t\t\t\t<div class=\"elementor-container elementor-column-gap-default\">\n\t\t\t\t\t<div class=\"elementor-column elementor-col-50 elementor-top-column elementor-element elementor-element-0db5892\" data-id=\"0db5892\" data-element_type=\"column\" data-e-type=\"column\">\n\t\t\t<div class=\"elementor-widget-wrap elementor-element-populated\">\n\t\t\t\t\t\t<div class=\"elementor-element elementor-element-8aa3d6f elementor-widget elementor-widget-image\" data-id=\"8aa3d6f\" data-element_type=\"widget\" data-e-type=\"widget\" data-widget_type=\"image.default\">\n\t\t\t\t<div class=\"elementor-widget-container\">\n\t\t\t\t\t\t\t\t\t\t\t\t\t\t\t<img decoding=\"async\" width=\"1024\" height=\"901\" src=\"https:\/\/marglotexmodaf.co\/wp-content\/uploads\/2025\/07\/NOSOTROS-0.1-1024x901.jpg\" class=\"attachment-large size-large wp-image-7744\" alt=\"\" srcset=\"https:\/\/marglotexmodaf.co\/wp-content\/uploads\/2025\/07\/NOSOTROS-0.1-1024x901.jpg 1024w, https:\/\/marglotexmodaf.co\/wp-content\/uploads\/2025\/07\/NOSOTROS-0.1-300x264.jpg 300w, https:\/\/marglotexmodaf.co\/wp-content\/uploads\/2025\/07\/NOSOTROS-0.1-768x676.jpg 768w, https:\/\/marglotexmodaf.co\/wp-content\/uploads\/2025\/07\/NOSOTROS-0.1-600x528.jpg 600w, https:\/\/marglotexmodaf.co\/wp-content\/uploads\/2025\/07\/NOSOTROS-0.1.jpg 1080w\" sizes=\"(max-width: 1024px) 100vw, 1024px\" \/>\t\t\t\t\t\t\t\t\t\t\t\t\t\t\t<\/div>\n\t\t\t\t<\/div>\n\t\t\t\t\t<\/div>\n\t\t<\/div>\n\t\t\t\t<div class=\"elementor-column elementor-col-50 elementor-top-column elementor-element elementor-element-442b50d\" data-id=\"442b50d\" data-element_type=\"column\" data-e-type=\"column\">\n\t\t\t<div class=\"elementor-widget-wrap elementor-element-populated\">\n\t\t\t\t\t\t<div class=\"elementor-element elementor-element-17c4f04 elementor-widget elementor-widget-text-editor\" data-id=\"17c4f04\" data-element_type=\"widget\" data-e-type=\"widget\" data-widget_type=\"text-editor.default\">\n\t\t\t\t<div class=\"elementor-widget-container\">\n\t\t\t\t\t\t\t\t\t<h6 style=\"text-align: center;\">Margluxe Noir\u00a0\u00a0<\/h6><h4>Qui\u00e9nes somos<\/h4><hr \/><p>\u00a1Descubre nuestra empresa l\u00edder en moda femenina en Bogot\u00e1! Con m\u00e1s de cuatro a\u00f1os en el mercado electr\u00f3nico y m\u00e1s de 50 mil clientes a nivel nacional, nos hemos consolidado como una opci\u00f3n confiable y elegante para mujeres de todas partes del pa\u00eds. Nuestra amplia gama de prendas est\u00e1 cuidadosamente seleccionada para ofrecerte calidad, estilo y comodidad en cada compra. Desde vestidos para ocasiones especiales hasta prendas casuales para el d\u00eda a d\u00eda, tenemos todo lo que necesitas para lucir radiante en cualquier momento. \u00a1\u00danete a nuestra comunidad de moda hoy mismo y experimenta la diferencia!<\/p>\t\t\t\t\t\t\t\t<\/div>\n\t\t\t\t<\/div>\n\t\t\t\t\t<\/div>\n\t\t<\/div>\n\t\t\t\t\t<\/div>\n\t\t<\/section>\n\t\t\t\t<section class=\"elementor-section elementor-top-section elementor-element elementor-element-e2ac91e elementor-section-boxed elementor-section-height-default elementor-section-height-default\" data-id=\"e2ac91e\" data-element_type=\"section\" data-e-type=\"section\">\n\t\t\t\t\t\t<div class=\"elementor-container elementor-column-gap-default\">\n\t\t\t\t\t<div class=\"elementor-column elementor-col-100 elementor-top-column elementor-element elementor-element-31353a8\" data-id=\"31353a8\" data-element_type=\"column\" data-e-type=\"column\">\n\t\t\t<div class=\"elementor-widget-wrap elementor-element-populated\">\n\t\t\t\t\t\t<div class=\"elementor-element elementor-element-ff28e7f elementor-widget elementor-widget-text-editor\" data-id=\"ff28e7f\" data-element_type=\"widget\" data-e-type=\"widget\" data-widget_type=\"text-editor.default\">\n\t\t\t\t<div class=\"elementor-widget-container\">\n\t\t\t\t\t\t\t\t\t<h3 style=\"text-align: center;\">\u00bfPor qu\u00e9 elegirnos?<\/h3>\t\t\t\t\t\t\t\t<\/div>\n\t\t\t\t<\/div>\n\t\t\t\t\t<\/div>\n\t\t<\/div>\n\t\t\t\t\t<\/div>\n\t\t<\/section>\n\t\t\t\t<section class=\"elementor-section elementor-top-section elementor-element elementor-element-4a9063f elementor-section-boxed elementor-section-height-default elementor-section-height-default\" data-id=\"4a9063f\" data-element_type=\"section\" data-e-type=\"section\">\n\t\t\t\t\t\t<div class=\"elementor-container elementor-column-gap-default\">\n\t\t\t\t\t<div class=\"elementor-column elementor-col-100 elementor-top-column elementor-element elementor-element-b967057\" data-id=\"b967057\" data-element_type=\"column\" data-e-type=\"column\">\n\t\t\t<div class=\"elementor-widget-wrap elementor-element-populated\">\n\t\t\t\t\t\t<div class=\"elementor-element elementor-element-0a8051f elementor-widget elementor-widget-text-editor\" data-id=\"0a8051f\" data-element_type=\"widget\" data-e-type=\"widget\" data-widget_type=\"text-editor.default\">\n\t\t\t\t<div class=\"elementor-widget-container\">\n\t\t\t\t\t\t\t\t\t<p style=\"text-align: left;\"><span style=\"font-family: var(--global-body-font-family);\">Elige Margluxe Noir\u00a0 Moda Femenina porque somos m\u00e1s que una empresa de ropa: \u00a1<\/span><span style=\"color: #000000;\"><strong>somos creadores de tendencias<\/strong><\/span><span style=\"font-family: var(--global-body-font-family);\">! Con dise\u00f1os \u00fanicos y una atenci\u00f3n meticulosa a la calidad, te ofrecemos prendas que reflejan tu estilo y personalidad. Con m\u00e1s de cuatro a\u00f1os en el mercado y m\u00e1s de <\/span><span style=\"color: #000000;\"><strong>50 mil clientes<\/strong><\/span><span style=\"font-family: var(--global-body-font-family);\"> satisfechos en todo el pa\u00eds, nuestra reputaci\u00f3n habla por s\u00ed misma. Conf\u00eda en nosotros para mantenerte a la vanguardia de la moda femenina. <\/span><strong><span style=\"color: #000000;\">\u00a1\u00danete a la experiencia margluxe Noir y descubre tu estilo \u00fanico hoy mismos!<span style=\"font-family: var(--global-body-font-family);\">\u00a0\u00a0<\/span><\/span><\/strong><\/p><div class=\"react-scroll-to-bottom--css-hsqyp-1n7m0yu\"><div class=\"flex flex-col pb-9 text-sm\"><div class=\"w-full text-token-text-primary sm:AIPRM__conversation__response\" data-testid=\"conversation-turn-15\"><div class=\"px-4 py-2 justify-center text-base md:gap-6 m-auto\"><div class=\"flex flex-1 text-base mx-auto gap-3 md:px-5 lg:px-1 xl:px-5 md:max-w-3xl lg:max-w-[40rem] xl:max-w-[48rem] group final-completion\"><div class=\"relative flex w-full flex-col agent-turn\"><div class=\"flex-col gap-1 md:gap-3\"><div class=\"mt-1 flex justify-start gap-3 empty:hidden\"><div class=\"text-gray-400 flex self-end lg:self-center justify-center lg:justify-start mt-0 -ml-1 visible\">\u00a0<\/div><\/div><\/div><\/div><\/div><\/div><\/div><\/div><\/div>\t\t\t\t\t\t\t\t<\/div>\n\t\t\t\t<\/div>\n\t\t\t\t\t<\/div>\n\t\t<\/div>\n\t\t\t\t\t<\/div>\n\t\t<\/section>\n\t\t\t\t<\/div>\n\t\t","protected":false},"excerpt":{"rendered":"<p>Margluxe Noir\u00a0\u00a0 Qui\u00e9nes somos \u00a1Descubre nuestra empresa l\u00edder en moda femenina en Bogot\u00e1! Con m\u00e1s de cuatro a\u00f1os en el mercado electr\u00f3nico y m\u00e1s de 50 mil clientes a nivel nacional, nos hemos consolidado como una opci\u00f3n confiable y elegante para mujeres de todas partes del pa\u00eds. Nuestra amplia gama de prendas est\u00e1 cuidadosamente seleccionada&#8230;<\/p>\n","protected":false},"author":1,"featured_media":0,"parent":0,"menu_order":0,"comment_status":"closed","ping_status":"closed","template":"","meta":{"_kad_post_transparent":"","_kad_post_title":"hide","_kad_post_layout":"fullwidth","_kad_post_sidebar_id":"","_kad_post_content_style":"unboxed","_kad_post_vertical_padding":"hide","_kad_post_feature":"hide","_kad_post_feature_position":"","_kad_post_header":false,"_kad_post_footer":true,"_joinchat":[],"footnotes":""},"class_list":["post-269","page","type-page","status-publish","hentry"],"yoast_head":"<!-- This site is optimized with the Yoast SEO plugin v27.4 - https:\/\/yoast.com\/product\/yoast-seo-wordpress\/ -->\n<title>Nosotros - Marglotexmodaf.co<\/title>\n<meta name=\"description\" content=\"Descubre las \u00faltimas tendencias en ropa femenina, tu boutique en Rota. Ofrecemos prendas elegantes y de calidad que realzan tu estilo \u00fanico. Explora nuestra colecci\u00f3n online. \u00a1Te esperamos para ayudarte a encontrar tu pr\u00f3ximo look favorito!\" \/>\n<meta name=\"robots\" content=\"index, follow, max-snippet:-1, max-image-preview:large, max-video-preview:-1\" \/>\n<link rel=\"canonical\" href=\"https:\/\/marglotexmodaf.co\/index.php\/nosotros\/\" \/>\n<meta property=\"og:locale\" content=\"es_ES\" \/>\n<meta property=\"og:type\" content=\"article\" \/>\n<meta property=\"og:title\" content=\"Nosotros - Marglotexmodaf.co\" \/>\n<meta property=\"og:description\" content=\"Descubre las \u00faltimas tendencias en ropa femenina, tu boutique en Rota. Ofrecemos prendas elegantes y de calidad que realzan tu estilo \u00fanico. Explora nuestra colecci\u00f3n online. \u00a1Te esperamos para ayudarte a encontrar tu pr\u00f3ximo look favorito!\" \/>\n<meta property=\"og:url\" content=\"https:\/\/marglotexmodaf.co\/index.php\/nosotros\/\" \/>\n<meta property=\"og:site_name\" content=\"Marglotexmodaf.co\" \/>\n<meta property=\"article:modified_time\" content=\"2025-07-30T18:33:49+00:00\" \/>\n<meta property=\"og:image\" content=\"https:\/\/marglotexmodaf.co\/wp-content\/uploads\/2025\/07\/NOSOTROS-1.4.jpg\" \/>\n\t<meta property=\"og:image:width\" content=\"2000\" \/>\n\t<meta property=\"og:image:height\" content=\"800\" \/>\n\t<meta property=\"og:image:type\" content=\"image\/jpeg\" \/>\n<meta name=\"twitter:card\" content=\"summary_large_image\" \/>\n<meta name=\"twitter:label1\" content=\"Tiempo de lectura\" \/>\n\t<meta name=\"twitter:data1\" content=\"2 minutos\" \/>\n<script type=\"application\/ld+json\" class=\"yoast-schema-graph\">{\"@context\":\"https:\\\/\\\/schema.org\",\"@graph\":[{\"@type\":\"WebPage\",\"@id\":\"https:\\\/\\\/marglotexmodaf.co\\\/index.php\\\/nosotros\\\/\",\"url\":\"https:\\\/\\\/marglotexmodaf.co\\\/index.php\\\/nosotros\\\/\",\"name\":\"Nosotros - Marglotexmodaf.co\",\"isPartOf\":{\"@id\":\"https:\\\/\\\/marglotexmodaf.co\\\/#website\"},\"primaryImageOfPage\":{\"@id\":\"https:\\\/\\\/marglotexmodaf.co\\\/index.php\\\/nosotros\\\/#primaryimage\"},\"image\":{\"@id\":\"https:\\\/\\\/marglotexmodaf.co\\\/index.php\\\/nosotros\\\/#primaryimage\"},\"thumbnailUrl\":\"https:\\\/\\\/marglotexmodaf.co\\\/wp-content\\\/uploads\\\/2025\\\/07\\\/NOSOTROS-1.4-1024x410.jpg\",\"datePublished\":\"2023-09-05T15:34:17+00:00\",\"dateModified\":\"2025-07-30T18:33:49+00:00\",\"description\":\"Descubre las \u00faltimas tendencias en ropa femenina, tu boutique en Rota. Ofrecemos prendas elegantes y de calidad que realzan tu estilo \u00fanico. Explora nuestra colecci\u00f3n online. \u00a1Te esperamos para ayudarte a encontrar tu pr\u00f3ximo look favorito!\",\"breadcrumb\":{\"@id\":\"https:\\\/\\\/marglotexmodaf.co\\\/index.php\\\/nosotros\\\/#breadcrumb\"},\"inLanguage\":\"es-CO\",\"potentialAction\":[{\"@type\":\"ReadAction\",\"target\":[\"https:\\\/\\\/marglotexmodaf.co\\\/index.php\\\/nosotros\\\/\"]}]},{\"@type\":\"ImageObject\",\"inLanguage\":\"es-CO\",\"@id\":\"https:\\\/\\\/marglotexmodaf.co\\\/index.php\\\/nosotros\\\/#primaryimage\",\"url\":\"https:\\\/\\\/marglotexmodaf.co\\\/wp-content\\\/uploads\\\/2025\\\/07\\\/NOSOTROS-1.4.jpg\",\"contentUrl\":\"https:\\\/\\\/marglotexmodaf.co\\\/wp-content\\\/uploads\\\/2025\\\/07\\\/NOSOTROS-1.4.jpg\",\"width\":2000,\"height\":800},{\"@type\":\"BreadcrumbList\",\"@id\":\"https:\\\/\\\/marglotexmodaf.co\\\/index.php\\\/nosotros\\\/#breadcrumb\",\"itemListElement\":[{\"@type\":\"ListItem\",\"position\":1,\"name\":\"Inicio\",\"item\":\"https:\\\/\\\/marglotexmodaf.co\\\/\"},{\"@type\":\"ListItem\",\"position\":2,\"name\":\"Nosotros\"}]},{\"@type\":\"WebSite\",\"@id\":\"https:\\\/\\\/marglotexmodaf.co\\\/#website\",\"url\":\"https:\\\/\\\/marglotexmodaf.co\\\/\",\"name\":\"Marglotexmodaf.co\",\"description\":\"\",\"publisher\":{\"@id\":\"https:\\\/\\\/marglotexmodaf.co\\\/#organization\"},\"potentialAction\":[{\"@type\":\"SearchAction\",\"target\":{\"@type\":\"EntryPoint\",\"urlTemplate\":\"https:\\\/\\\/marglotexmodaf.co\\\/?s={search_term_string}\"},\"query-input\":{\"@type\":\"PropertyValueSpecification\",\"valueRequired\":true,\"valueName\":\"search_term_string\"}}],\"inLanguage\":\"es-CO\"},{\"@type\":\"Organization\",\"@id\":\"https:\\\/\\\/marglotexmodaf.co\\\/#organization\",\"name\":\"Marglotexmodaf.co\",\"url\":\"https:\\\/\\\/marglotexmodaf.co\\\/\",\"logo\":{\"@type\":\"ImageObject\",\"inLanguage\":\"es-CO\",\"@id\":\"https:\\\/\\\/marglotexmodaf.co\\\/#\\\/schema\\\/logo\\\/image\\\/\",\"url\":\"https:\\\/\\\/marglotexmodaf.co\\\/wp-content\\\/uploads\\\/2025\\\/01\\\/cropped-LOGO-Y-TEXTO-.jpg\",\"contentUrl\":\"https:\\\/\\\/marglotexmodaf.co\\\/wp-content\\\/uploads\\\/2025\\\/01\\\/cropped-LOGO-Y-TEXTO-.jpg\",\"width\":1078,\"height\":433,\"caption\":\"Marglotexmodaf.co\"},\"image\":{\"@id\":\"https:\\\/\\\/marglotexmodaf.co\\\/#\\\/schema\\\/logo\\\/image\\\/\"}}]}<\/script>\n<!-- \/ Yoast SEO plugin. -->","yoast_head_json":{"title":"Nosotros - Marglotexmodaf.co","description":"Descubre las \u00faltimas tendencias en ropa femenina, tu boutique en Rota. Ofrecemos prendas elegantes y de calidad que realzan tu estilo \u00fanico. Explora nuestra colecci\u00f3n online. \u00a1Te esperamos para ayudarte a encontrar tu pr\u00f3ximo look favorito!","robots":{"index":"index","follow":"follow","max-snippet":"max-snippet:-1","max-image-preview":"max-image-preview:large","max-video-preview":"max-video-preview:-1"},"canonical":"https:\/\/marglotexmodaf.co\/index.php\/nosotros\/","og_locale":"es_ES","og_type":"article","og_title":"Nosotros - Marglotexmodaf.co","og_description":"Descubre las \u00faltimas tendencias en ropa femenina, tu boutique en Rota. Ofrecemos prendas elegantes y de calidad que realzan tu estilo \u00fanico. Explora nuestra colecci\u00f3n online. \u00a1Te esperamos para ayudarte a encontrar tu pr\u00f3ximo look favorito!","og_url":"https:\/\/marglotexmodaf.co\/index.php\/nosotros\/","og_site_name":"Marglotexmodaf.co","article_modified_time":"2025-07-30T18:33:49+00:00","og_image":[{"width":2000,"height":800,"url":"https:\/\/marglotexmodaf.co\/wp-content\/uploads\/2025\/07\/NOSOTROS-1.4.jpg","type":"image\/jpeg"}],"twitter_card":"summary_large_image","twitter_misc":{"Tiempo de lectura":"2 minutos"},"schema":{"@context":"https:\/\/schema.org","@graph":[{"@type":"WebPage","@id":"https:\/\/marglotexmodaf.co\/index.php\/nosotros\/","url":"https:\/\/marglotexmodaf.co\/index.php\/nosotros\/","name":"Nosotros - Marglotexmodaf.co","isPartOf":{"@id":"https:\/\/marglotexmodaf.co\/#website"},"primaryImageOfPage":{"@id":"https:\/\/marglotexmodaf.co\/index.php\/nosotros\/#primaryimage"},"image":{"@id":"https:\/\/marglotexmodaf.co\/index.php\/nosotros\/#primaryimage"},"thumbnailUrl":"https:\/\/marglotexmodaf.co\/wp-content\/uploads\/2025\/07\/NOSOTROS-1.4-1024x410.jpg","datePublished":"2023-09-05T15:34:17+00:00","dateModified":"2025-07-30T18:33:49+00:00","description":"Descubre las \u00faltimas tendencias en ropa femenina, tu boutique en Rota. Ofrecemos prendas elegantes y de calidad que realzan tu estilo \u00fanico. Explora nuestra colecci\u00f3n online. \u00a1Te esperamos para ayudarte a encontrar tu pr\u00f3ximo look favorito!","breadcrumb":{"@id":"https:\/\/marglotexmodaf.co\/index.php\/nosotros\/#breadcrumb"},"inLanguage":"es-CO","potentialAction":[{"@type":"ReadAction","target":["https:\/\/marglotexmodaf.co\/index.php\/nosotros\/"]}]},{"@type":"ImageObject","inLanguage":"es-CO","@id":"https:\/\/marglotexmodaf.co\/index.php\/nosotros\/#primaryimage","url":"https:\/\/marglotexmodaf.co\/wp-content\/uploads\/2025\/07\/NOSOTROS-1.4.jpg","contentUrl":"https:\/\/marglotexmodaf.co\/wp-content\/uploads\/2025\/07\/NOSOTROS-1.4.jpg","width":2000,"height":800},{"@type":"BreadcrumbList","@id":"https:\/\/marglotexmodaf.co\/index.php\/nosotros\/#breadcrumb","itemListElement":[{"@type":"ListItem","position":1,"name":"Inicio","item":"https:\/\/marglotexmodaf.co\/"},{"@type":"ListItem","position":2,"name":"Nosotros"}]},{"@type":"WebSite","@id":"https:\/\/marglotexmodaf.co\/#website","url":"https:\/\/marglotexmodaf.co\/","name":"Marglotexmodaf.co","description":"","publisher":{"@id":"https:\/\/marglotexmodaf.co\/#organization"},"potentialAction":[{"@type":"SearchAction","target":{"@type":"EntryPoint","urlTemplate":"https:\/\/marglotexmodaf.co\/?s={search_term_string}"},"query-input":{"@type":"PropertyValueSpecification","valueRequired":true,"valueName":"search_term_string"}}],"inLanguage":"es-CO"},{"@type":"Organization","@id":"https:\/\/marglotexmodaf.co\/#organization","name":"Marglotexmodaf.co","url":"https:\/\/marglotexmodaf.co\/","logo":{"@type":"ImageObject","inLanguage":"es-CO","@id":"https:\/\/marglotexmodaf.co\/#\/schema\/logo\/image\/","url":"https:\/\/marglotexmodaf.co\/wp-content\/uploads\/2025\/01\/cropped-LOGO-Y-TEXTO-.jpg","contentUrl":"https:\/\/marglotexmodaf.co\/wp-content\/uploads\/2025\/01\/cropped-LOGO-Y-TEXTO-.jpg","width":1078,"height":433,"caption":"Marglotexmodaf.co"},"image":{"@id":"https:\/\/marglotexmodaf.co\/#\/schema\/logo\/image\/"}}]}},"_links":{"self":[{"href":"https:\/\/marglotexmodaf.co\/index.php\/wp-json\/wp\/v2\/pages\/269","targetHints":{"allow":["GET"]}}],"collection":[{"href":"https:\/\/marglotexmodaf.co\/index.php\/wp-json\/wp\/v2\/pages"}],"about":[{"href":"https:\/\/marglotexmodaf.co\/index.php\/wp-json\/wp\/v2\/types\/page"}],"author":[{"embeddable":true,"href":"https:\/\/marglotexmodaf.co\/index.php\/wp-json\/wp\/v2\/users\/1"}],"replies":[{"embeddable":true,"href":"https:\/\/marglotexmodaf.co\/index.php\/wp-json\/wp\/v2\/comments?post=269"}],"version-history":[{"count":125,"href":"https:\/\/marglotexmodaf.co\/index.php\/wp-json\/wp\/v2\/pages\/269\/revisions"}],"predecessor-version":[{"id":7774,"href":"https:\/\/marglotexmodaf.co\/index.php\/wp-json\/wp\/v2\/pages\/269\/revisions\/7774"}],"wp:attachment":[{"href":"https:\/\/marglotexmodaf.co\/index.php\/wp-json\/wp\/v2\/media?parent=269"}],"curies":[{"name":"wp","href":"https:\/\/api.w.org\/{rel}","templated":true}]}}